{"id":40211,"date":"2023-05-20T19:47:41","date_gmt":"2023-05-20T17:47:41","guid":{"rendered":"https:\/\/staging6.peach-pump.com\/products\/dvojdielna-suprava-v-bezovej-farbe-na-prechadzky-a-sport\/"},"modified":"2024-08-28T12:55:12","modified_gmt":"2024-08-28T10:55:12","slug":"suprava-z-dvoch-dielov-bezova","status":"publish","type":"product","link":"https:\/\/staging6.peach-pump.com\/sk\/products\/suprava-z-dvoch-dielov-bezova\/","title":{"rendered":"Dvojdielna s\u00faprava v b\u00e9\u017eovej farbe na prech\u00e1dzky a \u0161port"},"content":{"rendered":"<p>B\u00e9\u017eov\u00e1 dvojdielna s\u00faprava s leg\u00ednami typu Charleston bez\u0161vov\u00e9 vpredu, tvaruje telo a modeluje siluetu, predl\u017euje nohy a spev\u0148uje p\u00e1s. Ve\u013emi m\u00f3dna a efektn\u00e1 pre t\u00fato sez\u00f3nu. V kombin\u00e1cii s podprsenkou v rovnakej farbe. Pon\u00fakame v\u00e1m na v\u00fdber z dvoch mo\u017enost\u00ed s jedn\u00fdm ramienkom alebo nastavite\u013en\u00fdmi ramienkami na chrbte. Nech si vyberiete ktor\u00fdko\u013evek z t\u00fdchto dvoch modelov, nezostanete nepov\u0161imnut\u00e1. \u0160portov\u00e1 s\u00faprava je vyroben\u00e1 z jemnej ripstopovej tkaniny, ktor\u00e1 je ve\u013emi elastick\u00e1 a priedu\u0161n\u00e1, neumo\u017e\u0148uje potenie. S t\u00fdmto modelom budete ma\u0165 \u00fapln\u00fa vo\u013enos\u0165 pohybu.<\/p>\n<p>Podprsenka:<\/p>\n<ul>\n<li>Ripstopov\u00e1 tkanina<\/li>\n<li>Tepelne vytla\u010den\u00e9 logo &#8220;Peach Pump&#8221; na \u013eavej prednej strane pdoprsenky<\/li>\n<li>Ve\u013ek\u00e1 pru\u017enos\u0165<\/li>\n<li>Bez\u0161vov\u00e1 ripstopov\u00e1 tkanina<\/li>\n<li>Vypch\u00e1vky, ktor\u00e9 sa daj\u00fa odstr\u00e1ni\u0165.<\/li>\n<li>Nastavite\u013en\u00e9 ramienka na chrbte<\/li>\n<\/ul>\n<p>Leg\u00edny:<\/p>\n<ul>\n<li>\u0160irok\u00e9 nohavice typu Charleston s rozparkami v spodnej \u010dasti<\/li>\n<li>Bez\u0161vov\u00e9 vpredu<\/li>\n<li>Tvaruj\u00fa a zakr\u00fdvaj\u00fa problematick\u00fa oblas\u0165<\/li>\n<li>Elastick\u00e1 tkanina<\/li>\n<li>Bez Peachy efektu<\/li>\n<li>Tepelne vytla\u010den\u00e9 Peach Pump logo na zadnej strane leg\u00edn<\/li>\n<li>Tkanina, ktor\u00e1 odv\u00e1dza vlhkos\u0165 od tela<\/li>\n<li>Zauj\u00edmav\u00fd dizajn<\/li>\n<li>Vysok\u00fd p\u00e1s<\/li>\n<\/ul>\n<p>Zlo\u017eenie: 80% polyester, 20% spandex<\/p>\n<p>Modelka na obr\u00e1zku je vysok\u00e1 178 cm, v\u00e1\u017ei 54 kg a p\u00f3zuje vo ve\u013ekosti M pre podprsenku a leg\u00edny.<\/p>\n<p>Leg\u00edny a podprsenku mo\u017eno pra\u0165 pri teplote do 30\u00b0 C, nepou\u017e\u00edvajte bielidl\u00e1 ani chemick\u00e9 \u010distenie.<\/p>\n","protected":false},"excerpt":{"rendered":"<p>B\u00e9\u017eov\u00e1 dvojdielna s\u00faprava s leg\u00ednami typu Charleston bez\u0161vov\u00e9 vpredu, tvaruje telo a modeluje siluetu, predl\u017euje nohy a spev\u0148uje p\u00e1s. Ve\u013emi m\u00f3dna a efektn\u00e1 pre t\u00fato sez\u00f3nu. V kombin\u00e1cii s podprsenkou v rovnakej farbe. Pon\u00fakame v\u00e1m na v\u00fdber z dvoch mo\u017enost\u00ed s jedn\u00fdm ramienkom alebo nastavite\u013en\u00fdmi ramienkami na chrbte. Nech si vyberiete ktor\u00fdko\u013evek z t\u00fdchto dvoch [&hellip;]<\/p>\n","protected":false},"featured_media":39347,"comment_status":"open","ping_status":"closed","template":"","meta":[],"product_brand":[],"product_cat":[372,374],"product_tag":[],"class_list":{"0":"post-40211","1":"product","2":"type-product","3":"status-publish","4":"has-post-thumbnail","6":"product_cat-sportov-sety","7":"product_cat-sportove-supravy-s-leginami","8":"pa_cviat-bezove-sk","9":"pa_razmer-m-sk-2","10":"pa_razmer-s-sk-2","11":"inventories-world","12":"inventories-uk","14":"first","15":"instock","16":"virtual","17":"taxable","18":"purchasable","19":"product-type-yith_bundle"},"_links":{"self":[{"href":"https:\/\/staging6.peach-pump.com\/en\/wp-json\/wp\/v2\/product\/40211","targetHints":{"allow":["GET"]}}],"collection":[{"href":"https:\/\/staging6.peach-pump.com\/en\/wp-json\/wp\/v2\/product"}],"about":[{"href":"https:\/\/staging6.peach-pump.com\/en\/wp-json\/wp\/v2\/types\/product"}],"replies":[{"embeddable":true,"href":"https:\/\/staging6.peach-pump.com\/en\/wp-json\/wp\/v2\/comments?post=40211"}],"version-history":[{"count":0,"href":"https:\/\/staging6.peach-pump.com\/en\/wp-json\/wp\/v2\/product\/40211\/revisions"}],"wp:featuredmedia":[{"embeddable":true,"href":"https:\/\/staging6.peach-pump.com\/en\/wp-json\/wp\/v2\/media\/39347"}],"wp:attachment":[{"href":"https:\/\/staging6.peach-pump.com\/en\/wp-json\/wp\/v2\/media?parent=40211"}],"wp:term":[{"taxonomy":"product_brand","embeddable":true,"href":"https:\/\/staging6.peach-pump.com\/en\/wp-json\/wp\/v2\/product_brand?post=40211"},{"taxonomy":"product_cat","embeddable":true,"href":"https:\/\/staging6.peach-pump.com\/en\/wp-json\/wp\/v2\/product_cat?post=40211"},{"taxonomy":"product_tag","embeddable":true,"href":"https:\/\/staging6.peach-pump.com\/en\/wp-json\/wp\/v2\/product_tag?post=40211"}],"curies":[{"name":"wp","href":"https:\/\/api.w.org\/{rel}","templated":true}]}}