{"id":40255,"date":"2023-05-14T12:28:02","date_gmt":"2023-05-14T10:28:02","guid":{"rendered":"https:\/\/staging6.peach-pump.com\/products\/biela-sportova-mikina-so-zipsom\/"},"modified":"2025-11-05T09:52:06","modified_gmt":"2025-11-05T07:52:06","slug":"biela-sportova-mikina-so-zipsom","status":"publish","type":"product","link":"https:\/\/staging6.peach-pump.com\/sk\/products\/biela-sportova-mikina-so-zipsom\/","title":{"rendered":"Biela \u0161portov\u00e1 mikina so zipsom"},"content":{"rendered":"<p>Biela \u0161portov\u00e1 mikina na zips z m\u00e4kkej ripstopovej tkaniny s otvormi na palce. Mikina m\u00e1 dvojit\u00fd zips, d\u00e1 sa pou\u017ei\u0165 aj ako vrchn\u00fd odev. Je vhodn\u00fd na kondi\u010dn\u00fd tr\u00e9ning, jogu, tenis a prech\u00e1dzky. Fl\u00eds, z ktor\u00e9ho je vyroben\u00e1, je priedu\u0161n\u00fd a nezanech\u00e1va stopy potu, s t\u00fdmto modelom sa budete c\u00edti\u0165 pohodlne a sebaisto.  <\/p>\n<ul>\n<li>Ripstopov\u00e1 tkanina<\/li>\n<li>Dvojit\u00fd zips<\/li>\n<li>Ve\u013ek\u00e1 pru\u017enos\u0165<\/li>\n<li>Tepelne vytla\u010den\u00e9 logo Peach Pump v prednej \u010dasti topu.<\/li>\n<li>Technol\u00f3gia odstra\u0148ovania potu<\/li>\n<\/ul>\n<p>  Zlo\u017eenie: 80% polyester 20% spandex Bl\u00fazku mo\u017eno pra\u0165 pri teplote do 30 stup\u0148ov, pros\u00edm, nebielte ani ne\u010distite chemicky. Modelka na obr\u00e1zku je vysok\u00e1 178 cm, v\u00e1\u017ei 54 kg a p\u00f3zuje vo ve\u013ekosti S. Na v\u00fdber presnej ve\u013ekosti pou\u017eite pros\u00edm tabu\u013eku ve\u013ekost\u00ed. S prsia 80-90cm M prsia 90-100cm L prsia 100-110cm<\/p>\n","protected":false},"excerpt":{"rendered":"<p>Biela \u0161portov\u00e1 mikina na zips z m\u00e4kkej ripstopovej tkaniny s otvormi na palce. Mikina m\u00e1 dvojit\u00fd zips, d\u00e1 sa pou\u017ei\u0165 aj ako vrchn\u00fd odev. Je vhodn\u00fd na kondi\u010dn\u00fd tr\u00e9ning, jogu, tenis a prech\u00e1dzky. Fl\u00eds, z ktor\u00e9ho je vyroben\u00e1, je priedu\u0161n\u00fd a nezanech\u00e1va stopy potu, s t\u00fdmto modelom sa budete c\u00edti\u0165 pohodlne a sebaisto. Ripstopov\u00e1 tkanina [&hellip;]<\/p>\n","protected":false},"featured_media":111184,"comment_status":"open","ping_status":"closed","template":"","meta":[],"product_brand":[],"product_cat":[370],"product_tag":[],"class_list":{"0":"post-40255","1":"product","2":"type-product","3":"status-publish","4":"has-post-thumbnail","6":"product_cat-damske-sportove-bluzky","7":"pa_cviat-biely-sk","8":"pa_razmer-l-sk","9":"pa_razmer-m-sk-2","10":"pa_razmer-s-sk-2","11":"inventories-world","12":"inventories-uk","14":"first","15":"instock","16":"taxable","17":"shipping-taxable","18":"purchasable","19":"product-type-variable"},"_links":{"self":[{"href":"https:\/\/staging6.peach-pump.com\/en\/wp-json\/wp\/v2\/product\/40255","targetHints":{"allow":["GET"]}}],"collection":[{"href":"https:\/\/staging6.peach-pump.com\/en\/wp-json\/wp\/v2\/product"}],"about":[{"href":"https:\/\/staging6.peach-pump.com\/en\/wp-json\/wp\/v2\/types\/product"}],"replies":[{"embeddable":true,"href":"https:\/\/staging6.peach-pump.com\/en\/wp-json\/wp\/v2\/comments?post=40255"}],"version-history":[{"count":0,"href":"https:\/\/staging6.peach-pump.com\/en\/wp-json\/wp\/v2\/product\/40255\/revisions"}],"wp:featuredmedia":[{"embeddable":true,"href":"https:\/\/staging6.peach-pump.com\/en\/wp-json\/wp\/v2\/media\/111184"}],"wp:attachment":[{"href":"https:\/\/staging6.peach-pump.com\/en\/wp-json\/wp\/v2\/media?parent=40255"}],"wp:term":[{"taxonomy":"product_brand","embeddable":true,"href":"https:\/\/staging6.peach-pump.com\/en\/wp-json\/wp\/v2\/product_brand?post=40255"},{"taxonomy":"product_cat","embeddable":true,"href":"https:\/\/staging6.peach-pump.com\/en\/wp-json\/wp\/v2\/product_cat?post=40255"},{"taxonomy":"product_tag","embeddable":true,"href":"https:\/\/staging6.peach-pump.com\/en\/wp-json\/wp\/v2\/product_tag?post=40255"}],"curies":[{"name":"wp","href":"https:\/\/api.w.org\/{rel}","templated":true}]}}