{"id":41461,"date":"2023-06-03T19:37:45","date_gmt":"2023-06-03T17:37:45","guid":{"rendered":"https:\/\/staging6.peach-pump.com\/products\/ruzova-siltovka-peach-pump\/"},"modified":"2025-08-25T11:12:24","modified_gmt":"2025-08-25T09:12:24","slug":"svetlo-ruzova-siltovka-peach-pump","status":"publish","type":"product","link":"https:\/\/staging6.peach-pump.com\/sk\/products\/svetlo-ruzova-siltovka-peach-pump\/","title":{"rendered":"Svetoru\u017eov\u00e1 \u0161iltovka Peach Pump"},"content":{"rendered":"<p>Skombinujte svoje ob\u013e\u00faben\u00e9 leg\u00edny a podprsenku so svetloru\u017eovou \u0161iltovkou Peach Pump. V hor\u00facich letn\u00fdch mesiacoch bude dokonal\u00fdm doplnkom v\u00e1\u0161ho vzh\u013eadu a z\u00e1rove\u0148 ochr\u00e1ni va\u0161u tv\u00e1r pred ostr\u00fdm slnkom. \u0160iltovka m\u00e1 efektn\u00fd vy\u0161\u00edvan\u00fd trojrozmern\u00fd dizajn s bielym logom a ru\u017eov\u00fdm lemom a motiva\u010dn\u00fdm odkazom : &#8220;I am doing this for me&#8221;. \u0160iltovka je nastavite\u013en\u00e1 s kovov\u00fdm zap\u00ednan\u00edm a \u0161ilt je zakriven\u00fd. Bu\u010fte \u0161t\u00fdlov\u00e1 a odli\u0161n\u00e1 s t\u00fdmto dokonal\u00fdm doplnkom v\u00e1\u0161ho \u0161portov\u00e9ho oble\u010denia.<\/p>\n","protected":false},"excerpt":{"rendered":"<p>Skombinujte svoje ob\u013e\u00faben\u00e9 leg\u00edny a podprsenku so svetloru\u017eovou \u0161iltovkou Peach Pump. V hor\u00facich letn\u00fdch mesiacoch bude dokonal\u00fdm doplnkom v\u00e1\u0161ho vzh\u013eadu a z\u00e1rove\u0148 ochr\u00e1ni va\u0161u tv\u00e1r pred ostr\u00fdm slnkom. \u0160iltovka m\u00e1 efektn\u00fd vy\u0161\u00edvan\u00fd trojrozmern\u00fd dizajn s bielym logom a ru\u017eov\u00fdm lemom a motiva\u010dn\u00fdm odkazom : &#8220;I am doing this for me&#8221;. \u0160iltovka je nastavite\u013en\u00e1 s kovov\u00fdm [&hellip;]<\/p>\n","protected":false},"featured_media":41119,"comment_status":"open","ping_status":"closed","template":"","meta":[],"product_brand":[],"product_cat":[782],"product_tag":[],"class_list":{"0":"post-41461","1":"product","2":"type-product","3":"status-publish","4":"has-post-thumbnail","6":"product_cat-doplnky","7":"pa_cviat-svetlo-ruzova","8":"pa_razmer-jedna-velkost","9":"inventories-world","10":"inventories-uk","12":"first","13":"instock","14":"taxable","15":"shipping-taxable","16":"purchasable","17":"product-type-variable","18":"has-default-attributes"},"_links":{"self":[{"href":"https:\/\/staging6.peach-pump.com\/sk\/wp-json\/wp\/v2\/product\/41461","targetHints":{"allow":["GET"]}}],"collection":[{"href":"https:\/\/staging6.peach-pump.com\/sk\/wp-json\/wp\/v2\/product"}],"about":[{"href":"https:\/\/staging6.peach-pump.com\/sk\/wp-json\/wp\/v2\/types\/product"}],"replies":[{"embeddable":true,"href":"https:\/\/staging6.peach-pump.com\/sk\/wp-json\/wp\/v2\/comments?post=41461"}],"version-history":[{"count":0,"href":"https:\/\/staging6.peach-pump.com\/sk\/wp-json\/wp\/v2\/product\/41461\/revisions"}],"wp:featuredmedia":[{"embeddable":true,"href":"https:\/\/staging6.peach-pump.com\/sk\/wp-json\/wp\/v2\/media\/41119"}],"wp:attachment":[{"href":"https:\/\/staging6.peach-pump.com\/sk\/wp-json\/wp\/v2\/media?parent=41461"}],"wp:term":[{"taxonomy":"product_brand","embeddable":true,"href":"https:\/\/staging6.peach-pump.com\/sk\/wp-json\/wp\/v2\/product_brand?post=41461"},{"taxonomy":"product_cat","embeddable":true,"href":"https:\/\/staging6.peach-pump.com\/sk\/wp-json\/wp\/v2\/product_cat?post=41461"},{"taxonomy":"product_tag","embeddable":true,"href":"https:\/\/staging6.peach-pump.com\/sk\/wp-json\/wp\/v2\/product_tag?post=41461"}],"curies":[{"name":"wp","href":"https:\/\/api.w.org\/{rel}","templated":true}]}}