{"id":63359,"date":"2023-12-12T19:52:49","date_gmt":"2023-12-12T17:52:49","guid":{"rendered":"https:\/\/staging6.peach-pump.com\/products\/%d0%b2%d0%b0%d1%82%d0%b8%d1%80%d0%b0%d0%bd-%d1%81%d1%83%d0%b8%d1%82%d1%87%d1%8a%d1%80-%d1%81-%d0%ba%d0%b0%d1%87%d1%83%d0%bb%d0%ba%d0%b0-hoodie-%d0%b2-%d1%80%d0%be%d0%b7%d0%be%d0%b2\/"},"modified":"2025-10-08T15:30:56","modified_gmt":"2025-10-08T13:30:56","slug":"presivana-mikina-ruzova","status":"publish","type":"product","link":"https:\/\/staging6.peach-pump.com\/sk\/products\/presivana-mikina-ruzova\/","title":{"rendered":"Pre\u0161\u00edvan\u00e1 mikina s kapuc\u0148ou, &#8220;Hoodie&#8221;, v ru\u017eovej farbe"},"content":{"rendered":"<p>\u0160portov\u00e1 pre\u0161\u00edvan\u00e1 mikina s kapuc\u0148ou, &#8220;hoodie&#8221; a klokan\u00edm predn\u00fdm vreckom v ru\u017eovej farbe. Vyroben\u00e9 z 80 % bavlny s m\u00e4kkou pre\u0161\u00edvanou vn\u00fatornou pod\u0161\u00edvkou. Tento model mikiny m\u00e1 predn\u00fa 3D potla\u010d &#8220;Peach Pump&#8221; vystu\u017een\u00fa z vn\u00fatornej strany kv\u00f4li odolnosti. Pros\u00edme, neodstra\u0148ujte vystu\u017euj\u00facu tkaninu ani ne\u017eehlite potla\u010d. Mikina m\u00e1 spadnut\u00e9 ruk\u00e1vy a v\u00fd\u0161ivku na jednom ruk\u00e1ve. Modern\u00fd vo\u013en\u00fd strih pre v\u00e4\u010d\u0161ie pohodlie a vo\u013enos\u0165 pohybu. M\u00e1 ve\u013ek\u00fa kapuc\u0148u s pogumovan\u00fdm logom &#8220;Peach Pump&#8221; na zadnej strane.<\/p>\n<p>Uv\u00edtajte pohodlie a m\u00e4kk\u00fd pocit s t\u00fdmto modelom mikiny.<\/p>\n<ul>\n<li>Vo\u013en\u00fd strih<\/li>\n<li>Padnut\u00e9 rameno<\/li>\n<li>3D podtla\u010d &#8220;Peach Pump&#8221;<\/li>\n<li>Mikina s kapuc\u0148ou s pogumovan\u00fdm logom &#8220;Peach Pump&#8221;<\/li>\n<li>Vy\u0161\u00edvan\u00fd n\u00e1pis na ruk\u00e1ve<\/li>\n<li>Predn\u00e9 klokanie vrecko<\/li>\n<li>M\u00e4kk\u00e1 vn\u00fatorn\u00e1 pod\u0161\u00edvka<\/li>\n<li>Ripstopov\u00e9 okraje na ruk\u00e1voch a spodnej \u010dasti mikiny<\/li>\n<\/ul>\n<p>Zlo\u017eenie: 80% bavlna, 20% polyester.<\/p>\n<p>Mikinu je mo\u017en\u00e9 pra\u0165 v pr\u00e1\u010dke v studenej vode, pri n\u00edzkom odstre\u010fovan\u00ed a bez bielenia, potla\u010d ne\u017eehlite.<\/p>\n<p>Modelka na obr\u00e1zku je vysok\u00e1 174 cm a v\u00e1\u017ei 52 kg. p\u00f3zovanie vo ve\u013ekosti L.<\/p>\n<p>Pre presnej\u0161\u00ed v\u00fdber ve\u013ekosti pou\u017eite tabu\u013eku.<\/p>\n<p><a href=\"https:\/\/staging6.peach-pump.com\/wp-content\/uploads\/2023\/12\/IMG_2059-300x300.png\"><img loading=\"lazy\" decoding=\"async\" class=\"alignnone size-medium wp-image-62124\" src=\"https:\/\/staging6.peach-pump.com\/wp-content\/uploads\/2023\/12\/IMG_2059-300x300.png\" alt=\"Tabu\u013eka ve\u013ekost\u00ed mikiny Peach Pump\" width=\"300\" height=\"300\" srcset=\"https:\/\/staging6.peach-pump.com\/wp-content\/uploads\/2023\/12\/IMG_2059-300x300.png 300w, https:\/\/staging6.peach-pump.com\/wp-content\/uploads\/2023\/12\/IMG_2059-480x480.png 480w, https:\/\/staging6.peach-pump.com\/wp-content\/uploads\/2023\/12\/IMG_2059-1000x1000.png 1000w, https:\/\/staging6.peach-pump.com\/wp-content\/uploads\/2023\/12\/IMG_2059-800x800.png 800w, https:\/\/staging6.peach-pump.com\/wp-content\/uploads\/2023\/12\/IMG_2059-150x150.png 150w, https:\/\/staging6.peach-pump.com\/wp-content\/uploads\/2023\/12\/IMG_2059-768x768.png 768w, https:\/\/staging6.peach-pump.com\/wp-content\/uploads\/2023\/12\/IMG_2059-990x990.png 990w, https:\/\/staging6.peach-pump.com\/wp-content\/uploads\/2023\/12\/IMG_2059-441x441.png 441w, https:\/\/staging6.peach-pump.com\/wp-content\/uploads\/2023\/12\/IMG_2059-100x100.png 100w, https:\/\/staging6.peach-pump.com\/wp-content\/uploads\/2023\/12\/IMG_2059-64x64.png 64w, https:\/\/staging6.peach-pump.com\/wp-content\/uploads\/2023\/12\/IMG_2059.png 1080w\" sizes=\"auto, (max-width: 300px) 100vw, 300px\" \/><\/a><\/p>\n","protected":false},"excerpt":{"rendered":"<p>\u0160portov\u00e1 pre\u0161\u00edvan\u00e1 mikina s kapuc\u0148ou, &#8220;hoodie&#8221; a klokan\u00edm predn\u00fdm vreckom v ru\u017eovej farbe. Vyroben\u00e9 z 80 % bavlny s m\u00e4kkou pre\u0161\u00edvanou vn\u00fatornou pod\u0161\u00edvkou. Tento model mikiny m\u00e1 predn\u00fa 3D potla\u010d &#8220;Peach Pump&#8221; vystu\u017een\u00fa z vn\u00fatornej strany kv\u00f4li odolnosti. Pros\u00edme, neodstra\u0148ujte vystu\u017euj\u00facu tkaninu ani ne\u017eehlite potla\u010d. Mikina m\u00e1 spadnut\u00e9 ruk\u00e1vy a v\u00fd\u0161ivku na jednom ruk\u00e1ve. Modern\u00fd [&hellip;]<\/p>\n","protected":false},"featured_media":62360,"comment_status":"open","ping_status":"closed","template":"","meta":[],"product_brand":[],"product_cat":[370,1121],"product_tag":[],"class_list":{"0":"post-63359","1":"product","2":"type-product","3":"status-publish","4":"has-post-thumbnail","6":"product_cat-damske-sportove-bluzky","7":"product_cat-damske-mikiny-a-hoodies","8":"pa_cviat-ruzovo","9":"pa_razmer-l-sk","10":"pa_razmer-m-sk-2","11":"inventories-world","12":"inventories-uk","14":"first","15":"instock","16":"taxable","17":"shipping-taxable","18":"purchasable","19":"product-type-variable"},"_links":{"self":[{"href":"https:\/\/staging6.peach-pump.com\/sk\/wp-json\/wp\/v2\/product\/63359","targetHints":{"allow":["GET"]}}],"collection":[{"href":"https:\/\/staging6.peach-pump.com\/sk\/wp-json\/wp\/v2\/product"}],"about":[{"href":"https:\/\/staging6.peach-pump.com\/sk\/wp-json\/wp\/v2\/types\/product"}],"replies":[{"embeddable":true,"href":"https:\/\/staging6.peach-pump.com\/sk\/wp-json\/wp\/v2\/comments?post=63359"}],"version-history":[{"count":0,"href":"https:\/\/staging6.peach-pump.com\/sk\/wp-json\/wp\/v2\/product\/63359\/revisions"}],"wp:featuredmedia":[{"embeddable":true,"href":"https:\/\/staging6.peach-pump.com\/sk\/wp-json\/wp\/v2\/media\/62360"}],"wp:attachment":[{"href":"https:\/\/staging6.peach-pump.com\/sk\/wp-json\/wp\/v2\/media?parent=63359"}],"wp:term":[{"taxonomy":"product_brand","embeddable":true,"href":"https:\/\/staging6.peach-pump.com\/sk\/wp-json\/wp\/v2\/product_brand?post=63359"},{"taxonomy":"product_cat","embeddable":true,"href":"https:\/\/staging6.peach-pump.com\/sk\/wp-json\/wp\/v2\/product_cat?post=63359"},{"taxonomy":"product_tag","embeddable":true,"href":"https:\/\/staging6.peach-pump.com\/sk\/wp-json\/wp\/v2\/product_tag?post=63359"}],"curies":[{"name":"wp","href":"https:\/\/api.w.org\/{rel}","templated":true}]}}