{"id":63366,"date":"2023-12-15T21:43:49","date_gmt":"2023-12-15T19:43:49","guid":{"rendered":"https:\/\/staging6.peach-pump.com\/products\/%d0%b2%d0%b0%d1%82%d0%b8%d1%80%d0%b0%d0%bd-%d0%b1%d0%b5%d0%b6%d0%be%d0%b2-%d0%b3%d0%b0%d1%89%d0%b5%d1%80%d0%b8%d0%b7%d0%be%d0%bd-%d0%bf%d0%be-%d1%82%d1%8f%d0%bb%d0%be%d1%82%d0%be-catsuits\/"},"modified":"2025-11-09T15:06:56","modified_gmt":"2025-11-09T13:06:56","slug":"bezovy-overal-prilahly-po-tele","status":"publish","type":"product","link":"https:\/\/staging6.peach-pump.com\/sk\/products\/bezovy-overal-prilahly-po-tele\/","title":{"rendered":"Pre\u0161\u00edvan\u00fd b\u00e9\u017eov\u00fd overal pri\u013eahl\u00fd po tele &#8220;Catsuits&#8221;"},"content":{"rendered":"<p>B\u00e9\u017eov\u00fd overal pri\u013eahl\u00fd po tele s m\u00e4kkou pre\u0161\u00edvanou pod\u0161\u00edvkou, priedu\u0161n\u00e1 tkanina, ide\u00e1lna na tr\u00e9ning alebo prech\u00e1dzky a do chladnej\u0161ieho po\u010dasia. Model m\u00e1 zips vpredu, vn\u00fatorn\u00fd n\u00e1pis Peach Pump a pogumovan\u00e9 logo Peach na ramene. Overal dokonale prilieha k telu a modeluje ho ako pres\u00fdpacie hodiny, pri\u010dom zakr\u00fdva nedokonalosti. Model nem\u00e1 vpredu \u017eiadny \u0161ev. Vhodn\u00fd aj pre vy\u0161\u0161ie d\u00e1my.<\/p>\n<p>M\u00f3dny n\u00e1lez, ktor\u00fd sa stane nov\u00fdm ob\u013e\u00faben\u00fdm doplnkom v\u00e1\u0161ho \u0161atn\u00edka. Bu\u010fte kr\u00e1sna, \u017eensk\u00e1 a nezabudnute\u013en\u00e1 s Peach Pump.<\/p>\n<ul>\n<li>Pre\u0161\u00edvan\u00e1 m\u00e4kk\u00e1 pod\u0161\u00edvka<\/li>\n<li>Priedu\u0161n\u00e1 tkanina<\/li>\n<li>Skryt\u00fd n\u00e1pis &#8220;Peach Pump&#8221;<\/li>\n<li>Logo &#8220;Peach Pump&#8221; na ramene<\/li>\n<li>Modelovanie postavy<\/li>\n<li>Elastick\u00e1 tkanina dokonale prilieha k telu<\/li>\n<li>Bez\u0161vov\u00e9 vpredu<\/li>\n<li>Vhodn\u00e9 aj pre vy\u0161\u0161ie d\u00e1my<\/li>\n<\/ul>\n<p>Zlo\u017eenie: 80% polyester, 20% spandex<\/p>\n<p>Overal je mo\u017en\u00e9 pra\u0165 pri teplote do 30 stup\u0148ov, pros\u00edm, nebie\u013ete ani ne\u010distite chemicky<\/p>\n<p>Prv\u00e1 modelka na fotografi\u00e1ch je vysok\u00e1 167 cm, v\u00e1\u017ei 50 kg a p\u00f3zuje vo ve\u013ekosti S<\/p>\n<p>Druh\u00e1 modelka na fotografi\u00e1ch je vysok\u00e1 178 cm, v\u00e1\u017ei 56 kg a p\u00f3zuje vo ve\u013ekosti M<\/p>\n","protected":false},"excerpt":{"rendered":"<p>B\u00e9\u017eov\u00fd overal pri\u013eahl\u00fd po tele s m\u00e4kkou pre\u0161\u00edvanou pod\u0161\u00edvkou, priedu\u0161n\u00e1 tkanina, ide\u00e1lna na tr\u00e9ning alebo prech\u00e1dzky a do chladnej\u0161ieho po\u010dasia. Model m\u00e1 zips vpredu, vn\u00fatorn\u00fd n\u00e1pis Peach Pump a pogumovan\u00e9 logo Peach na ramene. Overal dokonale prilieha k telu a modeluje ho ako pres\u00fdpacie hodiny, pri\u010dom zakr\u00fdva nedokonalosti. Model nem\u00e1 vpredu \u017eiadny \u0161ev. Vhodn\u00fd aj [&hellip;]<\/p>\n","protected":false},"featured_media":99740,"comment_status":"open","ping_status":"closed","template":"","meta":[],"product_brand":[],"product_cat":[1129,372,374],"product_tag":[],"class_list":{"0":"post-63366","1":"product","2":"type-product","3":"status-publish","4":"has-post-thumbnail","6":"product_cat-damske-sportove-overaly","7":"product_cat-sportov-sety","8":"product_cat-sportove-supravy-s-leginami","9":"pa_cviat-bezove-sk","10":"pa_razmer-l-sk","11":"pa_razmer-m-sk-2","12":"pa_razmer-s-sk-2","13":"inventories-world","14":"inventories-uk","16":"first","17":"instock","18":"taxable","19":"shipping-taxable","20":"purchasable","21":"product-type-variable"},"_links":{"self":[{"href":"https:\/\/staging6.peach-pump.com\/en\/wp-json\/wp\/v2\/product\/63366","targetHints":{"allow":["GET"]}}],"collection":[{"href":"https:\/\/staging6.peach-pump.com\/en\/wp-json\/wp\/v2\/product"}],"about":[{"href":"https:\/\/staging6.peach-pump.com\/en\/wp-json\/wp\/v2\/types\/product"}],"replies":[{"embeddable":true,"href":"https:\/\/staging6.peach-pump.com\/en\/wp-json\/wp\/v2\/comments?post=63366"}],"version-history":[{"count":0,"href":"https:\/\/staging6.peach-pump.com\/en\/wp-json\/wp\/v2\/product\/63366\/revisions"}],"wp:featuredmedia":[{"embeddable":true,"href":"https:\/\/staging6.peach-pump.com\/en\/wp-json\/wp\/v2\/media\/99740"}],"wp:attachment":[{"href":"https:\/\/staging6.peach-pump.com\/en\/wp-json\/wp\/v2\/media?parent=63366"}],"wp:term":[{"taxonomy":"product_brand","embeddable":true,"href":"https:\/\/staging6.peach-pump.com\/en\/wp-json\/wp\/v2\/product_brand?post=63366"},{"taxonomy":"product_cat","embeddable":true,"href":"https:\/\/staging6.peach-pump.com\/en\/wp-json\/wp\/v2\/product_cat?post=63366"},{"taxonomy":"product_tag","embeddable":true,"href":"https:\/\/staging6.peach-pump.com\/en\/wp-json\/wp\/v2\/product_tag?post=63366"}],"curies":[{"name":"wp","href":"https:\/\/api.w.org\/{rel}","templated":true}]}}