{"id":63382,"date":"2023-12-13T18:01:11","date_gmt":"2023-12-13T16:01:11","guid":{"rendered":"https:\/\/staging6.peach-pump.com\/products\/%d1%87%d0%b5%d1%80%d0%bd%d0%b0-%d0%b7%d0%b8%d0%bc%d0%bd%d0%b0-%d1%88%d0%b0%d0%bf%d0%ba%d0%b0-%d0%b1%d0%b8%d0%b9%d0%bd%d0%b8-peach-pump\/"},"modified":"2025-11-07T12:31:05","modified_gmt":"2025-11-07T10:31:05","slug":"cierna-zimna-ciapka-beanie","status":"publish","type":"product","link":"https:\/\/staging6.peach-pump.com\/sk\/products\/cierna-zimna-ciapka-beanie\/","title":{"rendered":"\u010cierna zimn\u00e1 \u010diapka typu beanie"},"content":{"rendered":"<p>D\u00e1mska \u010dierna zimn\u00e1 \u010diapka z kolekcie &#8220;Peach Pump&#8221; s obr\u00e1ten\u00fdm okrajom pre lep\u0161iu izol\u00e1ciu od chladu a ko\u017een\u00fdm logom na prednej strane. Elastick\u00fd dizajn ve\u013emi m\u00e4kk\u00e1 a na dotyk pr\u00edjemn\u00e1 tkanina. \u010ciapka je k dispoz\u00edcii v r\u00f4znych farb\u00e1ch. Tento model bude dokonal\u00fdm doplnkom v\u00e1\u0161ho outfitu po\u010das chladn\u00fdch dn\u00ed.<\/p>\n<p>&nbsp;<\/p>\n","protected":false},"excerpt":{"rendered":"<p>D\u00e1mska \u010dierna zimn\u00e1 \u010diapka z kolekcie &#8220;Peach Pump&#8221; s obr\u00e1ten\u00fdm okrajom pre lep\u0161iu izol\u00e1ciu od chladu a ko\u017een\u00fdm logom na prednej strane. Elastick\u00fd dizajn ve\u013emi m\u00e4kk\u00e1 a na dotyk pr\u00edjemn\u00e1 tkanina. \u010ciapka je k dispoz\u00edcii v r\u00f4znych farb\u00e1ch. Tento model bude dokonal\u00fdm doplnkom v\u00e1\u0161ho outfitu po\u010das chladn\u00fdch dn\u00ed. &nbsp;<\/p>\n","protected":false},"featured_media":62574,"comment_status":"open","ping_status":"closed","template":"","meta":[],"product_brand":[],"product_cat":[782],"product_tag":[],"class_list":{"0":"post-63382","1":"product","2":"type-product","3":"status-publish","4":"has-post-thumbnail","6":"product_cat-doplnky","7":"pa_cviat-cierne","8":"pa_razmer-jedna-velkost","9":"inventories-world","10":"inventories-uk","12":"first","13":"instock","14":"taxable","15":"shipping-taxable","16":"purchasable","17":"product-type-variable"},"_links":{"self":[{"href":"https:\/\/staging6.peach-pump.com\/sk\/wp-json\/wp\/v2\/product\/63382","targetHints":{"allow":["GET"]}}],"collection":[{"href":"https:\/\/staging6.peach-pump.com\/sk\/wp-json\/wp\/v2\/product"}],"about":[{"href":"https:\/\/staging6.peach-pump.com\/sk\/wp-json\/wp\/v2\/types\/product"}],"replies":[{"embeddable":true,"href":"https:\/\/staging6.peach-pump.com\/sk\/wp-json\/wp\/v2\/comments?post=63382"}],"version-history":[{"count":0,"href":"https:\/\/staging6.peach-pump.com\/sk\/wp-json\/wp\/v2\/product\/63382\/revisions"}],"wp:featuredmedia":[{"embeddable":true,"href":"https:\/\/staging6.peach-pump.com\/sk\/wp-json\/wp\/v2\/media\/62574"}],"wp:attachment":[{"href":"https:\/\/staging6.peach-pump.com\/sk\/wp-json\/wp\/v2\/media?parent=63382"}],"wp:term":[{"taxonomy":"product_brand","embeddable":true,"href":"https:\/\/staging6.peach-pump.com\/sk\/wp-json\/wp\/v2\/product_brand?post=63382"},{"taxonomy":"product_cat","embeddable":true,"href":"https:\/\/staging6.peach-pump.com\/sk\/wp-json\/wp\/v2\/product_cat?post=63382"},{"taxonomy":"product_tag","embeddable":true,"href":"https:\/\/staging6.peach-pump.com\/sk\/wp-json\/wp\/v2\/product_tag?post=63382"}],"curies":[{"name":"wp","href":"https:\/\/api.w.org\/{rel}","templated":true}]}}