{"id":63384,"date":"2023-12-13T18:04:43","date_gmt":"2023-12-13T16:04:43","guid":{"rendered":"https:\/\/staging6.peach-pump.com\/products\/%d0%b1%d1%8f%d0%bb%d0%b0-%d0%b7%d0%b8%d0%bc%d0%bd%d0%b0-%d1%88%d0%b0%d0%bf%d0%ba%d0%b0-%d1%82%d0%b8%d0%bf-%d0%b1%d0%b8%d0%b9%d0%bd%d0%b8\/"},"modified":"2025-04-05T11:06:50","modified_gmt":"2025-04-05T09:06:50","slug":"biela-zimna-ciapka","status":"publish","type":"product","link":"https:\/\/staging6.peach-pump.com\/sk\/products\/biela-zimna-ciapka\/","title":{"rendered":"Biela zimn\u00e1 \u010diapka typu beanie"},"content":{"rendered":"<p>Biela zimn\u00e1 \u010diapka z kolekcie &#8220;Peach Pump&#8221; s obr\u00e1ten\u00fdm okrajom pre lep\u0161iu izol\u00e1ciu od chladu a ko\u017een\u00fdm logom na prednej strane. Elastick\u00fd dizajn ve\u013emi m\u00e4kk\u00e1 a na dotyk pr\u00edjemn\u00e1 tkanina. \u010ciapka je k dispoz\u00edcii v r\u00f4znych farb\u00e1ch. Tento model bude dokonal\u00fdm doplnkom v\u00e1\u0161ho outfitu po\u010das chladn\u00fdch dn\u00ed.<\/p>\n","protected":false},"excerpt":{"rendered":"<p>Biela zimn\u00e1 \u010diapka z kolekcie &#8220;Peach Pump&#8221; s obr\u00e1ten\u00fdm okrajom pre lep\u0161iu izol\u00e1ciu od chladu a ko\u017een\u00fdm logom na prednej strane. Elastick\u00fd dizajn ve\u013emi m\u00e4kk\u00e1 a na dotyk pr\u00edjemn\u00e1 tkanina. \u010ciapka je k dispoz\u00edcii v r\u00f4znych farb\u00e1ch. Tento model bude dokonal\u00fdm doplnkom v\u00e1\u0161ho outfitu po\u010das chladn\u00fdch dn\u00ed.<\/p>\n","protected":false},"featured_media":62587,"comment_status":"open","ping_status":"closed","template":"","meta":[],"product_brand":[],"product_cat":[782],"product_tag":[],"class_list":{"0":"post-63384","1":"product","2":"type-product","3":"status-publish","4":"has-post-thumbnail","6":"product_cat-doplnky","7":"pa_cviat-biely-sk","8":"pa_razmer-jedna-velkost","9":"inventories-world","10":"inventories-uk","12":"first","13":"instock","14":"taxable","15":"shipping-taxable","16":"purchasable","17":"product-type-variable"},"_links":{"self":[{"href":"https:\/\/staging6.peach-pump.com\/sk\/wp-json\/wp\/v2\/product\/63384","targetHints":{"allow":["GET"]}}],"collection":[{"href":"https:\/\/staging6.peach-pump.com\/sk\/wp-json\/wp\/v2\/product"}],"about":[{"href":"https:\/\/staging6.peach-pump.com\/sk\/wp-json\/wp\/v2\/types\/product"}],"replies":[{"embeddable":true,"href":"https:\/\/staging6.peach-pump.com\/sk\/wp-json\/wp\/v2\/comments?post=63384"}],"version-history":[{"count":0,"href":"https:\/\/staging6.peach-pump.com\/sk\/wp-json\/wp\/v2\/product\/63384\/revisions"}],"wp:featuredmedia":[{"embeddable":true,"href":"https:\/\/staging6.peach-pump.com\/sk\/wp-json\/wp\/v2\/media\/62587"}],"wp:attachment":[{"href":"https:\/\/staging6.peach-pump.com\/sk\/wp-json\/wp\/v2\/media?parent=63384"}],"wp:term":[{"taxonomy":"product_brand","embeddable":true,"href":"https:\/\/staging6.peach-pump.com\/sk\/wp-json\/wp\/v2\/product_brand?post=63384"},{"taxonomy":"product_cat","embeddable":true,"href":"https:\/\/staging6.peach-pump.com\/sk\/wp-json\/wp\/v2\/product_cat?post=63384"},{"taxonomy":"product_tag","embeddable":true,"href":"https:\/\/staging6.peach-pump.com\/sk\/wp-json\/wp\/v2\/product_tag?post=63384"}],"curies":[{"name":"wp","href":"https:\/\/api.w.org\/{rel}","templated":true}]}}