{"id":66685,"date":"2024-01-12T18:06:55","date_gmt":"2024-01-12T16:06:55","guid":{"rendered":"https:\/\/staging6.peach-pump.com\/products\/%d1%80%d0%be%d0%b7%d0%be%d0%b2%d0%be-%d0%b7%d0%b8%d0%bc%d0%bd%d0%be-%d1%8f%d0%ba%d0%b5\/"},"modified":"2025-10-23T13:02:15","modified_gmt":"2025-10-23T11:02:15","slug":"ruzova-zimna-bunda","status":"publish","type":"product","link":"https:\/\/staging6.peach-pump.com\/sk\/products\/ruzova-zimna-bunda\/","title":{"rendered":"Ru\u017eov\u00e1 zimn\u00e1 bunda od Peach Pump"},"content":{"rendered":"<p class=\"p1\"><span class=\"s1\">Tepl\u00e1, m\u00e4kk\u00e1 ru\u017eov\u00e1 zimn\u00e1 bunda so 100 % bavlnenou v\u00fdpl\u0148ou. Model je krat\u0161ieho modern\u00e9ho strihu, m\u00e1 nastavite\u013en\u00fd spodn\u00fd okraj s elastick\u00fdm \u0161n\u00farkami, dve bo\u010dn\u00e9 \u0161ikm\u00e9 vreck\u00e1 na zips. Efektn\u00e9 3D vy\u0161\u00edvan\u00e9 logo &#8220;Peach Pump&#8221; na prednej strane a vy\u0161\u00edvan\u00e9 logo &#8220;Peach Pump&#8221; na ramene. Bunda m\u00e1 pre\u0161\u00edvan\u00fd dizajn a vysok\u00fd golier, m\u00e4kk\u00fa ru\u017eov\u00fa pod\u0161\u00edvku a ruk\u00e1vy s elastickou man\u017eetou. S t\u00fdmto modelom v\u00e1m bude teplo a z\u00e1rove\u0148 sa budete c\u00edti\u0165 kr\u00e1sne, sebavedomo a sexy. V\u00fdber m\u00f3dnych farieb na t\u00fato sez\u00f3nu, model vytvoren\u00fd s l\u00e1skou pre V\u00e1s. <\/span><\/p>\n<ul class=\"ul1\">\n<li><span class=\"s1\">Ru\u017eov\u00e1 zimn\u00e1 bunda<\/span><\/li>\n<li class=\"li1\"><span class=\"s1\">Vysok\u00fd golier<\/span><\/li>\n<li class=\"li1\"><span class=\"s1\">Bo\u010dn\u00e9 vreck\u00e1 na zips<\/span><\/li>\n<li class=\"li1\"><span class=\"s1\">3D vy\u0161\u00edvan\u00e9 logo &#8220;Peach Pump&#8221; na prednej strane a ramene<\/span><\/li>\n<li class=\"li1\"><span class=\"s1\">M\u00e4kk\u00e1 pod\u0161\u00edvka<\/span><\/li>\n<li class=\"li1\"><span class=\"s1\">Pre\u0161\u00edvan\u00fd dizajn<\/span><\/li>\n<li>Elastick\u00e9 man\u017eety na ruk\u00e1voch<\/li>\n<li class=\"li1\"><span class=\"s1\">Nastavite\u013en\u00fd lem s elastick\u00fdmi \u0161n\u00farkami<\/span><\/li>\n<li>V\u00fdpl\u0148 bundy zo 100 % bavlny<\/li>\n<\/ul>\n<p class=\"p1\"><span class=\"s1\">Zlo\u017eenie vonkaj\u0161ej \u010dasti: 100% polyester, v\u00fdpl\u0148 100% bavlna<\/span><\/p>\n<p class=\"p1\"><span class=\"s1\">Modelka na obr\u00e1zku je 180 vysok\u00e1 a v\u00e1\u017ei 58 kg. a p\u00f3zuje vo ve\u013ekosti M. <\/span><\/p>\n<p>Na spr\u00e1vnu \u00fadr\u017ebu bundy dodr\u017eiavajte pokyny na \u0161t\u00edtku.<\/p>\n","protected":false},"excerpt":{"rendered":"<p>Tepl\u00e1, m\u00e4kk\u00e1 ru\u017eov\u00e1 zimn\u00e1 bunda so 100 % bavlnenou v\u00fdpl\u0148ou. Model je krat\u0161ieho modern\u00e9ho strihu, m\u00e1 nastavite\u013en\u00fd spodn\u00fd okraj s elastick\u00fdm \u0161n\u00farkami, dve bo\u010dn\u00e9 \u0161ikm\u00e9 vreck\u00e1 na zips. Efektn\u00e9 3D vy\u0161\u00edvan\u00e9 logo &#8220;Peach Pump&#8221; na prednej strane a vy\u0161\u00edvan\u00e9 logo &#8220;Peach Pump&#8221; na ramene. Bunda m\u00e1 pre\u0161\u00edvan\u00fd dizajn a vysok\u00fd golier, m\u00e4kk\u00fa ru\u017eov\u00fa pod\u0161\u00edvku a [&hellip;]<\/p>\n","protected":false},"featured_media":66237,"comment_status":"open","ping_status":"closed","template":"","meta":[],"product_brand":[],"product_cat":[925],"product_tag":[],"class_list":{"0":"post-66685","1":"product","2":"type-product","3":"status-publish","4":"has-post-thumbnail","6":"product_cat-damske-bundy-sk","7":"pa_cviat-ruzovo","8":"pa_razmer-l-sk","9":"pa_razmer-m-sk-2","10":"pa_razmer-s-sk-2","11":"inventories-world","12":"inventories-uk","14":"first","15":"instock","16":"taxable","17":"shipping-taxable","18":"purchasable","19":"product-type-variable"},"_links":{"self":[{"href":"https:\/\/staging6.peach-pump.com\/sk\/wp-json\/wp\/v2\/product\/66685","targetHints":{"allow":["GET"]}}],"collection":[{"href":"https:\/\/staging6.peach-pump.com\/sk\/wp-json\/wp\/v2\/product"}],"about":[{"href":"https:\/\/staging6.peach-pump.com\/sk\/wp-json\/wp\/v2\/types\/product"}],"replies":[{"embeddable":true,"href":"https:\/\/staging6.peach-pump.com\/sk\/wp-json\/wp\/v2\/comments?post=66685"}],"version-history":[{"count":0,"href":"https:\/\/staging6.peach-pump.com\/sk\/wp-json\/wp\/v2\/product\/66685\/revisions"}],"wp:featuredmedia":[{"embeddable":true,"href":"https:\/\/staging6.peach-pump.com\/sk\/wp-json\/wp\/v2\/media\/66237"}],"wp:attachment":[{"href":"https:\/\/staging6.peach-pump.com\/sk\/wp-json\/wp\/v2\/media?parent=66685"}],"wp:term":[{"taxonomy":"product_brand","embeddable":true,"href":"https:\/\/staging6.peach-pump.com\/sk\/wp-json\/wp\/v2\/product_brand?post=66685"},{"taxonomy":"product_cat","embeddable":true,"href":"https:\/\/staging6.peach-pump.com\/sk\/wp-json\/wp\/v2\/product_cat?post=66685"},{"taxonomy":"product_tag","embeddable":true,"href":"https:\/\/staging6.peach-pump.com\/sk\/wp-json\/wp\/v2\/product_tag?post=66685"}],"curies":[{"name":"wp","href":"https:\/\/api.w.org\/{rel}","templated":true}]}}