{"id":66700,"date":"2024-01-19T18:58:19","date_gmt":"2024-01-19T16:58:19","guid":{"rendered":"https:\/\/staging6.peach-pump.com\/products\/%d1%82%d1%8a%d0%bc%d0%bd%d0%be-%d1%81%d0%b8%d0%bd-%d0%b3%d0%b0%d1%89%d0%b5%d1%80%d0%b8%d0%b7%d0%be%d0%bd-%d0%bf%d0%be-%d1%82%d1%8f%d0%bb%d0%be%d1%82%d0%be\/"},"modified":"2025-11-09T16:41:48","modified_gmt":"2025-11-09T14:41:48","slug":"tmavomodry-overal-po-tele","status":"publish","type":"product","link":"https:\/\/staging6.peach-pump.com\/sk\/products\/tmavomodry-overal-po-tele\/","title":{"rendered":"Pre\u0161\u00edvan\u00fd tmavomodr\u00fd overal pri\u013ehal\u00fd po tele &#8220;Catsuits&#8221;"},"content":{"rendered":"<p>Tmavomodr\u00fd overal pri\u013ehal\u00fd po tele s m\u00e4kkou pre\u0161\u00edvanou pod\u0161\u00edvkou, priedu\u0161n\u00e1 tkanina, ide\u00e1lna na cvi\u010denie alebo prech\u00e1dzky v chladnej\u0161om po\u010das\u00ed. Model m\u00e1 zips vpredu, vn\u00fatorn\u00fd n\u00e1pis Peach Pump a pogumovan\u00e9 logo &#8220;Peach Pump&#8221; na ramene. Overal dokonale prilieha k telu a modeluje ho ako pres\u00fdpacie hodiny, pri\u010dom zakr\u00fdva nedokonalosti. Model nem\u00e1 vpredu \u017eiadny \u0161ev. Vhodn\u00fd aj pre vy\u0161\u0161ie d\u00e1my.<\/p>\n<p>M\u00f3dny n\u00e1lez, ktor\u00fd sa stane nov\u00fdm ob\u013e\u00faben\u00fdm doplnkom v\u00e1\u0161ho \u0161atn\u00edka. Bu\u010fte kr\u00e1sna, \u017eensk\u00e1 a nezabudnute\u013en\u00e1 s Peach Pump.<\/p>\n<ul>\n<li>Pre\u0161\u00edvan\u00e1 m\u00e4kk\u00e1 pod\u0161\u00edvka<\/li>\n<li>Priedu\u0161n\u00e1 tkanina<\/li>\n<li>Skryt\u00fd n\u00e1pis &#8220;Peach Pump&#8221;<\/li>\n<li>Logo &#8220;Peach Pump&#8221; na ramene<\/li>\n<li>Modelovanie postavy<\/li>\n<li>Elastick\u00e1 tkanina dokonale pri\u013ehal\u00e1 po tele<\/li>\n<li>Bez\u0161vov\u00e9 vpredu<\/li>\n<li>Vhodn\u00e9 aj pre vy\u0161\u0161ie d\u00e1my<\/li>\n<\/ul>\n<p>Zlo\u017eenie: 80% polyester, 20% spandex<\/p>\n<p>Overal je mo\u017en\u00e9 pra\u0165 pri teplote do 30 stup\u0148ov, pros\u00edm, nebie\u013ete ani ne\u010distite chemicky<\/p>\n<p>Modelka na fotografi\u00e1ch je vysok\u00e1 167 cm, v\u00e1\u017ei 50 kg a p\u00f3zuje vo ve\u013ekosti S.<\/p>\n<p>&nbsp;<\/p>\n","protected":false},"excerpt":{"rendered":"<p>Tmavomodr\u00fd overal pri\u013ehal\u00fd po tele s m\u00e4kkou pre\u0161\u00edvanou pod\u0161\u00edvkou, priedu\u0161n\u00e1 tkanina, ide\u00e1lna na cvi\u010denie alebo prech\u00e1dzky v chladnej\u0161om po\u010das\u00ed. Model m\u00e1 zips vpredu, vn\u00fatorn\u00fd n\u00e1pis Peach Pump a pogumovan\u00e9 logo &#8220;Peach Pump&#8221; na ramene. Overal dokonale prilieha k telu a modeluje ho ako pres\u00fdpacie hodiny, pri\u010dom zakr\u00fdva nedokonalosti. Model nem\u00e1 vpredu \u017eiadny \u0161ev. Vhodn\u00fd aj [&hellip;]<\/p>\n","protected":false},"featured_media":66334,"comment_status":"open","ping_status":"closed","template":"","meta":[],"product_brand":[],"product_cat":[1129,374],"product_tag":[],"class_list":{"0":"post-66700","1":"product","2":"type-product","3":"status-publish","4":"has-post-thumbnail","6":"product_cat-damske-sportove-overaly","7":"product_cat-sportove-supravy-s-leginami","8":"pa_cviat-modr-sk","9":"pa_razmer-l-sk","10":"pa_razmer-m-sk-2","11":"pa_razmer-s-sk-2","12":"inventories-world","13":"inventories-uk","15":"first","16":"instock","17":"taxable","18":"shipping-taxable","19":"purchasable","20":"product-type-variable"},"_links":{"self":[{"href":"https:\/\/staging6.peach-pump.com\/sk\/wp-json\/wp\/v2\/product\/66700","targetHints":{"allow":["GET"]}}],"collection":[{"href":"https:\/\/staging6.peach-pump.com\/sk\/wp-json\/wp\/v2\/product"}],"about":[{"href":"https:\/\/staging6.peach-pump.com\/sk\/wp-json\/wp\/v2\/types\/product"}],"replies":[{"embeddable":true,"href":"https:\/\/staging6.peach-pump.com\/sk\/wp-json\/wp\/v2\/comments?post=66700"}],"version-history":[{"count":0,"href":"https:\/\/staging6.peach-pump.com\/sk\/wp-json\/wp\/v2\/product\/66700\/revisions"}],"wp:featuredmedia":[{"embeddable":true,"href":"https:\/\/staging6.peach-pump.com\/sk\/wp-json\/wp\/v2\/media\/66334"}],"wp:attachment":[{"href":"https:\/\/staging6.peach-pump.com\/sk\/wp-json\/wp\/v2\/media?parent=66700"}],"wp:term":[{"taxonomy":"product_brand","embeddable":true,"href":"https:\/\/staging6.peach-pump.com\/sk\/wp-json\/wp\/v2\/product_brand?post=66700"},{"taxonomy":"product_cat","embeddable":true,"href":"https:\/\/staging6.peach-pump.com\/sk\/wp-json\/wp\/v2\/product_cat?post=66700"},{"taxonomy":"product_tag","embeddable":true,"href":"https:\/\/staging6.peach-pump.com\/sk\/wp-json\/wp\/v2\/product_tag?post=66700"}],"curies":[{"name":"wp","href":"https:\/\/api.w.org\/{rel}","templated":true}]}}