{"id":69925,"date":"2024-02-19T12:11:09","date_gmt":"2024-02-19T10:11:09","guid":{"rendered":"https:\/\/staging6.peach-pump.com\/products\/%d0%b4%d0%b0%d0%bc%d1%81%d0%ba%d0%be-%d1%81%d0%bf%d0%be%d1%80%d1%82%d0%bd%d0%be-%d1%8f%d0%ba%d0%b5-%d1%81-%d1%86%d0%b8%d0%bf-%d0%b8-%d0%b4%d0%b6%d0%be%d0%b1%d0%be%d0%b2%d0%b5-%d0%b2-%d1%87%d0%b5%d1%80\/"},"modified":"2025-11-05T00:09:41","modified_gmt":"2025-11-04T22:09:41","slug":"cierna-damska-sportova-mikina-so-zipsom-a-vreckami","status":"publish","type":"product","link":"https:\/\/staging6.peach-pump.com\/sk\/products\/cierna-damska-sportova-mikina-so-zipsom-a-vreckami\/","title":{"rendered":"\u010cierna d\u00e1mska \u0161portov\u00e1 mikina so zipsom a vreckami"},"content":{"rendered":"<p>\u010cierna d\u00e1mska \u0161portov\u00e1 mikina so zipsom a vreckami. Mikina m\u00e1 na ruk\u00e1voch otvory na palce, v\u010faka \u010domu sa v\u00e1m ruk\u00e1vy po\u010das tr\u00e9ningu, behu alebo jazdy na bicykli nezhrn\u00fa. Dizajn mikiny je ve\u013emi kr\u00e1sny, modeluje siluetu a stoj\u00ed pri\u013eahnut\u00e1 po tele. Daj\u00fa sa kombinova\u0165 s r\u00f4znymi leg\u00ednami alebo prsiami v pastelov\u00fdch farb\u00e1ch z kolekcie Peach Pump.  <\/p>\n<ul>\n<li>Elastick\u00e1 r\u00fdchloschn\u00faca tkanina<\/li>\n<li>Tepelne vytla\u010den\u00e9 logo Peach Pump na ramene<\/li>\n<li>Zap\u00ednanie na zips<\/li>\n<li>Vreck\u00e1 v prednej \u010dasti mikiny<\/li>\n<li>Otvory na palce<\/li>\n<li>Model tvaruj\u00faci postavu<\/li>\n<\/ul>\n<p>  Zlo\u017eenie : 80% polyester 20% spandex. Mikinu mo\u017eno pra\u0165 na 30\u00b0C, nepou\u017e\u00edvajte bielidl\u00e1 ani chemick\u00e9 \u010distenie. Model na obr\u00e1zku je vysok\u00fd 165 cm, v\u00e1\u017ei 48 kg a p\u00f3zuje vo ve\u013ekosti S. Obvod hrudn\u00edka: S: 85-90 cm \/ M: 90-95 cm \/ L: 95-100 cm<\/p>\n","protected":false},"excerpt":{"rendered":"<p>\u010cierna d\u00e1mska \u0161portov\u00e1 mikina so zipsom a vreckami. Mikina m\u00e1 na ruk\u00e1voch otvory na palce, v\u010faka \u010domu sa v\u00e1m ruk\u00e1vy po\u010das tr\u00e9ningu, behu alebo jazdy na bicykli nezhrn\u00fa. Dizajn mikiny je ve\u013emi kr\u00e1sny, modeluje siluetu a stoj\u00ed pri\u013eahnut\u00e1 po tele. Daj\u00fa sa kombinova\u0165 s r\u00f4znymi leg\u00ednami alebo prsiami v pastelov\u00fdch farb\u00e1ch z kolekcie Peach Pump. [&hellip;]<\/p>\n","protected":false},"featured_media":87405,"comment_status":"open","ping_status":"closed","template":"","meta":[],"product_brand":[],"product_cat":[925],"product_tag":[],"class_list":{"0":"post-69925","1":"product","2":"type-product","3":"status-publish","4":"has-post-thumbnail","6":"product_cat-damske-bundy-sk","7":"pa_cviat-cierne","8":"pa_razmer-l-sk","9":"pa_razmer-m-sk-2","10":"pa_razmer-s-sk-2","11":"inventories-world","12":"inventories-uk","14":"first","15":"instock","16":"taxable","17":"shipping-taxable","18":"purchasable","19":"product-type-variable"},"_links":{"self":[{"href":"https:\/\/staging6.peach-pump.com\/en\/wp-json\/wp\/v2\/product\/69925","targetHints":{"allow":["GET"]}}],"collection":[{"href":"https:\/\/staging6.peach-pump.com\/en\/wp-json\/wp\/v2\/product"}],"about":[{"href":"https:\/\/staging6.peach-pump.com\/en\/wp-json\/wp\/v2\/types\/product"}],"replies":[{"embeddable":true,"href":"https:\/\/staging6.peach-pump.com\/en\/wp-json\/wp\/v2\/comments?post=69925"}],"version-history":[{"count":0,"href":"https:\/\/staging6.peach-pump.com\/en\/wp-json\/wp\/v2\/product\/69925\/revisions"}],"wp:featuredmedia":[{"embeddable":true,"href":"https:\/\/staging6.peach-pump.com\/en\/wp-json\/wp\/v2\/media\/87405"}],"wp:attachment":[{"href":"https:\/\/staging6.peach-pump.com\/en\/wp-json\/wp\/v2\/media?parent=69925"}],"wp:term":[{"taxonomy":"product_brand","embeddable":true,"href":"https:\/\/staging6.peach-pump.com\/en\/wp-json\/wp\/v2\/product_brand?post=69925"},{"taxonomy":"product_cat","embeddable":true,"href":"https:\/\/staging6.peach-pump.com\/en\/wp-json\/wp\/v2\/product_cat?post=69925"},{"taxonomy":"product_tag","embeddable":true,"href":"https:\/\/staging6.peach-pump.com\/en\/wp-json\/wp\/v2\/product_tag?post=69925"}],"curies":[{"name":"wp","href":"https:\/\/api.w.org\/{rel}","templated":true}]}}