{"id":73304,"date":"2024-04-01T00:55:48","date_gmt":"2024-03-31T22:55:48","guid":{"rendered":"https:\/\/staging6.peach-pump.com\/products\/ruzove-bezsvove-leginy-popol-ruzi-s-oblubenym-tvarovacim-efektom-peach-pump-ktore-modeluju-telo-a-vytvaraju-pocit-lahkosti-a-pohodlia\/"},"modified":"2025-11-06T22:34:06","modified_gmt":"2025-11-06T20:34:06","slug":"ruzove-bezsvove-leginy-tvarovaci-efekt-2","status":"publish","type":"product","link":"https:\/\/staging6.peach-pump.com\/sk\/products\/ruzove-bezsvove-leginy-tvarovaci-efekt-2\/","title":{"rendered":"Ru\u017eov\u00e9 bez\u0161vov\u00e9 leg\u00edny s tvarovac\u00edm efektom"},"content":{"rendered":"<p>Ru\u017eov\u00e9 bez\u0161vov\u00e9 leg\u00edny &#8220;popol ru\u017e\u00ed&#8221; s ob\u013e\u00faben\u00fdm tvarovac\u00edm efektom Peach Pump, dokonale modeluj\u00fa telo a vytv\u00e1raj\u00fa pocit \u013eahkosti a pohodlia. Leg\u00edny s\u00fa vyroben\u00e9 z priliehavej bez\u0161vovej tkaniny, maj\u00fa vysok\u00fd p\u00e1s a ripstopov\u00fd opasok, ktor\u00fd spev\u0148uje a tvaruje p\u00e1s. Tento model je vhodn\u00fd na aerobik alebo fitness, s n\u00edm vyniknete a ka\u017ed\u00e9ho zaujmete, mo\u017eno ho kombinova\u0165 s podprsenkou v rovnakom vzore alebo si pozrite na\u0161e \u010fal\u0161ie farebn\u00e9 n\u00e1vrhy v kol\u00f3nke &#8211; &#8220;\u0160portov\u00e9 oble\u010denie&#8221;. Leg\u00edny s\u00fa z pevnej\u0161ej tkaniny, na\u0161a modelka m\u00e1 na sebe ve\u013ekos\u0165 M.<\/p>\n<ul>\n<li>Vysok\u00fd p\u00e1s<\/li>\n<li>Bez\u0161vov\u00e1 tkanina<\/li>\n<li>Zdv\u00edhaj\u00fa, tvaruj\u00fa, zakr\u00fdvaj\u00fa probl\u00e9mov\u00e9 partie<\/li>\n<li>Opasok obop\u00ednaj\u00faci p\u00e1s<\/li>\n<li>Peachy efekt<\/li>\n<li>Bez\u0161vov\u00e9 vpredu<\/li>\n<li>Tepelne vytla\u010den\u00e9 Peach Pump logo na zadnej strane leg\u00edn<\/li>\n<li>Technol\u00f3gia odstra\u0148ovania potu<\/li>\n<\/ul>\n<p>Zlo\u017eenie: 80% polyester, 20% spandex.<\/p>\n<p>Leg\u00edny je mo\u017en\u00e9 pra\u0165 pri teplote do 30 \u00b0C. Nepou\u017e\u00edva\u0165 bielenie alebo chemick\u00e9 \u010distenie.<\/p>\n<p>Modelka na obr\u00e1zku je vysok\u00e1 178 cm, v\u00e1\u017ei 54 kg a p\u00f3zuje vo ve\u013ekosti M. Leg\u00edny s\u00fa z pevnej\u0161ej l\u00e1tky.<\/p>\n<p>Na v\u00fdber presnej ve\u013ekosti pou\u017eite tabu\u013eky.<\/p>\n<p><a href=\"https:\/\/staging6.peach-pump.com\/wp-content\/uploads\/2024\/04\/C274427E-CD99-455E-B65B-E536C277DEAA.png\"><img loading=\"lazy\" decoding=\"async\" class=\"alignnone wp-image-72322 \" src=\"https:\/\/staging6.peach-pump.com\/wp-content\/uploads\/2024\/04\/C274427E-CD99-455E-B65B-E536C277DEAA.png\" alt=\"\" width=\"627\" height=\"470\" srcset=\"https:\/\/staging6.peach-pump.com\/wp-content\/uploads\/2024\/04\/C274427E-CD99-455E-B65B-E536C277DEAA.png 1024w, https:\/\/staging6.peach-pump.com\/wp-content\/uploads\/2024\/04\/C274427E-CD99-455E-B65B-E536C277DEAA-480x360.png 480w, https:\/\/staging6.peach-pump.com\/wp-content\/uploads\/2024\/04\/C274427E-CD99-455E-B65B-E536C277DEAA-1000x750.png 1000w, https:\/\/staging6.peach-pump.com\/wp-content\/uploads\/2024\/04\/C274427E-CD99-455E-B65B-E536C277DEAA-400x300.png 400w, https:\/\/staging6.peach-pump.com\/wp-content\/uploads\/2024\/04\/C274427E-CD99-455E-B65B-E536C277DEAA-768x576.png 768w, https:\/\/staging6.peach-pump.com\/wp-content\/uploads\/2024\/04\/C274427E-CD99-455E-B65B-E536C277DEAA-990x743.png 990w, https:\/\/staging6.peach-pump.com\/wp-content\/uploads\/2024\/04\/C274427E-CD99-455E-B65B-E536C277DEAA-441x331.png 441w, https:\/\/staging6.peach-pump.com\/wp-content\/uploads\/2024\/04\/C274427E-CD99-455E-B65B-E536C277DEAA-150x113.png 150w, https:\/\/staging6.peach-pump.com\/wp-content\/uploads\/2024\/04\/C274427E-CD99-455E-B65B-E536C277DEAA-64x48.png 64w\" sizes=\"auto, (max-width: 627px) 100vw, 627px\" \/><\/a><\/p>\n","protected":false},"excerpt":{"rendered":"<p>Ru\u017eov\u00e9 bez\u0161vov\u00e9 leg\u00edny &#8220;popol ru\u017e\u00ed&#8221; s ob\u013e\u00faben\u00fdm tvarovac\u00edm efektom Peach Pump, dokonale modeluj\u00fa telo a vytv\u00e1raj\u00fa pocit \u013eahkosti a pohodlia. Leg\u00edny s\u00fa vyroben\u00e9 z priliehavej bez\u0161vovej tkaniny, maj\u00fa vysok\u00fd p\u00e1s a ripstopov\u00fd opasok, ktor\u00fd spev\u0148uje a tvaruje p\u00e1s. Tento model je vhodn\u00fd na aerobik alebo fitness, s n\u00edm vyniknete a ka\u017ed\u00e9ho zaujmete, mo\u017eno ho kombinova\u0165 [&hellip;]<\/p>\n","protected":false},"featured_media":72643,"comment_status":"open","ping_status":"closed","template":"","meta":[],"product_brand":[],"product_cat":[313,148],"product_tag":[],"class_list":{"0":"post-73304","1":"product","2":"type-product","3":"status-publish","4":"has-post-thumbnail","6":"product_cat-damske-leginy-dlhe","7":"product_cat-damske-sportove-leginy","8":"pa_cviat-ruzovo","9":"pa_razmer-l-sk","10":"pa_razmer-m-sk-2","11":"pa_razmer-s-sk-2","12":"inventories-world","13":"inventories-uk","15":"first","16":"instock","17":"taxable","18":"shipping-taxable","19":"purchasable","20":"product-type-variable"},"_links":{"self":[{"href":"https:\/\/staging6.peach-pump.com\/sk\/wp-json\/wp\/v2\/product\/73304","targetHints":{"allow":["GET"]}}],"collection":[{"href":"https:\/\/staging6.peach-pump.com\/sk\/wp-json\/wp\/v2\/product"}],"about":[{"href":"https:\/\/staging6.peach-pump.com\/sk\/wp-json\/wp\/v2\/types\/product"}],"replies":[{"embeddable":true,"href":"https:\/\/staging6.peach-pump.com\/sk\/wp-json\/wp\/v2\/comments?post=73304"}],"version-history":[{"count":0,"href":"https:\/\/staging6.peach-pump.com\/sk\/wp-json\/wp\/v2\/product\/73304\/revisions"}],"wp:featuredmedia":[{"embeddable":true,"href":"https:\/\/staging6.peach-pump.com\/sk\/wp-json\/wp\/v2\/media\/72643"}],"wp:attachment":[{"href":"https:\/\/staging6.peach-pump.com\/sk\/wp-json\/wp\/v2\/media?parent=73304"}],"wp:term":[{"taxonomy":"product_brand","embeddable":true,"href":"https:\/\/staging6.peach-pump.com\/sk\/wp-json\/wp\/v2\/product_brand?post=73304"},{"taxonomy":"product_cat","embeddable":true,"href":"https:\/\/staging6.peach-pump.com\/sk\/wp-json\/wp\/v2\/product_cat?post=73304"},{"taxonomy":"product_tag","embeddable":true,"href":"https:\/\/staging6.peach-pump.com\/sk\/wp-json\/wp\/v2\/product_tag?post=73304"}],"curies":[{"name":"wp","href":"https:\/\/api.w.org\/{rel}","templated":true}]}}