{"id":73308,"date":"2024-04-01T01:14:25","date_gmt":"2024-03-31T23:14:25","guid":{"rendered":"https:\/\/staging6.peach-pump.com\/products\/damska-bezsvova-sportova-suprava-v-ruzovej-farbe-s-tvarovacim-a-zdvihacim-efektom\/"},"modified":"2025-10-23T12:29:37","modified_gmt":"2025-10-23T10:29:37","slug":"bezsvova-sportova-suprava-ruzova-2","status":"publish","type":"product","link":"https:\/\/staging6.peach-pump.com\/sk\/products\/bezsvova-sportova-suprava-ruzova-2\/","title":{"rendered":"Bez\u0161vov\u00e1 \u0161portov\u00e1 s\u00faprava v ru\u017eovej farbe"},"content":{"rendered":"<p>D\u00e1msky bez\u0161vov\u00fd dvojdielny \u0161portov\u00fd set v ru\u017eovej farbe s tvarovac\u00edm a zdv\u00edhac\u00edm efektom. Suk\u0148a je vyroben\u00e1 z bez\u0161vovej tkaniny vo farbe &#8220;popol ru\u017e\u00ed&#8221;, m\u00e1 vysok\u00fd p\u00e1s a \u0161irok\u00fd ripstopov\u00fd opasok, ktor\u00fd jemne s\u0165ahuje a kr\u00e1sne tvaruje p\u00e1s. Podprsenka m\u00e1 vypch\u00e1vky, hlboko vykrojen\u00fd chrb\u00e1t a \u0161tvorstup\u0148ov\u00e9 zap\u00ednanie na \u00fapravu obvodu p\u0155s. T\u00e1to s\u00faprava perfektne sed\u00ed na tele a modeluje postavu, je vhodn\u00e1 pre akt\u00edvne \u0161portuj\u00face \u017eeny, ako aj na pokojnej\u0161ie kardio cvi\u010denia a prech\u00e1dzky.<\/p>\n<p>O podprsenke:<\/p>\n<ul>\n<li>V\u0161it\u00e9 vypch\u00e1vky<\/li>\n<li>Push-Up efekt<\/li>\n<li>Hlbok\u00fd rez chrbta<\/li>\n<li>Ve\u013ek\u00e1 pru\u017enos\u0165<\/li>\n<li>\u0160tvorstup\u0148ov\u00e9 zap\u00ednanie<\/li>\n<li>Tepelne vytla\u010den\u00e9 logo Peach Pump na boku podprsenky<\/li>\n<li>Technol\u00f3gia odstra\u0148ovania potu<\/li>\n<\/ul>\n<p>O leg\u00ednach:<\/p>\n<ul>\n<li>Vysok\u00fd p\u00e1s<\/li>\n<li>Bez\u0161vov\u00e1 tkanina<\/li>\n<li>Zdv\u00edhaj\u00fa, tvaruj\u00fa, zakr\u00fdvaj\u00fa probl\u00e9mov\u00e9 partie<\/li>\n<li>Opasok obop\u00ednaj\u00faci p\u00e1s<\/li>\n<li>Peachy efekt<\/li>\n<li>Bez\u0161vov\u00e9 vpredu<\/li>\n<li>Tepelne vytla\u010den\u00e9 Peach Pump logo na zadnej strane leg\u00edn<\/li>\n<li>Technol\u00f3gia odstra\u0148ovania potu<\/li>\n<\/ul>\n<p>Zlo\u017eenie: 80% polyester, 20% spandex.<\/p>\n<p>Oble\u010denie je mo\u017en\u00e9 pra\u0165 pri teplote do 30\u00b0 C, nepou\u017e\u00edvajte bielidl\u00e1 ani chemick\u00e9 \u010distenie.<\/p>\n<p>Modelka na obr\u00e1zku je vysok\u00e1 178 cm, v\u00e1\u017ei 54 kg a p\u00f3zuje pre pdoprsenku vo ve\u013ekosti M, pre leg\u00edny vo ve\u013ekosti M.<\/p>\n<p>Na v\u00fdber presnej ve\u013ekosti pou\u017eite tabu\u013eky.<\/p>\n<p><a href=\"https:\/\/staging6.peach-pump.com\/wp-content\/uploads\/2024\/04\/7ACDDC23-3BB3-4220-B273-C079DABBAC53-800x800.png\"> <\/a><a href=\"https:\/\/staging6.peach-pump.com\/wp-content\/uploads\/2024\/04\/7ACDDC23-3BB3-4220-B273-C079DABBAC53-800x800.png\" target=\"_blank\" rel=\"noopener\"><img loading=\"lazy\" decoding=\"async\" class=\"alignnone wp-image-72618\" src=\"https:\/\/staging6.peach-pump.com\/wp-content\/uploads\/2024\/04\/7ACDDC23-3BB3-4220-B273-C079DABBAC53-800x800.png\" alt=\"\" width=\"500\" height=\"500\" srcset=\"https:\/\/staging6.peach-pump.com\/wp-content\/uploads\/2024\/04\/7ACDDC23-3BB3-4220-B273-C079DABBAC53-800x800.png 800w, https:\/\/staging6.peach-pump.com\/wp-content\/uploads\/2024\/04\/7ACDDC23-3BB3-4220-B273-C079DABBAC53-480x480.png 480w, https:\/\/staging6.peach-pump.com\/wp-content\/uploads\/2024\/04\/7ACDDC23-3BB3-4220-B273-C079DABBAC53-1000x1000.png 1000w, https:\/\/staging6.peach-pump.com\/wp-content\/uploads\/2024\/04\/7ACDDC23-3BB3-4220-B273-C079DABBAC53-300x300.png 300w, https:\/\/staging6.peach-pump.com\/wp-content\/uploads\/2024\/04\/7ACDDC23-3BB3-4220-B273-C079DABBAC53-150x150.png 150w, https:\/\/staging6.peach-pump.com\/wp-content\/uploads\/2024\/04\/7ACDDC23-3BB3-4220-B273-C079DABBAC53-768x768.png 768w, https:\/\/staging6.peach-pump.com\/wp-content\/uploads\/2024\/04\/7ACDDC23-3BB3-4220-B273-C079DABBAC53-990x990.png 990w, https:\/\/staging6.peach-pump.com\/wp-content\/uploads\/2024\/04\/7ACDDC23-3BB3-4220-B273-C079DABBAC53-441x441.png 441w, https:\/\/staging6.peach-pump.com\/wp-content\/uploads\/2024\/04\/7ACDDC23-3BB3-4220-B273-C079DABBAC53-100x100.png 100w, https:\/\/staging6.peach-pump.com\/wp-content\/uploads\/2024\/04\/7ACDDC23-3BB3-4220-B273-C079DABBAC53-64x64.png 64w, https:\/\/staging6.peach-pump.com\/wp-content\/uploads\/2024\/04\/7ACDDC23-3BB3-4220-B273-C079DABBAC53.png 1080w\" sizes=\"auto, (max-width: 500px) 100vw, 500px\" \/><\/a><\/p>\n<p><a href=\"https:\/\/staging6.peach-pump.com\/wp-content\/uploads\/2024\/04\/C274427E-CD99-455E-B65B-E536C277DEAA.png\" target=\"_blank\" rel=\"noopener\"><img loading=\"lazy\" decoding=\"async\" class=\"alignnone wp-image-72322\" src=\"https:\/\/staging6.peach-pump.com\/wp-content\/uploads\/2024\/04\/C274427E-CD99-455E-B65B-E536C277DEAA.png\" alt=\"\" width=\"714\" height=\"536\" srcset=\"https:\/\/staging6.peach-pump.com\/wp-content\/uploads\/2024\/04\/C274427E-CD99-455E-B65B-E536C277DEAA.png 1024w, https:\/\/staging6.peach-pump.com\/wp-content\/uploads\/2024\/04\/C274427E-CD99-455E-B65B-E536C277DEAA-480x360.png 480w, https:\/\/staging6.peach-pump.com\/wp-content\/uploads\/2024\/04\/C274427E-CD99-455E-B65B-E536C277DEAA-1000x750.png 1000w, https:\/\/staging6.peach-pump.com\/wp-content\/uploads\/2024\/04\/C274427E-CD99-455E-B65B-E536C277DEAA-400x300.png 400w, https:\/\/staging6.peach-pump.com\/wp-content\/uploads\/2024\/04\/C274427E-CD99-455E-B65B-E536C277DEAA-768x576.png 768w, https:\/\/staging6.peach-pump.com\/wp-content\/uploads\/2024\/04\/C274427E-CD99-455E-B65B-E536C277DEAA-990x743.png 990w, https:\/\/staging6.peach-pump.com\/wp-content\/uploads\/2024\/04\/C274427E-CD99-455E-B65B-E536C277DEAA-441x331.png 441w, https:\/\/staging6.peach-pump.com\/wp-content\/uploads\/2024\/04\/C274427E-CD99-455E-B65B-E536C277DEAA-150x113.png 150w, https:\/\/staging6.peach-pump.com\/wp-content\/uploads\/2024\/04\/C274427E-CD99-455E-B65B-E536C277DEAA-64x48.png 64w\" sizes=\"auto, (max-width: 714px) 100vw, 714px\" \/><\/a><\/p>\n","protected":false},"excerpt":{"rendered":"<p>D\u00e1msky bez\u0161vov\u00fd dvojdielny \u0161portov\u00fd set v ru\u017eovej farbe s tvarovac\u00edm a zdv\u00edhac\u00edm efektom. Suk\u0148a je vyroben\u00e1 z bez\u0161vovej tkaniny vo farbe &#8220;popol ru\u017e\u00ed&#8221;, m\u00e1 vysok\u00fd p\u00e1s a \u0161irok\u00fd ripstopov\u00fd opasok, ktor\u00fd jemne s\u0165ahuje a kr\u00e1sne tvaruje p\u00e1s. Podprsenka m\u00e1 vypch\u00e1vky, hlboko vykrojen\u00fd chrb\u00e1t a \u0161tvorstup\u0148ov\u00e9 zap\u00ednanie na \u00fapravu obvodu p\u0155s. T\u00e1to s\u00faprava perfektne sed\u00ed na [&hellip;]<\/p>\n","protected":false},"featured_media":72664,"comment_status":"open","ping_status":"closed","template":"","meta":[],"product_brand":[],"product_cat":[372,374],"product_tag":[],"class_list":{"0":"post-73308","1":"product","2":"type-product","3":"status-publish","4":"has-post-thumbnail","6":"product_cat-sportov-sety","7":"product_cat-sportove-supravy-s-leginami","8":"inventories-world","9":"inventories-uk","11":"first","12":"instock","13":"virtual","14":"taxable","15":"purchasable","16":"product-type-yith_bundle"},"_links":{"self":[{"href":"https:\/\/staging6.peach-pump.com\/en\/wp-json\/wp\/v2\/product\/73308","targetHints":{"allow":["GET"]}}],"collection":[{"href":"https:\/\/staging6.peach-pump.com\/en\/wp-json\/wp\/v2\/product"}],"about":[{"href":"https:\/\/staging6.peach-pump.com\/en\/wp-json\/wp\/v2\/types\/product"}],"replies":[{"embeddable":true,"href":"https:\/\/staging6.peach-pump.com\/en\/wp-json\/wp\/v2\/comments?post=73308"}],"version-history":[{"count":0,"href":"https:\/\/staging6.peach-pump.com\/en\/wp-json\/wp\/v2\/product\/73308\/revisions"}],"wp:featuredmedia":[{"embeddable":true,"href":"https:\/\/staging6.peach-pump.com\/en\/wp-json\/wp\/v2\/media\/72664"}],"wp:attachment":[{"href":"https:\/\/staging6.peach-pump.com\/en\/wp-json\/wp\/v2\/media?parent=73308"}],"wp:term":[{"taxonomy":"product_brand","embeddable":true,"href":"https:\/\/staging6.peach-pump.com\/en\/wp-json\/wp\/v2\/product_brand?post=73308"},{"taxonomy":"product_cat","embeddable":true,"href":"https:\/\/staging6.peach-pump.com\/en\/wp-json\/wp\/v2\/product_cat?post=73308"},{"taxonomy":"product_tag","embeddable":true,"href":"https:\/\/staging6.peach-pump.com\/en\/wp-json\/wp\/v2\/product_tag?post=73308"}],"curies":[{"name":"wp","href":"https:\/\/api.w.org\/{rel}","templated":true}]}}