{"id":73313,"date":"2024-04-06T14:34:39","date_gmt":"2024-04-06T12:34:39","guid":{"rendered":"https:\/\/staging6.peach-pump.com\/products\/sportove-bavlnene-tricko-s-napismi-kratkymi-rukavmi-a-vystrihom-do-v\/"},"modified":"2025-11-09T18:20:35","modified_gmt":"2025-11-09T16:20:35","slug":"tricko-s-napismi-biele-s-modrou","status":"publish","type":"product","link":"https:\/\/staging6.peach-pump.com\/sk\/products\/tricko-s-napismi-biele-s-modrou\/","title":{"rendered":"Tri\u010dko s n\u00e1pismi, biele s modrou"},"content":{"rendered":"<p>\u0160portov\u00e9 bavlnen\u00e9 tri\u010dko s n\u00e1pismi, kr\u00e1tkymi ruk\u00e1vmi a v\u00fdstrihom do V. Tri\u010dko je biele s modr\u00fdm logom, man\u017eetou a 3D v\u00fd\u0161ivkou Peach Pump. \u0160portov\u00e9 tri\u010dko Peach Pump z limitovanej ed\u00edcie, v ktorej sa budete c\u00edti\u0165 pohodlne, slobodne a sexy. Tento dizajn sa dokonale kombinuje so \u0161ortkami alebo leg\u00ednami tejto zna\u010dky, ktor\u00e9 dokonale dotvoria v\u00e1\u0161 outfit a s\u00fa vhodn\u00e9 na \u0161port aj vo\u013en\u00fd \u010das.<\/p>\n<ul>\n<li>Bavlnen\u00e9 tri\u010dko<\/li>\n<li>V\u00fdstrih do V s man\u017eetou<\/li>\n<li>3D v\u00fd\u0161ivka Peach Pump<\/li>\n<li>Vo\u013en\u00fd strih<\/li>\n<li>Kr\u00e1tky ruk\u00e1v<\/li>\n<\/ul>\n<p>Zlo\u017eenie: 95% bavlna, 5% elastan<\/p>\n<p>Top je mo\u017en\u00e9 pra\u0165 pri teplote do 30 \u00b0C. Nepou\u017e\u00edva\u0165 bielenie alebo chemick\u00e9 \u010distenie.<\/p>\n<p>Modelka na obr\u00e1zku je vysok\u00e1 170 cm, v\u00e1\u017ei 49 kg a p\u00f3zuje vo ve\u013ekosti S.<\/p>\n<p>Na v\u00fdber presnej ve\u013ekosti pou\u017eite tabu\u013eky.<\/p>\n","protected":false},"excerpt":{"rendered":"<p>\u0160portov\u00e9 bavlnen\u00e9 tri\u010dko s n\u00e1pismi, kr\u00e1tkymi ruk\u00e1vmi a v\u00fdstrihom do V. Tri\u010dko je biele s modr\u00fdm logom, man\u017eetou a 3D v\u00fd\u0161ivkou Peach Pump. \u0160portov\u00e9 tri\u010dko Peach Pump z limitovanej ed\u00edcie, v ktorej sa budete c\u00edti\u0165 pohodlne, slobodne a sexy. Tento dizajn sa dokonale kombinuje so \u0161ortkami alebo leg\u00ednami tejto zna\u010dky, ktor\u00e9 dokonale dotvoria v\u00e1\u0161 outfit [&hellip;]<\/p>\n","protected":false},"featured_media":73858,"comment_status":"open","ping_status":"closed","template":"","meta":[],"product_brand":[],"product_cat":[370],"product_tag":[],"class_list":{"0":"post-73313","1":"product","2":"type-product","3":"status-publish","4":"has-post-thumbnail","6":"product_cat-damske-sportove-bluzky","7":"pa_cviat-modr-sk","8":"pa_razmer-m-sk-2","9":"pa_razmer-s-sk-2","10":"inventories-world","11":"inventories-uk","13":"first","14":"instock","15":"sale","16":"taxable","17":"shipping-taxable","18":"purchasable","19":"product-type-variable"},"_links":{"self":[{"href":"https:\/\/staging6.peach-pump.com\/sk\/wp-json\/wp\/v2\/product\/73313","targetHints":{"allow":["GET"]}}],"collection":[{"href":"https:\/\/staging6.peach-pump.com\/sk\/wp-json\/wp\/v2\/product"}],"about":[{"href":"https:\/\/staging6.peach-pump.com\/sk\/wp-json\/wp\/v2\/types\/product"}],"replies":[{"embeddable":true,"href":"https:\/\/staging6.peach-pump.com\/sk\/wp-json\/wp\/v2\/comments?post=73313"}],"version-history":[{"count":0,"href":"https:\/\/staging6.peach-pump.com\/sk\/wp-json\/wp\/v2\/product\/73313\/revisions"}],"wp:featuredmedia":[{"embeddable":true,"href":"https:\/\/staging6.peach-pump.com\/sk\/wp-json\/wp\/v2\/media\/73858"}],"wp:attachment":[{"href":"https:\/\/staging6.peach-pump.com\/sk\/wp-json\/wp\/v2\/media?parent=73313"}],"wp:term":[{"taxonomy":"product_brand","embeddable":true,"href":"https:\/\/staging6.peach-pump.com\/sk\/wp-json\/wp\/v2\/product_brand?post=73313"},{"taxonomy":"product_cat","embeddable":true,"href":"https:\/\/staging6.peach-pump.com\/sk\/wp-json\/wp\/v2\/product_cat?post=73313"},{"taxonomy":"product_tag","embeddable":true,"href":"https:\/\/staging6.peach-pump.com\/sk\/wp-json\/wp\/v2\/product_tag?post=73313"}],"curies":[{"name":"wp","href":"https:\/\/api.w.org\/{rel}","templated":true}]}}