{"id":73319,"date":"2024-04-06T14:52:18","date_gmt":"2024-04-06T12:52:18","guid":{"rendered":"https:\/\/staging6.peach-pump.com\/?post_type=product&#038;p=73319"},"modified":"2025-11-09T13:54:37","modified_gmt":"2025-11-09T11:54:37","slug":"modre-damske-sortky-s-vreckami","status":"publish","type":"product","link":"https:\/\/staging6.peach-pump.com\/sk\/products\/modre-damske-sortky-s-vreckami\/","title":{"rendered":"Modr\u00e9 d\u00e1mske \u0161ortky s vreckami"},"content":{"rendered":"<p>Modr\u00e9 d\u00e1mske \u0161portov\u00e9 \u0161ortky. Model m\u00e1 vreck\u00e1 vpredu a v\u00fd\u0161ivku Peach Pump na vrecku. \u0160ortky maj\u00fa \u0161n\u00farky, ktor\u00fdmi si m\u00f4\u017eete stiahnu\u0165 p\u00e1s pre v\u00e4\u010d\u0161\u00ed komfort a pohodlie po\u010das cvi\u010denia. Tento model sa dokonale kombinuje s na\u0161\u00edm topom Peach Pump s v\u00fdstrihom do V alebo kr\u00e1tkym Crop Topom, ktor\u00e9 dokonale dotvoria v\u00e1\u0161 vzh\u013ead a s\u00fa vhodn\u00e9 na fitness aj vo\u013en\u00fd \u010das.<\/p>\n<ul>\n<li>Bavlnen\u00e9 \u0161ortky<\/li>\n<li>Ve\u013ekolep\u00fd dizajn<\/li>\n<li>Vreck\u00e1 v prednej \u010dasti<\/li>\n<li>V\u00fd\u0161ivka Peach Pump<\/li>\n<li>\u0160n\u00farky na stiahnutie v p\u00e1se<\/li>\n<\/ul>\n<p>Zlo\u017eenie: 95% bavlna, 5% elastan<\/p>\n<p>\u0160ortky mo\u017eno pra\u0165 pri teplote do 30 stup\u0148ov, nepou\u017e\u00edvajte bielidl\u00e1 ani chemick\u00e9 \u010distenie.<\/p>\n<p>Modelka na obr\u00e1zku je vysok\u00e1 170 cm, v\u00e1\u017ei 49 kg a p\u00f3zuje vo ve\u013ekosti S.<\/p>\n<p>Na v\u00fdber presnej ve\u013ekosti pou\u017eite tabu\u013eky.<\/p>\n","protected":false},"excerpt":{"rendered":"<p>Modr\u00e9 d\u00e1mske \u0161portov\u00e9 \u0161ortky. Model m\u00e1 vreck\u00e1 vpredu a v\u00fd\u0161ivku Peach Pump na vrecku. \u0160ortky maj\u00fa \u0161n\u00farky, ktor\u00fdmi si m\u00f4\u017eete stiahnu\u0165 p\u00e1s pre v\u00e4\u010d\u0161\u00ed komfort a pohodlie po\u010das cvi\u010denia. Tento model sa dokonale kombinuje s na\u0161\u00edm topom Peach Pump s v\u00fdstrihom do V alebo kr\u00e1tkym Crop Topom, ktor\u00e9 dokonale dotvoria v\u00e1\u0161 vzh\u013ead a s\u00fa vhodn\u00e9 [&hellip;]<\/p>\n","protected":false},"featured_media":73913,"comment_status":"open","ping_status":"closed","template":"","meta":[],"product_brand":[],"product_cat":[203,148,188],"product_tag":[],"class_list":{"0":"post-73319","1":"product","2":"type-product","3":"status-publish","4":"has-post-thumbnail","6":"product_cat-kratke-leginy-sk","7":"product_cat-damske-sportove-leginy","8":"product_cat-leginy-s-vreckami","9":"pa_cviat-modr-sk","10":"pa_razmer-m-sk-2","11":"pa_razmer-s-sk-2","12":"inventories-world","13":"inventories-uk","15":"first","16":"instock","17":"sale","18":"taxable","19":"shipping-taxable","20":"purchasable","21":"product-type-variable"},"_links":{"self":[{"href":"https:\/\/staging6.peach-pump.com\/en\/wp-json\/wp\/v2\/product\/73319","targetHints":{"allow":["GET"]}}],"collection":[{"href":"https:\/\/staging6.peach-pump.com\/en\/wp-json\/wp\/v2\/product"}],"about":[{"href":"https:\/\/staging6.peach-pump.com\/en\/wp-json\/wp\/v2\/types\/product"}],"replies":[{"embeddable":true,"href":"https:\/\/staging6.peach-pump.com\/en\/wp-json\/wp\/v2\/comments?post=73319"}],"version-history":[{"count":0,"href":"https:\/\/staging6.peach-pump.com\/en\/wp-json\/wp\/v2\/product\/73319\/revisions"}],"wp:featuredmedia":[{"embeddable":true,"href":"https:\/\/staging6.peach-pump.com\/en\/wp-json\/wp\/v2\/media\/73913"}],"wp:attachment":[{"href":"https:\/\/staging6.peach-pump.com\/en\/wp-json\/wp\/v2\/media?parent=73319"}],"wp:term":[{"taxonomy":"product_brand","embeddable":true,"href":"https:\/\/staging6.peach-pump.com\/en\/wp-json\/wp\/v2\/product_brand?post=73319"},{"taxonomy":"product_cat","embeddable":true,"href":"https:\/\/staging6.peach-pump.com\/en\/wp-json\/wp\/v2\/product_cat?post=73319"},{"taxonomy":"product_tag","embeddable":true,"href":"https:\/\/staging6.peach-pump.com\/en\/wp-json\/wp\/v2\/product_tag?post=73319"}],"curies":[{"name":"wp","href":"https:\/\/api.w.org\/{rel}","templated":true}]}}