{"id":73322,"date":"2024-04-06T15:11:19","date_gmt":"2024-04-06T13:11:19","guid":{"rendered":"https:\/\/staging6.peach-pump.com\/?post_type=product&#038;p=73322"},"modified":"2025-11-02T13:10:26","modified_gmt":"2025-11-02T11:10:26","slug":"ruzovy-sportovy-top-kratky","status":"publish","type":"product","link":"https:\/\/staging6.peach-pump.com\/sk\/products\/ruzovy-sportovy-top-kratky\/","title":{"rendered":"Kr\u00e1tky ru\u017eov\u00fd \u0161portov\u00fd top s v\u00fd\u0161ivkou Peach Pump"},"content":{"rendered":"<p>Kr\u00e1tky ru\u017eov\u00fd top s modern\u00fdm dizajnom a efektnou bielou 3D v\u00fd\u0161ivkou Peach Pump. Toto tri\u010dko Crop Top je bavlnen\u00e9, pr\u00edjemn\u00e9 na dotyk a ide\u00e1lne do teplej\u0161ieho po\u010dasia. Je vhodn\u00fd na vo\u013eno\u010dasov\u00e9 prech\u00e1dzky aj na cvi\u010denie v posil\u0148ovni, budete sa v \u0148om c\u00edti\u0165 pohodlne a sexy. Model sa dokonale kombinuje so \u0161ortkami alebo leg\u00ednami zna\u010dky, ktor\u00e9 dotv\u00e1raj\u00fa v\u00e1\u0161 dokonal\u00fd vzh\u013ead.<\/p>\n<ul>\n<li>Crop Top<\/li>\n<li>Ve\u013ekolep\u00fd dizajn<\/li>\n<li>3D vy\u0161\u00edvan\u00fd n\u00e1pis a logo Peach Pump na prednej strane<\/li>\n<li>Bavlnen\u00e1 tkanina<\/li>\n<\/ul>\n<p>Zlo\u017eenie: 95% bavlna, 5% elastan<\/p>\n<p>Top je mo\u017en\u00e9 pra\u0165 pri teplote do 30 \u00b0C. Nepou\u017e\u00edva\u0165 bielenie alebo chemick\u00e9 \u010distenie.<\/p>\n<p>Modelka na obr\u00e1zku je vysok\u00e1 170 cm, v\u00e1\u017ei 49 kg a p\u00f3zuje vo ve\u013ekosti S.<\/p>\n<p>Na v\u00fdber presnej ve\u013ekosti pou\u017eite tabu\u013eky.<\/p>\n","protected":false},"excerpt":{"rendered":"<p>Kr\u00e1tky ru\u017eov\u00fd top s modern\u00fdm dizajnom a efektnou bielou 3D v\u00fd\u0161ivkou Peach Pump. Toto tri\u010dko Crop Top je bavlnen\u00e9, pr\u00edjemn\u00e9 na dotyk a ide\u00e1lne do teplej\u0161ieho po\u010dasia. Je vhodn\u00fd na vo\u013eno\u010dasov\u00e9 prech\u00e1dzky aj na cvi\u010denie v posil\u0148ovni, budete sa v \u0148om c\u00edti\u0165 pohodlne a sexy. Model sa dokonale kombinuje so \u0161ortkami alebo leg\u00ednami zna\u010dky, ktor\u00e9 [&hellip;]<\/p>\n","protected":false},"featured_media":73965,"comment_status":"open","ping_status":"closed","template":"","meta":[],"product_brand":[],"product_cat":[370],"product_tag":[],"class_list":{"0":"post-73322","1":"product","2":"type-product","3":"status-publish","4":"has-post-thumbnail","6":"product_cat-damske-sportove-bluzky","7":"pa_cviat-ruzovo","8":"pa_razmer-m-sk-2","9":"pa_razmer-s-sk-2","10":"inventories-world","11":"inventories-uk","13":"first","14":"instock","15":"taxable","16":"shipping-taxable","17":"purchasable","18":"product-type-variable"},"_links":{"self":[{"href":"https:\/\/staging6.peach-pump.com\/sk\/wp-json\/wp\/v2\/product\/73322","targetHints":{"allow":["GET"]}}],"collection":[{"href":"https:\/\/staging6.peach-pump.com\/sk\/wp-json\/wp\/v2\/product"}],"about":[{"href":"https:\/\/staging6.peach-pump.com\/sk\/wp-json\/wp\/v2\/types\/product"}],"replies":[{"embeddable":true,"href":"https:\/\/staging6.peach-pump.com\/sk\/wp-json\/wp\/v2\/comments?post=73322"}],"version-history":[{"count":0,"href":"https:\/\/staging6.peach-pump.com\/sk\/wp-json\/wp\/v2\/product\/73322\/revisions"}],"wp:featuredmedia":[{"embeddable":true,"href":"https:\/\/staging6.peach-pump.com\/sk\/wp-json\/wp\/v2\/media\/73965"}],"wp:attachment":[{"href":"https:\/\/staging6.peach-pump.com\/sk\/wp-json\/wp\/v2\/media?parent=73322"}],"wp:term":[{"taxonomy":"product_brand","embeddable":true,"href":"https:\/\/staging6.peach-pump.com\/sk\/wp-json\/wp\/v2\/product_brand?post=73322"},{"taxonomy":"product_cat","embeddable":true,"href":"https:\/\/staging6.peach-pump.com\/sk\/wp-json\/wp\/v2\/product_cat?post=73322"},{"taxonomy":"product_tag","embeddable":true,"href":"https:\/\/staging6.peach-pump.com\/sk\/wp-json\/wp\/v2\/product_tag?post=73322"}],"curies":[{"name":"wp","href":"https:\/\/api.w.org\/{rel}","templated":true}]}}