{"id":73342,"date":"2024-04-06T21:24:18","date_gmt":"2024-04-06T19:24:18","guid":{"rendered":"https:\/\/staging6.peach-pump.com\/?post_type=product&#038;p=73342"},"modified":"2025-10-21T11:08:36","modified_gmt":"2025-10-21T09:08:36","slug":"damska-sportova-bunda-vetrovka-fialova","status":"publish","type":"product","link":"https:\/\/staging6.peach-pump.com\/sk\/products\/damska-sportova-bunda-vetrovka-fialova\/","title":{"rendered":"Fialov\u00e1 d\u00e1mska \u0161portov\u00e1 bunda typu vetrovky"},"content":{"rendered":"<p>Fialov\u00e1 d\u00e1mska \u0161portov\u00e1 bunda s kapuc\u0148ou, limitovan\u00e1 ed\u00edcia zna\u010dky s ve\u013ekolep\u00fdm dizajnom v svetlo fialovej farbe. Tento model je typ vetrovky, vhodn\u00fd na beh alebo prech\u00e1dzky, na tepl\u00e9 letn\u00e9 dni. Bunda s kapuc\u0148ou m\u00e1 zopnut\u00fd p\u00e1s a pogumovan\u00e9 logo Peach Pump. L\u00e1tka n\u00e1dherne l\u00e1me svetlo a vytv\u00e1ra dojem kozmick\u00e9ho dizajnu. S t\u00fdmto kr\u00e1snym modelom si v\u00e1s v\u0161imn\u00fa a budete in\u00e1, perfektne sa kombinuje so \u0161portov\u00fdm oble\u010den\u00edm v jednoduch\u00fdch farb\u00e1ch zna\u010dky.<\/p>\n<ul>\n<li>Tkanina odr\u00e1\u017eaj\u00faca svetlo<\/li>\n<li>Kapuc\u0148a<\/li>\n<li>Nastavite\u013en\u00fd lem s elastick\u00fdmi \u0161n\u00farkami<\/li>\n<li>Zap\u00ednanie na zips vpredu<\/li>\n<li>Pogumovan\u00e9 logo Peach Pump<\/li>\n<li>Gumi\u010dky na ruk\u00e1voch<\/li>\n<\/ul>\n<p>Zlo\u017eenie: 100% polyester<\/p>\n<p>Mikinu mo\u017eno pra\u0165 na 30\u00b0C, nepou\u017e\u00edvajte bielidl\u00e1 ani chemick\u00e9 \u010distenie.<\/p>\n<p>Modelka na obr\u00e1zku je vysok\u00e1 170 cm, v\u00e1\u017ei 49 kg a p\u00f3zuje vo ve\u013ekosti S.<\/p>\n<p>Na v\u00fdber presnej ve\u013ekosti pou\u017eite tabu\u013eky.<\/p>\n","protected":false},"excerpt":{"rendered":"<p>Fialov\u00e1 d\u00e1mska \u0161portov\u00e1 bunda s kapuc\u0148ou, limitovan\u00e1 ed\u00edcia zna\u010dky s ve\u013ekolep\u00fdm dizajnom v svetlo fialovej farbe. Tento model je typ vetrovky, vhodn\u00fd na beh alebo prech\u00e1dzky, na tepl\u00e9 letn\u00e9 dni. Bunda s kapuc\u0148ou m\u00e1 zopnut\u00fd p\u00e1s a pogumovan\u00e9 logo Peach Pump. L\u00e1tka n\u00e1dherne l\u00e1me svetlo a vytv\u00e1ra dojem kozmick\u00e9ho dizajnu. S t\u00fdmto kr\u00e1snym modelom si [&hellip;]<\/p>\n","protected":false},"featured_media":74111,"comment_status":"open","ping_status":"closed","template":"","meta":[],"product_brand":[],"product_cat":[925],"product_tag":[],"class_list":{"0":"post-73342","1":"product","2":"type-product","3":"status-publish","4":"has-post-thumbnail","6":"product_cat-damske-bundy-sk","7":"pa_cviat-fialova-sk","8":"pa_razmer-m-sk-2","9":"pa_razmer-s-sk-2","10":"inventories-world","11":"inventories-uk","13":"first","14":"instock","15":"taxable","16":"shipping-taxable","17":"purchasable","18":"product-type-variable"},"_links":{"self":[{"href":"https:\/\/staging6.peach-pump.com\/en\/wp-json\/wp\/v2\/product\/73342","targetHints":{"allow":["GET"]}}],"collection":[{"href":"https:\/\/staging6.peach-pump.com\/en\/wp-json\/wp\/v2\/product"}],"about":[{"href":"https:\/\/staging6.peach-pump.com\/en\/wp-json\/wp\/v2\/types\/product"}],"replies":[{"embeddable":true,"href":"https:\/\/staging6.peach-pump.com\/en\/wp-json\/wp\/v2\/comments?post=73342"}],"version-history":[{"count":0,"href":"https:\/\/staging6.peach-pump.com\/en\/wp-json\/wp\/v2\/product\/73342\/revisions"}],"wp:featuredmedia":[{"embeddable":true,"href":"https:\/\/staging6.peach-pump.com\/en\/wp-json\/wp\/v2\/media\/74111"}],"wp:attachment":[{"href":"https:\/\/staging6.peach-pump.com\/en\/wp-json\/wp\/v2\/media?parent=73342"}],"wp:term":[{"taxonomy":"product_brand","embeddable":true,"href":"https:\/\/staging6.peach-pump.com\/en\/wp-json\/wp\/v2\/product_brand?post=73342"},{"taxonomy":"product_cat","embeddable":true,"href":"https:\/\/staging6.peach-pump.com\/en\/wp-json\/wp\/v2\/product_cat?post=73342"},{"taxonomy":"product_tag","embeddable":true,"href":"https:\/\/staging6.peach-pump.com\/en\/wp-json\/wp\/v2\/product_tag?post=73342"}],"curies":[{"name":"wp","href":"https:\/\/api.w.org\/{rel}","templated":true}]}}