{"id":78193,"date":"2024-05-01T23:18:21","date_gmt":"2024-05-01T21:18:21","guid":{"rendered":"https:\/\/staging6.peach-pump.com\/products\/podprsenka-s-vypchavkami-tmavomodra\/"},"modified":"2025-11-10T20:24:48","modified_gmt":"2025-11-10T18:24:48","slug":"podprsenka-s-vypchavkami-tmavomodra","status":"publish","type":"product","link":"https:\/\/staging6.peach-pump.com\/sk\/products\/podprsenka-s-vypchavkami-tmavomodra\/","title":{"rendered":"Bez\u0161vov\u00e1 tmavomodr\u00e1 podprsenka s vypch\u00e1vkami"},"content":{"rendered":"<p>Bez\u0161vov\u00e1 tmavomodr\u00e1 \u0161portov\u00e1 podprsenka s vyberate\u013en\u00fdmi vypch\u00e1vkami a nastavite\u013en\u00fdmi ramienkami. Model je vyroben\u00fd z m\u00e4kkej, ve\u013emi pru\u017enej a priedu\u0161nej tkaniny, ktor\u00e1 odv\u00e1dza vlhkos\u0165 od tela. Podprsenka sa d\u00e1 nosi\u0165 aj pod oble\u010den\u00edm, jej dizajn je nen\u00e1padn\u00fd a vy budete ma\u0165 pocit pohodlia a vo\u013enosti pohybu. K dispoz\u00edcii s\u00fa v r\u00f4znych farb\u00e1ch, m\u00f4\u017eete ich zladi\u0165 s leg\u00ednami rovnakej farby alebo s in\u00fdmi. Pozrite sa v \u010dasti &#8220;\u0160portov\u00e9 s\u00fapravy&#8221;.<\/p>\n<ul>\n<li> Vypch\u00e1vky, ktor\u00e9 sa daj\u00fa odstr\u00e1ni\u0165.<\/li>\n<li> Push-Up efekt<\/li>\n<li> Nastavite\u013en\u00e9 ramienka<\/li>\n<li> Ve\u013ek\u00e1 pru\u017enos\u0165<\/li>\n<li> Tepelne vytla\u010den\u00e9 Peach Pump logo na bo\u010dnej \u010dasti podprsenky<\/li>\n<li> Technol\u00f3gia odstra\u0148ovania vlhkosti z tela<\/li>\n<\/ul>\n<p>Zlo\u017eenie: 80% polyester, 20% spandex<\/p>\n<p>Podprsenku je mo\u017en\u00e9 pra\u0165 pri teplote do 30\u00b0C. Nepou\u017e\u00edva\u0165 bielenie alebo chemick\u00e9 \u010distenie.<\/p>\n<p>Modelka na fotografii je vysok\u00e1 178 cm, v\u00e1\u017ei 54 kg a p\u00f3zuje vo ve\u013ekosti S.<\/p>\n<p>Na v\u00fdber presnej ve\u013ekosti pou\u017eite tabu\u013eky.<\/p>\n<p><a href=\"https:\/\/staging6.peach-pump.com\/wp-content\/uploads\/2024\/04\/7ACDDC23-3BB3-4220-B273-C079DABBAC53-800x800.png\"><img loading=\"lazy\" decoding=\"async\" class=\"alignnone wp-image-72618 \" src=\"https:\/\/staging6.peach-pump.com\/wp-content\/uploads\/2024\/04\/7ACDDC23-3BB3-4220-B273-C079DABBAC53-800x800.png\" alt=\"Tabu\u013eka ve\u013ekost\u00ed podprseniek Peach Pump\" width=\"483\" height=\"483\" srcset=\"https:\/\/staging6.peach-pump.com\/wp-content\/uploads\/2024\/04\/7ACDDC23-3BB3-4220-B273-C079DABBAC53-800x800.png 800w, https:\/\/staging6.peach-pump.com\/wp-content\/uploads\/2024\/04\/7ACDDC23-3BB3-4220-B273-C079DABBAC53-480x480.png 480w, https:\/\/staging6.peach-pump.com\/wp-content\/uploads\/2024\/04\/7ACDDC23-3BB3-4220-B273-C079DABBAC53-1000x1000.png 1000w, https:\/\/staging6.peach-pump.com\/wp-content\/uploads\/2024\/04\/7ACDDC23-3BB3-4220-B273-C079DABBAC53-300x300.png 300w, https:\/\/staging6.peach-pump.com\/wp-content\/uploads\/2024\/04\/7ACDDC23-3BB3-4220-B273-C079DABBAC53-150x150.png 150w, https:\/\/staging6.peach-pump.com\/wp-content\/uploads\/2024\/04\/7ACDDC23-3BB3-4220-B273-C079DABBAC53-768x768.png 768w, https:\/\/staging6.peach-pump.com\/wp-content\/uploads\/2024\/04\/7ACDDC23-3BB3-4220-B273-C079DABBAC53-990x990.png 990w, https:\/\/staging6.peach-pump.com\/wp-content\/uploads\/2024\/04\/7ACDDC23-3BB3-4220-B273-C079DABBAC53-441x441.png 441w, https:\/\/staging6.peach-pump.com\/wp-content\/uploads\/2024\/04\/7ACDDC23-3BB3-4220-B273-C079DABBAC53-100x100.png 100w, https:\/\/staging6.peach-pump.com\/wp-content\/uploads\/2024\/04\/7ACDDC23-3BB3-4220-B273-C079DABBAC53-64x64.png 64w, https:\/\/staging6.peach-pump.com\/wp-content\/uploads\/2024\/04\/7ACDDC23-3BB3-4220-B273-C079DABBAC53.png 1080w\" sizes=\"auto, (max-width: 483px) 100vw, 483px\" \/><\/a><\/p>\n","protected":false},"excerpt":{"rendered":"<p>Bez\u0161vov\u00e1 tmavomodr\u00e1 \u0161portov\u00e1 podprsenka s vyberate\u013en\u00fdmi vypch\u00e1vkami a nastavite\u013en\u00fdmi ramienkami. Model je vyroben\u00fd z m\u00e4kkej, ve\u013emi pru\u017enej a priedu\u0161nej tkaniny, ktor\u00e1 odv\u00e1dza vlhkos\u0165 od tela. Podprsenka sa d\u00e1 nosi\u0165 aj pod oble\u010den\u00edm, jej dizajn je nen\u00e1padn\u00fd a vy budete ma\u0165 pocit pohodlia a vo\u013enosti pohybu. K dispoz\u00edcii s\u00fa v r\u00f4znych farb\u00e1ch, m\u00f4\u017eete ich zladi\u0165 s [&hellip;]<\/p>\n","protected":false},"featured_media":75555,"comment_status":"open","ping_status":"closed","template":"","meta":[],"product_brand":[],"product_cat":[371],"product_tag":[],"class_list":{"0":"post-78193","1":"product","2":"type-product","3":"status-publish","4":"has-post-thumbnail","6":"product_cat-damske-sportovni-podprsenky","7":"pa_cviat-tmavo-modre","8":"pa_razmer-m-sk-2","9":"pa_razmer-s-sk-2","10":"inventories-world","11":"inventories-uk","13":"first","14":"instock","15":"taxable","16":"shipping-taxable","17":"purchasable","18":"product-type-variable"},"_links":{"self":[{"href":"https:\/\/staging6.peach-pump.com\/sk\/wp-json\/wp\/v2\/product\/78193","targetHints":{"allow":["GET"]}}],"collection":[{"href":"https:\/\/staging6.peach-pump.com\/sk\/wp-json\/wp\/v2\/product"}],"about":[{"href":"https:\/\/staging6.peach-pump.com\/sk\/wp-json\/wp\/v2\/types\/product"}],"replies":[{"embeddable":true,"href":"https:\/\/staging6.peach-pump.com\/sk\/wp-json\/wp\/v2\/comments?post=78193"}],"version-history":[{"count":0,"href":"https:\/\/staging6.peach-pump.com\/sk\/wp-json\/wp\/v2\/product\/78193\/revisions"}],"wp:featuredmedia":[{"embeddable":true,"href":"https:\/\/staging6.peach-pump.com\/sk\/wp-json\/wp\/v2\/media\/75555"}],"wp:attachment":[{"href":"https:\/\/staging6.peach-pump.com\/sk\/wp-json\/wp\/v2\/media?parent=78193"}],"wp:term":[{"taxonomy":"product_brand","embeddable":true,"href":"https:\/\/staging6.peach-pump.com\/sk\/wp-json\/wp\/v2\/product_brand?post=78193"},{"taxonomy":"product_cat","embeddable":true,"href":"https:\/\/staging6.peach-pump.com\/sk\/wp-json\/wp\/v2\/product_cat?post=78193"},{"taxonomy":"product_tag","embeddable":true,"href":"https:\/\/staging6.peach-pump.com\/sk\/wp-json\/wp\/v2\/product_tag?post=78193"}],"curies":[{"name":"wp","href":"https:\/\/api.w.org\/{rel}","templated":true}]}}