{"id":78487,"date":"2024-05-14T21:38:58","date_gmt":"2024-05-14T19:38:58","guid":{"rendered":"https:\/\/staging6.peach-pump.com\/products\/gripy-na-zavazia-ruzove\/"},"modified":"2025-07-15T13:59:42","modified_gmt":"2025-07-15T11:59:42","slug":"gripy-na-zavazia-ruzove","status":"publish","type":"product","link":"https:\/\/staging6.peach-pump.com\/sk\/products\/gripy-na-zavazia-ruzove\/","title":{"rendered":"D\u00e1mske z\u00e1\u0165a\u017eov\u00e9 gripy v ru\u017eovej farbe"},"content":{"rendered":"<p>Pohodln\u00e9 d\u00e1mske gripy na z\u00e1va\u017eia v ru\u017eovej farbe, ktor\u00e9 s\u00fa ur\u010den\u00e9 na lep\u0161\u00ed \u00fachop pri vykon\u00e1van\u00ed ur\u010dit\u00fdch cvikov alebo tr\u00e9ningov v posil\u0148ovni a crossfitovej hale. Daj\u00fa sa pou\u017ei\u0165 na pr\u00ed\u0165ahy, m\u0155tve \u0165ahy a in\u00e9 cviky a vrchn\u00e1 \u010das\u0165 sa d\u00e1 pou\u017ei\u0165 aj na ochranu dlane. Maj\u00fa ko\u017een\u00fd zvr\u0161ok a man\u017eety, ktor\u00e9 pevne fixuj\u00fa \u00fachop.<\/p>\n<ul>\n<li>Ko\u017een\u00fd zvr\u0161ok pre lep\u0161iu pri\u013enavos\u0165 po\u010das netr\u00e9ningov\u00fdch aktiv\u00edt<\/li>\n<li>Such\u00fd zips na z\u00e1p\u00e4st\u00ed<\/li>\n<li>Gumen\u00e9 logo<\/li>\n<li>Neopr\u00e9nov\u00e9 podlo\u017eky<\/li>\n<li>Vrecko na ulo\u017eenie<\/li>\n<\/ul>\n<p>Zlo\u017eenie: ko\u017ea, guma, neopr\u00e9n<\/p>\n<p>Univerz\u00e1lna ve\u013ekos\u0165<\/p>\n","protected":false},"excerpt":{"rendered":"<p>Pohodln\u00e9 d\u00e1mske gripy na z\u00e1va\u017eia v ru\u017eovej farbe, ktor\u00e9 s\u00fa ur\u010den\u00e9 na lep\u0161\u00ed \u00fachop pri vykon\u00e1van\u00ed ur\u010dit\u00fdch cvikov alebo tr\u00e9ningov v posil\u0148ovni a crossfitovej hale. Daj\u00fa sa pou\u017ei\u0165 na pr\u00ed\u0165ahy, m\u0155tve \u0165ahy a in\u00e9 cviky a vrchn\u00e1 \u010das\u0165 sa d\u00e1 pou\u017ei\u0165 aj na ochranu dlane. Maj\u00fa ko\u017een\u00fd zvr\u0161ok a man\u017eety, ktor\u00e9 pevne fixuj\u00fa \u00fachop. Ko\u017een\u00fd [&hellip;]<\/p>\n","protected":false},"featured_media":77917,"comment_status":"open","ping_status":"closed","template":"","meta":[],"product_brand":[],"product_cat":[782],"product_tag":[],"class_list":{"0":"post-78487","1":"product","2":"type-product","3":"status-publish","4":"has-post-thumbnail","6":"product_cat-doplnky","7":"pa_cviat-ruzovo","8":"pa_razmer-jedna-velkost","9":"inventories-world","10":"inventories-uk","12":"first","13":"instock","14":"taxable","15":"shipping-taxable","16":"purchasable","17":"product-type-variable"},"_links":{"self":[{"href":"https:\/\/staging6.peach-pump.com\/sk\/wp-json\/wp\/v2\/product\/78487","targetHints":{"allow":["GET"]}}],"collection":[{"href":"https:\/\/staging6.peach-pump.com\/sk\/wp-json\/wp\/v2\/product"}],"about":[{"href":"https:\/\/staging6.peach-pump.com\/sk\/wp-json\/wp\/v2\/types\/product"}],"replies":[{"embeddable":true,"href":"https:\/\/staging6.peach-pump.com\/sk\/wp-json\/wp\/v2\/comments?post=78487"}],"version-history":[{"count":0,"href":"https:\/\/staging6.peach-pump.com\/sk\/wp-json\/wp\/v2\/product\/78487\/revisions"}],"wp:featuredmedia":[{"embeddable":true,"href":"https:\/\/staging6.peach-pump.com\/sk\/wp-json\/wp\/v2\/media\/77917"}],"wp:attachment":[{"href":"https:\/\/staging6.peach-pump.com\/sk\/wp-json\/wp\/v2\/media?parent=78487"}],"wp:term":[{"taxonomy":"product_brand","embeddable":true,"href":"https:\/\/staging6.peach-pump.com\/sk\/wp-json\/wp\/v2\/product_brand?post=78487"},{"taxonomy":"product_cat","embeddable":true,"href":"https:\/\/staging6.peach-pump.com\/sk\/wp-json\/wp\/v2\/product_cat?post=78487"},{"taxonomy":"product_tag","embeddable":true,"href":"https:\/\/staging6.peach-pump.com\/sk\/wp-json\/wp\/v2\/product_tag?post=78487"}],"curies":[{"name":"wp","href":"https:\/\/api.w.org\/{rel}","templated":true}]}}