{"id":78489,"date":"2024-05-14T21:29:52","date_gmt":"2024-05-14T19:29:52","guid":{"rendered":"https:\/\/staging6.peach-pump.com\/products\/biely-crop-top-mikina\/"},"modified":"2025-10-14T12:52:09","modified_gmt":"2025-10-14T10:52:09","slug":"biely-crop-top-mikina","status":"publish","type":"product","link":"https:\/\/staging6.peach-pump.com\/sk\/products\/biely-crop-top-mikina\/","title":{"rendered":"Biely crop top s jemnou v\u00fd\u0161ivkou"},"content":{"rendered":"<p>\u0160portov\u00fd biely crop top so \u0161irok\u00fdmi ruk\u00e1vmi zo 100% bavlny. Tento m\u00f3dny model \u0161portov\u00e9ho topu m\u00e1 rozparok na jednom ramene , efektn\u00fa 3D v\u00fd\u0161ivku s m\u00e4kk\u00fdmi nad\u00fdchan\u00fdmi p\u00edsmenami. M\u00f4\u017eete ho nosi\u0165 cez \u0161portov\u00e9 oble\u010denie v telocvi\u010dni alebo po\u010das prech\u00e1dzky. Pohodlie a vo\u013enos\u0165 pohybu.<\/p>\n<ul>\n<li>Rozparok na ramene<\/li>\n<li>Efekt\u00edvna 3D v\u00fd\u0161ivka s m\u00e4kk\u00fdmi p\u00edsmenami<\/li>\n<li>Crop Top<\/li>\n<li>\u0160irok\u00e9 ruk\u00e1vy<\/li>\n<li>Univerz\u00e1lna ve\u013ekos\u0165<\/li>\n<\/ul>\n<p>Zlo\u017eenie: 100% bavlna<\/p>\n<p>Mikinu mo\u017eno pra\u0165 pri teplote do 30 stup\u0148ov, nepou\u017e\u00edvajte bielidl\u00e1 ani chemick\u00e9 \u010distenie.<\/p>\n<p>Modelka na obr\u00e1zku je 178 vysok\u00e1, v\u00e1\u017ei 54 kg<\/p>\n<p>&nbsp;<\/p>\n","protected":false},"excerpt":{"rendered":"<p>\u0160portov\u00fd biely crop top so \u0161irok\u00fdmi ruk\u00e1vmi zo 100% bavlny. Tento m\u00f3dny model \u0161portov\u00e9ho topu m\u00e1 rozparok na jednom ramene , efektn\u00fa 3D v\u00fd\u0161ivku s m\u00e4kk\u00fdmi nad\u00fdchan\u00fdmi p\u00edsmenami. M\u00f4\u017eete ho nosi\u0165 cez \u0161portov\u00e9 oble\u010denie v telocvi\u010dni alebo po\u010das prech\u00e1dzky. Pohodlie a vo\u013enos\u0165 pohybu. Rozparok na ramene Efekt\u00edvna 3D v\u00fd\u0161ivka s m\u00e4kk\u00fdmi p\u00edsmenami Crop Top \u0160irok\u00e9 [&hellip;]<\/p>\n","protected":false},"featured_media":77893,"comment_status":"open","ping_status":"closed","template":"","meta":[],"product_brand":[],"product_cat":[370,1121],"product_tag":[],"class_list":{"0":"post-78489","1":"product","2":"type-product","3":"status-publish","4":"has-post-thumbnail","6":"product_cat-damske-sportove-bluzky","7":"product_cat-damske-mikiny-a-hoodies","8":"pa_cviat-biely-sk","9":"pa_razmer-jedna-velkost","10":"inventories-world","11":"inventories-uk","13":"first","14":"instock","15":"taxable","16":"shipping-taxable","17":"purchasable","18":"product-type-variable"},"_links":{"self":[{"href":"https:\/\/staging6.peach-pump.com\/sk\/wp-json\/wp\/v2\/product\/78489","targetHints":{"allow":["GET"]}}],"collection":[{"href":"https:\/\/staging6.peach-pump.com\/sk\/wp-json\/wp\/v2\/product"}],"about":[{"href":"https:\/\/staging6.peach-pump.com\/sk\/wp-json\/wp\/v2\/types\/product"}],"replies":[{"embeddable":true,"href":"https:\/\/staging6.peach-pump.com\/sk\/wp-json\/wp\/v2\/comments?post=78489"}],"version-history":[{"count":0,"href":"https:\/\/staging6.peach-pump.com\/sk\/wp-json\/wp\/v2\/product\/78489\/revisions"}],"wp:featuredmedia":[{"embeddable":true,"href":"https:\/\/staging6.peach-pump.com\/sk\/wp-json\/wp\/v2\/media\/77893"}],"wp:attachment":[{"href":"https:\/\/staging6.peach-pump.com\/sk\/wp-json\/wp\/v2\/media?parent=78489"}],"wp:term":[{"taxonomy":"product_brand","embeddable":true,"href":"https:\/\/staging6.peach-pump.com\/sk\/wp-json\/wp\/v2\/product_brand?post=78489"},{"taxonomy":"product_cat","embeddable":true,"href":"https:\/\/staging6.peach-pump.com\/sk\/wp-json\/wp\/v2\/product_cat?post=78489"},{"taxonomy":"product_tag","embeddable":true,"href":"https:\/\/staging6.peach-pump.com\/sk\/wp-json\/wp\/v2\/product_tag?post=78489"}],"curies":[{"name":"wp","href":"https:\/\/api.w.org\/{rel}","templated":true}]}}