{"id":82446,"date":"2024-06-25T11:30:50","date_gmt":"2024-06-25T09:30:50","guid":{"rendered":"https:\/\/staging6.peach-pump.com\/products\/podprsenka-s-napismi-cierna-sportova\/"},"modified":"2025-11-05T21:00:48","modified_gmt":"2025-11-05T19:00:48","slug":"podprsenka-s-napismi-cierna-sportova","status":"publish","type":"product","link":"https:\/\/staging6.peach-pump.com\/sk\/products\/podprsenka-s-napismi-cierna-sportova\/","title":{"rendered":"\u010cierna \u0161portov\u00e1 podprsenka s n\u00e1pisom Peach Pump X"},"content":{"rendered":"<p>\u010cierna \u0161portov\u00e1 podprsenka s n\u00e1pisom a vypch\u00e1vkami Super Push-Up efekt , ktor\u00e9 sa daj\u00fa odstr\u00e1ni\u0165. Tento vzor podprsenky &#8220;X&#8221; m\u00e1 skr\u00ed\u017een\u00fa zadn\u00fa \u010das\u0165 s n\u00e1pisom &#8220;Peach Pump&#8221; a nastavite\u013en\u00e9 ramienka. Tkanina je mimoriadne m\u00e4kk\u00e1 a elastick\u00e1, odv\u00e1dza vlhkos\u0165 od tela , m\u00e1 \u0161irok\u00fa gumu pod prsiami a zadn\u00e9 zap\u00ednanie je viacstup\u0148ov\u00e9. Model je pohodln\u00fd na behanie, jogu, fitness, pilates a ak\u00fdko\u013evek druh \u0161portu alebo na ka\u017edodenn\u00e9 nosenie, va\u0161e poprsie bude zafixovan\u00e9 a vy sa budete c\u00edti\u0165 pohodlne a bezpe\u010dne.<\/p>\n<ul>\n<li>Vypch\u00e1vky, ktor\u00e9 mo\u017eno odstr\u00e1ni\u0165<\/li>\n<li>Push-Up efekt<\/li>\n<li>Skr\u00ed\u017een\u00fd chrb\u00e1t s nastavite\u013en\u00fdmi ramienkami a n\u00e1pisom Peach Pump<\/li>\n<li>Elastick\u00e9 zap\u00ednanie pod prsiami s trojstup\u0148ov\u00fdm zap\u00ednan\u00edm<\/li>\n<li>Tepelne vytla\u010den\u00e9 logo Peach Pump<\/li>\n<li>Tkanina, ktor\u00e1 odv\u00e1dza vlhkos\u0165 od tela<\/li>\n<\/ul>\n<p>Zlo\u017eenie: 70% polyester, 30% spandex<\/p>\n<p>Podprsenku je mo\u017en\u00e9 pra\u0165 pri teplote do 30\u00b0C. Nepou\u017e\u00edva\u0165 bielenie alebo chemick\u00e9 \u010distenie.<\/p>\n<p>Modelka na obr\u00e1zku je vysok\u00e1 167 m, v\u00e1\u017ei 53 kg a p\u00f3zuje vo ve\u013ekosti S.<\/p>\n<p>Na v\u00fdber presnej ve\u013ekosti pou\u017eite tabu\u013eky.<\/p>\n<p><a href=\"https:\/\/staging6.peach-pump.com\/wp-content\/uploads\/2024\/06\/Sport-Bras-Peach-Pump-size-chart-800x800.jpg\"><img loading=\"lazy\" decoding=\"async\" class=\"alignnone wp-image-80917 \" src=\"https:\/\/staging6.peach-pump.com\/wp-content\/uploads\/2024\/06\/Sport-Bras-Peach-Pump-size-chart-800x800.jpg\" alt=\"\" width=\"511\" height=\"511\" srcset=\"https:\/\/staging6.peach-pump.com\/wp-content\/uploads\/2024\/06\/Sport-Bras-Peach-Pump-size-chart-800x800.jpg 800w, https:\/\/staging6.peach-pump.com\/wp-content\/uploads\/2024\/06\/Sport-Bras-Peach-Pump-size-chart-480x480.jpg 480w, https:\/\/staging6.peach-pump.com\/wp-content\/uploads\/2024\/06\/Sport-Bras-Peach-Pump-size-chart-1000x1000.jpg 1000w, https:\/\/staging6.peach-pump.com\/wp-content\/uploads\/2024\/06\/Sport-Bras-Peach-Pump-size-chart-300x300.jpg 300w, https:\/\/staging6.peach-pump.com\/wp-content\/uploads\/2024\/06\/Sport-Bras-Peach-Pump-size-chart-150x150.jpg 150w, https:\/\/staging6.peach-pump.com\/wp-content\/uploads\/2024\/06\/Sport-Bras-Peach-Pump-size-chart-768x768.jpg 768w, https:\/\/staging6.peach-pump.com\/wp-content\/uploads\/2024\/06\/Sport-Bras-Peach-Pump-size-chart-990x990.jpg 990w, https:\/\/staging6.peach-pump.com\/wp-content\/uploads\/2024\/06\/Sport-Bras-Peach-Pump-size-chart-441x441.jpg 441w, https:\/\/staging6.peach-pump.com\/wp-content\/uploads\/2024\/06\/Sport-Bras-Peach-Pump-size-chart-100x100.jpg 100w, https:\/\/staging6.peach-pump.com\/wp-content\/uploads\/2024\/06\/Sport-Bras-Peach-Pump-size-chart-64x64.jpg 64w, https:\/\/staging6.peach-pump.com\/wp-content\/uploads\/2024\/06\/Sport-Bras-Peach-Pump-size-chart.jpg 1080w\" sizes=\"auto, (max-width: 511px) 100vw, 511px\" \/><\/a><\/p>\n","protected":false},"excerpt":{"rendered":"<p>\u010cierna \u0161portov\u00e1 podprsenka s n\u00e1pisom a vypch\u00e1vkami Super Push-Up efekt , ktor\u00e9 sa daj\u00fa odstr\u00e1ni\u0165. Tento vzor podprsenky &#8220;X&#8221; m\u00e1 skr\u00ed\u017een\u00fa zadn\u00fa \u010das\u0165 s n\u00e1pisom &#8220;Peach Pump&#8221; a nastavite\u013en\u00e9 ramienka. Tkanina je mimoriadne m\u00e4kk\u00e1 a elastick\u00e1, odv\u00e1dza vlhkos\u0165 od tela , m\u00e1 \u0161irok\u00fa gumu pod prsiami a zadn\u00e9 zap\u00ednanie je viacstup\u0148ov\u00e9. Model je pohodln\u00fd na [&hellip;]<\/p>\n","protected":false},"featured_media":81694,"comment_status":"open","ping_status":"closed","template":"","meta":[],"product_brand":[],"product_cat":[371],"product_tag":[],"class_list":{"0":"post-82446","1":"product","2":"type-product","3":"status-publish","4":"has-post-thumbnail","6":"product_cat-damske-sportovni-podprsenky","7":"pa_cviat-cierne","8":"pa_razmer-l-sk","9":"pa_razmer-m-sk-2","10":"pa_razmer-s-sk-2","11":"inventories-world","12":"inventories-uk","14":"first","15":"instock","16":"taxable","17":"shipping-taxable","18":"purchasable","19":"product-type-variable"},"_links":{"self":[{"href":"https:\/\/staging6.peach-pump.com\/sk\/wp-json\/wp\/v2\/product\/82446","targetHints":{"allow":["GET"]}}],"collection":[{"href":"https:\/\/staging6.peach-pump.com\/sk\/wp-json\/wp\/v2\/product"}],"about":[{"href":"https:\/\/staging6.peach-pump.com\/sk\/wp-json\/wp\/v2\/types\/product"}],"replies":[{"embeddable":true,"href":"https:\/\/staging6.peach-pump.com\/sk\/wp-json\/wp\/v2\/comments?post=82446"}],"version-history":[{"count":0,"href":"https:\/\/staging6.peach-pump.com\/sk\/wp-json\/wp\/v2\/product\/82446\/revisions"}],"wp:featuredmedia":[{"embeddable":true,"href":"https:\/\/staging6.peach-pump.com\/sk\/wp-json\/wp\/v2\/media\/81694"}],"wp:attachment":[{"href":"https:\/\/staging6.peach-pump.com\/sk\/wp-json\/wp\/v2\/media?parent=82446"}],"wp:term":[{"taxonomy":"product_brand","embeddable":true,"href":"https:\/\/staging6.peach-pump.com\/sk\/wp-json\/wp\/v2\/product_brand?post=82446"},{"taxonomy":"product_cat","embeddable":true,"href":"https:\/\/staging6.peach-pump.com\/sk\/wp-json\/wp\/v2\/product_cat?post=82446"},{"taxonomy":"product_tag","embeddable":true,"href":"https:\/\/staging6.peach-pump.com\/sk\/wp-json\/wp\/v2\/product_tag?post=82446"}],"curies":[{"name":"wp","href":"https:\/\/api.w.org\/{rel}","templated":true}]}}