{"id":82450,"date":"2024-06-25T11:48:24","date_gmt":"2024-06-25T09:48:24","guid":{"rendered":"https:\/\/staging6.peach-pump.com\/products\/olivovo-zelene-bezsvove-damske-leginy\/"},"modified":"2025-11-07T12:28:12","modified_gmt":"2025-11-07T10:28:12","slug":"olivovo-zelene-bezsvove-damske-leginy","status":"publish","type":"product","link":"https:\/\/staging6.peach-pump.com\/sk\/products\/olivovo-zelene-bezsvove-damske-leginy\/","title":{"rendered":"D\u00e1mske bez\u0161vov\u00e9 leg\u00edny v olivovo zelenej farbe"},"content":{"rendered":"<p>Bez\u0161vov\u00e9 leg\u00edny s vysok\u00fdm p\u00e1som v m\u00f3dnej olivovo zelenej farbe. Model je vyroben\u00fd z elastickej, priedu\u0161nej tkaniny, dokonale tvaruje postavu s efektom Peach Pump. Je vhodn\u00fd aj na silov\u00fd aj na aer\u00f3bny tr\u00e9ning. Leg\u00edny maj\u00fa \u0161irok\u00fd opasok, ktor\u00fd jemne obop\u00edna a modeluje p\u00e1s, pon\u00faka sa v nieko\u013ek\u00fdch kr\u00e1snych farb\u00e1ch.<\/p>\n<ul>\n<li> Vysok\u00fd p\u00e1s<\/li>\n<li> Bez\u0161vov\u00e1 tkanina<\/li>\n<li> Zdv\u00edha, tvaruje, zakr\u00fdva probl\u00e9mov\u00e9 oblasti<\/li>\n<li> Opasok obop\u00ednaj\u00faci p\u00e1s<\/li>\n<li> Peachy efekt<\/li>\n<li> Bez\u0161vov\u00e9 vpredu<\/li>\n<li> Tepelne vytla\u010den\u00e9 Peach Pump logo na zadnej strane leg\u00edn<\/li>\n<li> N\u00e1pis Peach Pump na \u010dlenku<\/li>\n<li> Tkanina, ktor\u00e1 nezadr\u017eiava vlhkos\u0165 v tele<\/li>\n<\/ul>\n<p>Zlo\u017eenie 80% polyester 20% spandex<\/p>\n<p>Leg\u00edny je mo\u017en\u00e9 pra\u0165 pri teplote do 30 \u00b0C. Nepou\u017e\u00edva\u0165 bielenie alebo chemick\u00e9 \u010distenie.<\/p>\n<p>Modelka na obr\u00e1zku je vysok\u00e1 178 cm, v\u00e1\u017ei 54 kg a p\u00f3zuje vo ve\u013ekosti M (leg\u00edny s\u00fa z pevnej\u0161ej l\u00e1tky).<\/p>\n<p>Na v\u00fdber presnej ve\u013ekosti pou\u017eite tabu\u013eky.<\/p>\n<p><a href=\"https:\/\/staging6.peach-pump.com\/wp-content\/uploads\/2024\/06\/Seamless-leggings-Peach-Pump-Size-Chart.jpg\"><img loading=\"lazy\" decoding=\"async\" class=\"alignnone wp-image-80907 \" src=\"https:\/\/staging6.peach-pump.com\/wp-content\/uploads\/2024\/06\/Seamless-leggings-Peach-Pump-Size-Chart.jpg\" alt=\"\" width=\"636\" height=\"477\" srcset=\"https:\/\/staging6.peach-pump.com\/wp-content\/uploads\/2024\/06\/Seamless-leggings-Peach-Pump-Size-Chart.jpg 1024w, https:\/\/staging6.peach-pump.com\/wp-content\/uploads\/2024\/06\/Seamless-leggings-Peach-Pump-Size-Chart-480x360.jpg 480w, https:\/\/staging6.peach-pump.com\/wp-content\/uploads\/2024\/06\/Seamless-leggings-Peach-Pump-Size-Chart-1000x750.jpg 1000w, https:\/\/staging6.peach-pump.com\/wp-content\/uploads\/2024\/06\/Seamless-leggings-Peach-Pump-Size-Chart-400x300.jpg 400w, https:\/\/staging6.peach-pump.com\/wp-content\/uploads\/2024\/06\/Seamless-leggings-Peach-Pump-Size-Chart-768x576.jpg 768w, https:\/\/staging6.peach-pump.com\/wp-content\/uploads\/2024\/06\/Seamless-leggings-Peach-Pump-Size-Chart-990x743.jpg 990w, https:\/\/staging6.peach-pump.com\/wp-content\/uploads\/2024\/06\/Seamless-leggings-Peach-Pump-Size-Chart-441x331.jpg 441w, https:\/\/staging6.peach-pump.com\/wp-content\/uploads\/2024\/06\/Seamless-leggings-Peach-Pump-Size-Chart-150x113.jpg 150w, https:\/\/staging6.peach-pump.com\/wp-content\/uploads\/2024\/06\/Seamless-leggings-Peach-Pump-Size-Chart-64x48.jpg 64w\" sizes=\"auto, (max-width: 636px) 100vw, 636px\" \/><\/a><\/p>\n","protected":false},"excerpt":{"rendered":"<p>Bez\u0161vov\u00e9 leg\u00edny s vysok\u00fdm p\u00e1som v m\u00f3dnej olivovo zelenej farbe. Model je vyroben\u00fd z elastickej, priedu\u0161nej tkaniny, dokonale tvaruje postavu s efektom Peach Pump. Je vhodn\u00fd aj na silov\u00fd aj na aer\u00f3bny tr\u00e9ning. Leg\u00edny maj\u00fa \u0161irok\u00fd opasok, ktor\u00fd jemne obop\u00edna a modeluje p\u00e1s, pon\u00faka sa v nieko\u013ek\u00fdch kr\u00e1snych farb\u00e1ch. Vysok\u00fd p\u00e1s Bez\u0161vov\u00e1 tkanina Zdv\u00edha, tvaruje, [&hellip;]<\/p>\n","protected":false},"featured_media":82136,"comment_status":"open","ping_status":"closed","template":"","meta":[],"product_brand":[],"product_cat":[313,148],"product_tag":[],"class_list":{"0":"post-82450","1":"product","2":"type-product","3":"status-publish","4":"has-post-thumbnail","6":"product_cat-damske-leginy-dlhe","7":"product_cat-damske-sportove-leginy","8":"pa_cviat-olivovo-zelene","9":"pa_razmer-l-sk","10":"pa_razmer-m-sk-2","11":"pa_razmer-s-sk-2","12":"pa_razmer-xl-sk","13":"inventories-world","14":"inventories-uk","16":"first","17":"instock","18":"taxable","19":"shipping-taxable","20":"purchasable","21":"product-type-variable"},"_links":{"self":[{"href":"https:\/\/staging6.peach-pump.com\/en\/wp-json\/wp\/v2\/product\/82450","targetHints":{"allow":["GET"]}}],"collection":[{"href":"https:\/\/staging6.peach-pump.com\/en\/wp-json\/wp\/v2\/product"}],"about":[{"href":"https:\/\/staging6.peach-pump.com\/en\/wp-json\/wp\/v2\/types\/product"}],"replies":[{"embeddable":true,"href":"https:\/\/staging6.peach-pump.com\/en\/wp-json\/wp\/v2\/comments?post=82450"}],"version-history":[{"count":0,"href":"https:\/\/staging6.peach-pump.com\/en\/wp-json\/wp\/v2\/product\/82450\/revisions"}],"wp:featuredmedia":[{"embeddable":true,"href":"https:\/\/staging6.peach-pump.com\/en\/wp-json\/wp\/v2\/media\/82136"}],"wp:attachment":[{"href":"https:\/\/staging6.peach-pump.com\/en\/wp-json\/wp\/v2\/media?parent=82450"}],"wp:term":[{"taxonomy":"product_brand","embeddable":true,"href":"https:\/\/staging6.peach-pump.com\/en\/wp-json\/wp\/v2\/product_brand?post=82450"},{"taxonomy":"product_cat","embeddable":true,"href":"https:\/\/staging6.peach-pump.com\/en\/wp-json\/wp\/v2\/product_cat?post=82450"},{"taxonomy":"product_tag","embeddable":true,"href":"https:\/\/staging6.peach-pump.com\/en\/wp-json\/wp\/v2\/product_tag?post=82450"}],"curies":[{"name":"wp","href":"https:\/\/api.w.org\/{rel}","templated":true}]}}