{"id":82460,"date":"2024-06-25T12:28:11","date_gmt":"2024-06-25T10:28:11","guid":{"rendered":"https:\/\/staging6.peach-pump.com\/products\/modre-leginy-charleston-tvarovacie\/"},"modified":"2025-11-08T17:12:53","modified_gmt":"2025-11-08T15:12:53","slug":"modre-leginy-charleston-tvarovacie","status":"publish","type":"product","link":"https:\/\/staging6.peach-pump.com\/sk\/products\/modre-leginy-charleston-tvarovacie\/","title":{"rendered":"Modr\u00e9 leg\u00edny Charleston s tvarovac\u00edm efektom"},"content":{"rendered":"<p>Bez\u0161vov\u00e9 modr\u00e9 leg\u00edny Charleston s tvarovac\u00edm a zdv\u00edhac\u00edm efektom Peach Pump. Tento vzor modeluje postavu t\u00fdm, \u017ee predl\u017euje nohy a zu\u017euje p\u00e1s. Ve\u013emi m\u00f3dne a ve\u013ekolep\u00e9 pre t\u00fato sez\u00f3nu. M\u00f4\u017eete ich skombinova\u0165 s podprsenkou z na\u0161ej novej kolekcie. Tkanina leg\u00edn je priedu\u0161n\u00e1, ve\u013emi pru\u017en\u00e1 a odv\u00e1dza vlhkos\u0165 od tela, \u010d\u00edm v\u00e1m poskytuje \u00fapln\u00fa vo\u013enos\u0165 pohybu a budete sa c\u00edti\u0165 sebavedomo a sexy. Vhodn\u00e9 na tr\u00e9ning alebo prech\u00e1dzku v parku.<\/p>\n<ul>\n<li>\u0160irok\u00e9 nohavice typu Charleston<\/li>\n<li>Bez\u0161vov\u00e9 vpredu<\/li>\n<li>Tvaruj\u00fa a zakr\u00fdvaj\u00fa probl\u00e9mov\u00e9 oblasti<\/li>\n<li>Elastick\u00e1 tkanina<\/li>\n<li>Peachy efekt<\/li>\n<li>Tepelne vytla\u010den\u00e9 Peach Pump logo na zadnej strane leg\u00edn<\/li>\n<li>N\u00e1pis Peach Pump na prednej \u010dasti stehna<\/li>\n<li>Tkanina, ktor\u00e1 odv\u00e1dza vlhkos\u0165 od tela<\/li>\n<li>Zauj\u00edmav\u00fd dizajn<\/li>\n<li>Vysok\u00fd p\u00e1s<\/li>\n<\/ul>\n<p>Zlo\u017eenie: 80% polyester, 20% spandex.<\/p>\n<p>Modelka 1: na obr\u00e1zku je vysok\u00e1 167 cm, v\u00e1\u017ei 52 kg a p\u00f3zuje vo ve\u013ekosti S.<\/p>\n<p>Modelka 2: na fotografii je vysok\u00e1 178 cm, v\u00e1\u017ei 56 kg a p\u00f3zuje vo ve\u013ekosti M.<\/p>\n<p>Leg\u00edny je mo\u017en\u00e9 pra\u0165 pri teplote do 30\u00b0C. Nepou\u017e\u00edva\u0165 bielenie alebo chemick\u00e9 \u010distenie.<\/p>\n<p>Na v\u00fdber presnej ve\u013ekosti pou\u017eite tabu\u013eky.<\/p>\n<p>&nbsp;<\/p>\n","protected":false},"excerpt":{"rendered":"<p>Bez\u0161vov\u00e9 modr\u00e9 leg\u00edny Charleston s tvarovac\u00edm a zdv\u00edhac\u00edm efektom Peach Pump. Tento vzor modeluje postavu t\u00fdm, \u017ee predl\u017euje nohy a zu\u017euje p\u00e1s. Ve\u013emi m\u00f3dne a ve\u013ekolep\u00e9 pre t\u00fato sez\u00f3nu. M\u00f4\u017eete ich skombinova\u0165 s podprsenkou z na\u0161ej novej kolekcie. Tkanina leg\u00edn je priedu\u0161n\u00e1, ve\u013emi pru\u017en\u00e1 a odv\u00e1dza vlhkos\u0165 od tela, \u010d\u00edm v\u00e1m poskytuje \u00fapln\u00fa vo\u013enos\u0165 pohybu [&hellip;]<\/p>\n","protected":false},"featured_media":81976,"comment_status":"open","ping_status":"closed","template":"","meta":[],"product_brand":[],"product_cat":[313,148],"product_tag":[],"class_list":{"0":"post-82460","1":"product","2":"type-product","3":"status-publish","4":"has-post-thumbnail","6":"product_cat-damske-leginy-dlhe","7":"product_cat-damske-sportove-leginy","8":"pa_cviat-modr-sk","9":"pa_razmer-m-sk-2","10":"pa_razmer-s-sk-2","11":"inventories-world","12":"inventories-uk","14":"first","15":"instock","16":"taxable","17":"shipping-taxable","18":"purchasable","19":"product-type-variable"},"_links":{"self":[{"href":"https:\/\/staging6.peach-pump.com\/en\/wp-json\/wp\/v2\/product\/82460","targetHints":{"allow":["GET"]}}],"collection":[{"href":"https:\/\/staging6.peach-pump.com\/en\/wp-json\/wp\/v2\/product"}],"about":[{"href":"https:\/\/staging6.peach-pump.com\/en\/wp-json\/wp\/v2\/types\/product"}],"replies":[{"embeddable":true,"href":"https:\/\/staging6.peach-pump.com\/en\/wp-json\/wp\/v2\/comments?post=82460"}],"version-history":[{"count":0,"href":"https:\/\/staging6.peach-pump.com\/en\/wp-json\/wp\/v2\/product\/82460\/revisions"}],"wp:featuredmedia":[{"embeddable":true,"href":"https:\/\/staging6.peach-pump.com\/en\/wp-json\/wp\/v2\/media\/81976"}],"wp:attachment":[{"href":"https:\/\/staging6.peach-pump.com\/en\/wp-json\/wp\/v2\/media?parent=82460"}],"wp:term":[{"taxonomy":"product_brand","embeddable":true,"href":"https:\/\/staging6.peach-pump.com\/en\/wp-json\/wp\/v2\/product_brand?post=82460"},{"taxonomy":"product_cat","embeddable":true,"href":"https:\/\/staging6.peach-pump.com\/en\/wp-json\/wp\/v2\/product_cat?post=82460"},{"taxonomy":"product_tag","embeddable":true,"href":"https:\/\/staging6.peach-pump.com\/en\/wp-json\/wp\/v2\/product_tag?post=82460"}],"curies":[{"name":"wp","href":"https:\/\/api.w.org\/{rel}","templated":true}]}}