{"id":87733,"date":"2024-08-27T22:49:40","date_gmt":"2024-08-27T20:49:40","guid":{"rendered":"https:\/\/staging6.peach-pump.com\/products\/ruzova-sportova-suprava-biele-svy\/"},"modified":"2025-10-18T10:06:51","modified_gmt":"2025-10-18T08:06:51","slug":"ruzova-sportova-suprava-biele-svy","status":"publish","type":"product","link":"https:\/\/staging6.peach-pump.com\/sk\/products\/ruzova-sportova-suprava-biele-svy\/","title":{"rendered":"Ru\u017eov\u00e1 \u0161portov\u00e1 s\u00faprava s bielym pre\u0161\u00edvan\u00edm"},"content":{"rendered":"<p>Ru\u017eov\u00e1 \u0161portov\u00fd\u00e1 s\u00faprava z kr\u00e1tkych leg\u00edn a podprsenky s bielym pre\u0161\u00edvan\u00edm. S\u00faprava sa sklad\u00e1 zo: \u0161portovej podprsenky s bielymi ramienkami a zdv\u00edhac\u00edmi vypch\u00e1vkami, ktor\u00e9 sa daj\u00fa od\u0148a\u0165, na prednej strane m\u00e1 tepelne vytla\u010den\u00e9 logo &#8220;Peach Pump&#8221; a z kr\u00e1tkych leg\u00edn typu &#8220;Booty shorts&#8221; s bielym pre\u0161\u00edvan\u00edm. Tento model leg\u00edn m\u00e1 ve\u013ek\u00fa pru\u017enos\u0165, kr\u00e1sne tvaruje a je vyroben\u00fd z l\u00e1tky, ktor\u00e1 nezadr\u017eiava vlhkos\u0165. V zadnej \u010dasti maj\u00fa mierny brosky\u0148ov\u00fd efekt. Svie\u017ei n\u00e1vrh, v\u010faka ktor\u00e9mu sa budete c\u00edti\u0165 kr\u00e1sne a sexy.    <\/p>\n<p>O podprsenke:<\/p>\n<ul>\n<li> Vypch\u00e1vky, ktor\u00e9 sa daj\u00fa odstr\u00e1ni\u0165.<\/li>\n<li> Push-Up efekt<\/li>\n<li> Ve\u013ek\u00e1 pru\u017enos\u0165<\/li>\n<li> Tepelne vytla\u010den\u00e9 Peach Pump logo na prednej \u010dasti podprsenky<\/li>\n<li> Tkanina, ktor\u00e1 odv\u00e1dza vlhkos\u0165 od tela<\/li>\n<\/ul>\n<p>O leg\u00ednach:<\/p>\n<ul>\n<li>Zdv\u00edhaj\u00fa, tvaruj\u00fa, zakr\u00fdvaj\u00fa probl\u00e9mov\u00e9 partie<\/li>\n<li>Bez\u0161vov\u00e9 vpredu<\/li>\n<li>Tepelne vytla\u010den\u00e9 Peach Pump logo na zadnej strane leg\u00edn<\/li>\n<li>Tepelne vytla\u010den\u00e9 logo na boku stehna<\/li>\n<li>Tkanina, ktor\u00e1 nezadr\u017eiava vlhkos\u0165 v tele<\/li>\n<\/ul>\n<p>Zlo\u017eenie: 80% polyester, 20% spandex<\/p>\n<p>T\u00edm je mo\u017en\u00e9 pra\u0165 pri teplot\u00e1ch do 30 stup\u0148ov, pri pran\u00ed sa odpor\u00fa\u010da obr\u00e1ti\u0165, nepou\u017e\u00edvajte bielidl\u00e1 ani chemick\u00e9 \u010distenie. Modelka na obr\u00e1zku je vysok\u00e1 180 cm, v\u00e1\u017ei 56 kg a p\u00f3zuje v prsiach ve\u013ekosti S a leg\u00ednach ve\u013ekosti M.<\/p>\n<p>Na v\u00fdber presnej ve\u013ekosti pou\u017eite tabu\u013eky.<\/p>\n<p>&nbsp;<\/p>\n","protected":false},"excerpt":{"rendered":"<p>Ru\u017eov\u00e1 \u0161portov\u00fd\u00e1 s\u00faprava z kr\u00e1tkych leg\u00edn a podprsenky s bielym pre\u0161\u00edvan\u00edm. S\u00faprava sa sklad\u00e1 zo: \u0161portovej podprsenky s bielymi ramienkami a zdv\u00edhac\u00edmi vypch\u00e1vkami, ktor\u00e9 sa daj\u00fa od\u0148a\u0165, na prednej strane m\u00e1 tepelne vytla\u010den\u00e9 logo &#8220;Peach Pump&#8221; a z kr\u00e1tkych leg\u00edn typu &#8220;Booty shorts&#8221; s bielym pre\u0161\u00edvan\u00edm. Tento model leg\u00edn m\u00e1 ve\u013ek\u00fa pru\u017enos\u0165, kr\u00e1sne tvaruje a [&hellip;]<\/p>\n","protected":false},"featured_media":87038,"comment_status":"open","ping_status":"closed","template":"","meta":[],"product_brand":[],"product_cat":[373,372],"product_tag":[],"class_list":{"0":"post-87733","1":"product","2":"type-product","3":"status-publish","4":"has-post-thumbnail","6":"product_cat-kratke-leginy-sportove-outfity","7":"product_cat-sportov-sety","8":"pa_cviat-ruzovo","9":"inventories-world","10":"inventories-uk","12":"first","13":"instock","14":"virtual","15":"taxable","16":"purchasable","17":"product-type-yith_bundle"},"_links":{"self":[{"href":"https:\/\/staging6.peach-pump.com\/en\/wp-json\/wp\/v2\/product\/87733","targetHints":{"allow":["GET"]}}],"collection":[{"href":"https:\/\/staging6.peach-pump.com\/en\/wp-json\/wp\/v2\/product"}],"about":[{"href":"https:\/\/staging6.peach-pump.com\/en\/wp-json\/wp\/v2\/types\/product"}],"replies":[{"embeddable":true,"href":"https:\/\/staging6.peach-pump.com\/en\/wp-json\/wp\/v2\/comments?post=87733"}],"version-history":[{"count":0,"href":"https:\/\/staging6.peach-pump.com\/en\/wp-json\/wp\/v2\/product\/87733\/revisions"}],"wp:featuredmedia":[{"embeddable":true,"href":"https:\/\/staging6.peach-pump.com\/en\/wp-json\/wp\/v2\/media\/87038"}],"wp:attachment":[{"href":"https:\/\/staging6.peach-pump.com\/en\/wp-json\/wp\/v2\/media?parent=87733"}],"wp:term":[{"taxonomy":"product_brand","embeddable":true,"href":"https:\/\/staging6.peach-pump.com\/en\/wp-json\/wp\/v2\/product_brand?post=87733"},{"taxonomy":"product_cat","embeddable":true,"href":"https:\/\/staging6.peach-pump.com\/en\/wp-json\/wp\/v2\/product_cat?post=87733"},{"taxonomy":"product_tag","embeddable":true,"href":"https:\/\/staging6.peach-pump.com\/en\/wp-json\/wp\/v2\/product_tag?post=87733"}],"curies":[{"name":"wp","href":"https:\/\/api.w.org\/{rel}","templated":true}]}}