{"id":87750,"date":"2024-08-27T14:35:22","date_gmt":"2024-08-27T12:35:22","guid":{"rendered":"https:\/\/staging6.peach-pump.com\/products\/modry-kratky-klin-biele-ciary\/"},"modified":"2025-10-28T23:14:52","modified_gmt":"2025-10-28T21:14:52","slug":"modre-kratke-leginy-biele-pruhy","status":"publish","type":"product","link":"https:\/\/staging6.peach-pump.com\/sk\/products\/modre-kratke-leginy-biele-pruhy\/","title":{"rendered":"Modr\u00e9 kr\u00e1tke leg\u00edny s bielymi pruhmi"},"content":{"rendered":"<p>Modr\u00e9 kr\u00e1tke leg\u00edny typu &#8220;Booty shorts&#8221; s bielymi \u010diarami. Tento model leg\u00edn m\u00e1 ve\u013ek\u00fa pru\u017enos\u0165, kr\u00e1sne tvaruje a je vyroben\u00fd z l\u00e1tky, ktor\u00e1 nezadr\u017eiava vlhkos\u0165 v tele. V zadnej \u010dasti m\u00e1 mierny brosky\u0148ov\u00fd efekt.   Mo\u017eete ich kombinova\u0165 s podprsenkou rovnak\u00e9ho vzoru, pozri v \u010dasti &#8220;Kr\u00e1tke leg\u00edny &#8211; \u0161portov\u00e9 oble\u010denie&#8221;.<\/p>\n<ul>\n<li>Zdv\u00edhaj\u00fa, tvaruj\u00fa, zakr\u00fdvaj\u00fa probl\u00e9mov\u00e9 partie<\/li>\n<li>Bez\u0161vov\u00e9 vpredu<\/li>\n<li>Tepelne vytla\u010den\u00e9 Peach Pump logo na zadnej strane leg\u00edn<\/li>\n<li>Tepelne vytla\u010den\u00e9 logo na boku stehna<\/li>\n<li>Tkanina, ktor\u00e1 nezadr\u017eiava vlhkos\u0165 v tele<\/li>\n<\/ul>\n<p>Zlo\u017eenie: 80% polyester, 20% spandex<\/p>\n<p>Klin je mo\u017en\u00e9 pra\u0165 pri teplote do 30 stup\u0148ov, pri pran\u00ed sa odpor\u00fa\u010da obraca\u0165 , nepou\u017e\u00edvajte bielidl\u00e1 ani chemick\u00e9 \u010distenie.<\/p>\n<p>Modelka na obr\u00e1zku je vysok\u00e1 180 cm, v\u00e1\u017ei 56 kg a p\u00f3zuje vo ve\u013ekosti M.<\/p>\n<p>Na v\u00fdber presnej ve\u013ekosti pou\u017eite tabu\u013eky.<\/p>\n<p>&nbsp;<\/p>\n<p><a href=\"https:\/\/staging6.peach-pump.com\/wp-content\/uploads\/2024\/06\/Elastic-models-Peach-Pump-size-chart.jpg\"><img loading=\"lazy\" decoding=\"async\" class=\"alignnone wp-image-80867 \" src=\"https:\/\/staging6.peach-pump.com\/wp-content\/uploads\/2024\/06\/Elastic-models-Peach-Pump-size-chart.jpg\" alt=\"\" width=\"667\" height=\"500\" srcset=\"https:\/\/staging6.peach-pump.com\/wp-content\/uploads\/2024\/06\/Elastic-models-Peach-Pump-size-chart.jpg 1024w, https:\/\/staging6.peach-pump.com\/wp-content\/uploads\/2024\/06\/Elastic-models-Peach-Pump-size-chart-480x360.jpg 480w, https:\/\/staging6.peach-pump.com\/wp-content\/uploads\/2024\/06\/Elastic-models-Peach-Pump-size-chart-1000x750.jpg 1000w, https:\/\/staging6.peach-pump.com\/wp-content\/uploads\/2024\/06\/Elastic-models-Peach-Pump-size-chart-400x300.jpg 400w, https:\/\/staging6.peach-pump.com\/wp-content\/uploads\/2024\/06\/Elastic-models-Peach-Pump-size-chart-768x576.jpg 768w, https:\/\/staging6.peach-pump.com\/wp-content\/uploads\/2024\/06\/Elastic-models-Peach-Pump-size-chart-990x743.jpg 990w, https:\/\/staging6.peach-pump.com\/wp-content\/uploads\/2024\/06\/Elastic-models-Peach-Pump-size-chart-441x331.jpg 441w, https:\/\/staging6.peach-pump.com\/wp-content\/uploads\/2024\/06\/Elastic-models-Peach-Pump-size-chart-150x113.jpg 150w, https:\/\/staging6.peach-pump.com\/wp-content\/uploads\/2024\/06\/Elastic-models-Peach-Pump-size-chart-64x48.jpg 64w\" sizes=\"auto, (max-width: 667px) 100vw, 667px\" \/><\/a><\/p>\n","protected":false},"excerpt":{"rendered":"<p>Modr\u00e9 kr\u00e1tke leg\u00edny typu &#8220;Booty shorts&#8221; s bielymi \u010diarami. Tento model leg\u00edn m\u00e1 ve\u013ek\u00fa pru\u017enos\u0165, kr\u00e1sne tvaruje a je vyroben\u00fd z l\u00e1tky, ktor\u00e1 nezadr\u017eiava vlhkos\u0165 v tele. V zadnej \u010dasti m\u00e1 mierny brosky\u0148ov\u00fd efekt. Mo\u017eete ich kombinova\u0165 s podprsenkou rovnak\u00e9ho vzoru, pozri v \u010dasti &#8220;Kr\u00e1tke leg\u00edny &#8211; \u0161portov\u00e9 oble\u010denie&#8221;. Zdv\u00edhaj\u00fa, tvaruj\u00fa, zakr\u00fdvaj\u00fa probl\u00e9mov\u00e9 partie Bez\u0161vov\u00e9 [&hellip;]<\/p>\n","protected":false},"featured_media":86731,"comment_status":"open","ping_status":"closed","template":"","meta":[],"product_brand":[],"product_cat":[203,148],"product_tag":[],"class_list":{"0":"post-87750","1":"product","2":"type-product","3":"status-publish","4":"has-post-thumbnail","6":"product_cat-kratke-leginy-sk","7":"product_cat-damske-sportove-leginy","8":"pa_cviat-modr-sk","9":"pa_razmer-l-sk","10":"pa_razmer-m-sk-2","11":"pa_razmer-s-sk-2","12":"inventories-world","13":"inventories-uk","15":"first","16":"instock","17":"taxable","18":"shipping-taxable","19":"purchasable","20":"product-type-variable"},"_links":{"self":[{"href":"https:\/\/staging6.peach-pump.com\/en\/wp-json\/wp\/v2\/product\/87750","targetHints":{"allow":["GET"]}}],"collection":[{"href":"https:\/\/staging6.peach-pump.com\/en\/wp-json\/wp\/v2\/product"}],"about":[{"href":"https:\/\/staging6.peach-pump.com\/en\/wp-json\/wp\/v2\/types\/product"}],"replies":[{"embeddable":true,"href":"https:\/\/staging6.peach-pump.com\/en\/wp-json\/wp\/v2\/comments?post=87750"}],"version-history":[{"count":0,"href":"https:\/\/staging6.peach-pump.com\/en\/wp-json\/wp\/v2\/product\/87750\/revisions"}],"wp:featuredmedia":[{"embeddable":true,"href":"https:\/\/staging6.peach-pump.com\/en\/wp-json\/wp\/v2\/media\/86731"}],"wp:attachment":[{"href":"https:\/\/staging6.peach-pump.com\/en\/wp-json\/wp\/v2\/media?parent=87750"}],"wp:term":[{"taxonomy":"product_brand","embeddable":true,"href":"https:\/\/staging6.peach-pump.com\/en\/wp-json\/wp\/v2\/product_brand?post=87750"},{"taxonomy":"product_cat","embeddable":true,"href":"https:\/\/staging6.peach-pump.com\/en\/wp-json\/wp\/v2\/product_cat?post=87750"},{"taxonomy":"product_tag","embeddable":true,"href":"https:\/\/staging6.peach-pump.com\/en\/wp-json\/wp\/v2\/product_tag?post=87750"}],"curies":[{"name":"wp","href":"https:\/\/api.w.org\/{rel}","templated":true}]}}