{"id":87758,"date":"2024-08-27T14:03:37","date_gmt":"2024-08-27T12:03:37","guid":{"rendered":"https:\/\/staging6.peach-pump.com\/products\/ruzove-kratke-leginy-biele-svy\/"},"modified":"2025-11-05T21:30:25","modified_gmt":"2025-11-05T19:30:25","slug":"ruzove-kratke-leginy-biele-svy","status":"publish","type":"product","link":"https:\/\/staging6.peach-pump.com\/sk\/products\/ruzove-kratke-leginy-biele-svy\/","title":{"rendered":"Ru\u017eov\u00e9 kr\u00e1tke leg\u00edny s bielym pre\u0161\u00edvan\u00edm"},"content":{"rendered":"<p>Ru\u017eov\u00e9 \u0161ortky s bielym pre\u0161\u00edvan\u00edm.<br \/>\nTento model leg\u00edn m\u00e1 skvel\u00fa elasticitu, kr\u00e1sne tvaruje a je vyroben\u00fd z l\u00e1tky, ktor\u00e1 nezadr\u017eiava vlhkos\u0165 v tele.<br \/>\nV zadnej \u010dasti m\u00e1 mierne brosky\u0148ov\u00fd efekt.   Mo\u017eno kombinova\u0165 s bustier rovnak\u00e9ho vzoru, pozri v \u010dasti &#8220;Kr\u00e1tke leg\u00edny &#8211; \u0161portov\u00e9 oble\u010denie&#8221;.  <\/p>\n<ul>\n<li>Zdv\u00edha, tvaruje, zakr\u00fdva probl\u00e9mov\u00e9 oblasti<\/li>\n<li>\u013dahk\u00fd Peachy efekt<\/li>\n<li>Bez\u0161vov\u00e9 vpredu<\/li>\n<li>Tepelne vytla\u010den\u00e9 Peach Pump logo na zadnej strane leg\u00edn<\/li>\n<li>Tepelne utesnen\u00e9 logo na boku stehna<\/li>\n<li>Tkanina, ktor\u00e1 nezadr\u017eiava vlhkos\u0165 v tele<\/li>\n<\/ul>\n<p>  Zlo\u017eenie: 80% polyester 20% spandex Klin je mo\u017en\u00e9 pra\u0165 pri teplote do 30 stup\u0148ov, pri pran\u00ed sa odpor\u00fa\u010da obraca\u0165 , nepou\u017e\u00edvajte bielidl\u00e1 ani chemick\u00e9 \u010distenie.<br \/>\nModelka na obr\u00e1zku je vysok\u00e1 180, v\u00e1\u017ei 56 kg a p\u00f3zuje vo ve\u013ekosti M. Na v\u00fdber presnej ve\u013ekosti pou\u017eite pros\u00edm tabu\u013eky.   &nbsp;<\/p>\n<p><a href=\"https:\/\/staging6.peach-pump.com\/wp-content\/uploads\/2024\/06\/Elastic-models-Peach-Pump-size-chart.jpg\"><img loading=\"lazy\" decoding=\"async\" class=\"alignnone wp-image-80867 \" src=\"https:\/\/staging6.peach-pump.com\/wp-content\/uploads\/2024\/06\/Elastic-models-Peach-Pump-size-chart.jpg\" alt=\"\" width=\"701\" height=\"526\" srcset=\"https:\/\/staging6.peach-pump.com\/wp-content\/uploads\/2024\/06\/Elastic-models-Peach-Pump-size-chart.jpg 1024w, https:\/\/staging6.peach-pump.com\/wp-content\/uploads\/2024\/06\/Elastic-models-Peach-Pump-size-chart-480x360.jpg 480w, https:\/\/staging6.peach-pump.com\/wp-content\/uploads\/2024\/06\/Elastic-models-Peach-Pump-size-chart-1000x750.jpg 1000w, https:\/\/staging6.peach-pump.com\/wp-content\/uploads\/2024\/06\/Elastic-models-Peach-Pump-size-chart-400x300.jpg 400w, https:\/\/staging6.peach-pump.com\/wp-content\/uploads\/2024\/06\/Elastic-models-Peach-Pump-size-chart-768x576.jpg 768w, https:\/\/staging6.peach-pump.com\/wp-content\/uploads\/2024\/06\/Elastic-models-Peach-Pump-size-chart-990x743.jpg 990w, https:\/\/staging6.peach-pump.com\/wp-content\/uploads\/2024\/06\/Elastic-models-Peach-Pump-size-chart-441x331.jpg 441w, https:\/\/staging6.peach-pump.com\/wp-content\/uploads\/2024\/06\/Elastic-models-Peach-Pump-size-chart-150x113.jpg 150w, https:\/\/staging6.peach-pump.com\/wp-content\/uploads\/2024\/06\/Elastic-models-Peach-Pump-size-chart-64x48.jpg 64w\" sizes=\"auto, (max-width: 701px) 100vw, 701px\" \/><\/a><\/p>\n","protected":false},"excerpt":{"rendered":"<p>Ru\u017eov\u00e9 \u0161ortky s bielym pre\u0161\u00edvan\u00edm. Tento model leg\u00edn m\u00e1 skvel\u00fa elasticitu, kr\u00e1sne tvaruje a je vyroben\u00fd z l\u00e1tky, ktor\u00e1 nezadr\u017eiava vlhkos\u0165 v tele. V zadnej \u010dasti m\u00e1 mierne brosky\u0148ov\u00fd efekt. Mo\u017eno kombinova\u0165 s bustier rovnak\u00e9ho vzoru, pozri v \u010dasti &#8220;Kr\u00e1tke leg\u00edny &#8211; \u0161portov\u00e9 oble\u010denie&#8221;. Zdv\u00edha, tvaruje, zakr\u00fdva probl\u00e9mov\u00e9 oblasti \u013dahk\u00fd Peachy efekt Bez\u0161vov\u00e9 vpredu Tepelne [&hellip;]<\/p>\n","protected":false},"featured_media":86611,"comment_status":"open","ping_status":"closed","template":"","meta":[],"product_brand":[],"product_cat":[203,148],"product_tag":[],"class_list":{"0":"post-87758","1":"product","2":"type-product","3":"status-publish","4":"has-post-thumbnail","6":"product_cat-kratke-leginy-sk","7":"product_cat-damske-sportove-leginy","8":"pa_cviat-ruzovo","9":"pa_razmer-l-sk","10":"pa_razmer-m-sk-2","11":"pa_razmer-s-sk-2","12":"inventories-world","13":"inventories-uk","15":"first","16":"instock","17":"taxable","18":"shipping-taxable","19":"purchasable","20":"product-type-variable"},"_links":{"self":[{"href":"https:\/\/staging6.peach-pump.com\/sk\/wp-json\/wp\/v2\/product\/87758","targetHints":{"allow":["GET"]}}],"collection":[{"href":"https:\/\/staging6.peach-pump.com\/sk\/wp-json\/wp\/v2\/product"}],"about":[{"href":"https:\/\/staging6.peach-pump.com\/sk\/wp-json\/wp\/v2\/types\/product"}],"replies":[{"embeddable":true,"href":"https:\/\/staging6.peach-pump.com\/sk\/wp-json\/wp\/v2\/comments?post=87758"}],"version-history":[{"count":0,"href":"https:\/\/staging6.peach-pump.com\/sk\/wp-json\/wp\/v2\/product\/87758\/revisions"}],"wp:featuredmedia":[{"embeddable":true,"href":"https:\/\/staging6.peach-pump.com\/sk\/wp-json\/wp\/v2\/media\/86611"}],"wp:attachment":[{"href":"https:\/\/staging6.peach-pump.com\/sk\/wp-json\/wp\/v2\/media?parent=87758"}],"wp:term":[{"taxonomy":"product_brand","embeddable":true,"href":"https:\/\/staging6.peach-pump.com\/sk\/wp-json\/wp\/v2\/product_brand?post=87758"},{"taxonomy":"product_cat","embeddable":true,"href":"https:\/\/staging6.peach-pump.com\/sk\/wp-json\/wp\/v2\/product_cat?post=87758"},{"taxonomy":"product_tag","embeddable":true,"href":"https:\/\/staging6.peach-pump.com\/sk\/wp-json\/wp\/v2\/product_tag?post=87758"}],"curies":[{"name":"wp","href":"https:\/\/api.w.org\/{rel}","templated":true}]}}