{"id":87762,"date":"2024-08-27T13:25:44","date_gmt":"2024-08-27T11:25:44","guid":{"rendered":"https:\/\/staging6.peach-pump.com\/products\/ruzove-poprsie-biele-ramienka\/"},"modified":"2025-11-06T20:35:48","modified_gmt":"2025-11-06T18:35:48","slug":"ruzove-poprsie-biele-ramienka","status":"publish","type":"product","link":"https:\/\/staging6.peach-pump.com\/sk\/products\/ruzove-poprsie-biele-ramienka\/","title":{"rendered":"Ru\u017eov\u00e9 poprsie s bielymi ramienkami"},"content":{"rendered":"<p>\u0160portov\u00e9 ru\u017eov\u00e9 poprsie s bielymi ramienkami a vypch\u00e1vkami so zdv\u00edhac\u00edm efektom.<br \/>\nTento model je vyroben\u00fd z elastickej, priedu\u0161nej tkaniny, ktor\u00e1 odv\u00e1dza vlhkos\u0165 od tela a poskytuje \u00fapln\u00fa vo\u013enos\u0165 pohybu po\u010das tr\u00e9ningu.<br \/>\nVypch\u00e1vky bustiera s\u00fa odn\u00edmate\u013en\u00e9 a vpredu maj\u00fa tepelne zape\u010daten\u00e9 logo &#8220;Peach Pump&#8221;.<br \/>\nD\u00e1 sa kombinova\u0165 s kr\u00e1tkymi leg\u00ednami v rovnakom vzore alebo jednofarebn\u00fdmi dlh\u00fdmi leg\u00ednami.<br \/>\nSvie\u017ea ponuka, v\u010faka ktorej sa budete c\u00edti\u0165 kr\u00e1sne a sexy.     Podprsenka: <\/p>\n<ul>\n<li> Vypch\u00e1vky, ktor\u00e9 sa daj\u00fa odstr\u00e1ni\u0165.<\/li>\n<li> Push-Up efekt<\/li>\n<li> Ve\u013ek\u00e1 pru\u017enos\u0165<\/li>\n<li> Tepelne vytla\u010den\u00e9 Peach Pump logo na prednej \u010dasti podprsenky<\/li>\n<li>  Tkanina, ktor\u00e1 odv\u00e1dza vlhkos\u0165 od tela<\/li>\n<\/ul>\n<p>  Zlo\u017eenie: 80% polyester 20% spandex Podprsenku mo\u017eno pra\u0165 pri teplote do 30 stup\u0148ov, pri pran\u00ed sa odpor\u00fa\u010da obr\u00e1ti\u0165, nepou\u017e\u00edvajte bielidl\u00e1 ani chemick\u00e9 \u010distenie.<br \/>\nModelka na fotografii je vysok\u00e1 180 cm, v\u00e1\u017ei 56 kg a p\u00f3zuje s podprsenkou ve\u013ekosti S.  Na v\u00fdber presnej ve\u013ekosti pou\u017eite tabu\u013eky. &nbsp;<\/p>\n<p><a href=\"https:\/\/staging6.peach-pump.com\/wp-content\/uploads\/2024\/06\/Sport-Bras-Peach-Pump-size-chart-800x800.jpg\"><img loading=\"lazy\" decoding=\"async\" class=\"alignnone wp-image-80917 \" src=\"https:\/\/staging6.peach-pump.com\/wp-content\/uploads\/2024\/06\/Sport-Bras-Peach-Pump-size-chart-800x800.jpg\" alt=\"\" width=\"524\" height=\"524\" srcset=\"https:\/\/staging6.peach-pump.com\/wp-content\/uploads\/2024\/06\/Sport-Bras-Peach-Pump-size-chart-800x800.jpg 800w, https:\/\/staging6.peach-pump.com\/wp-content\/uploads\/2024\/06\/Sport-Bras-Peach-Pump-size-chart-480x480.jpg 480w, https:\/\/staging6.peach-pump.com\/wp-content\/uploads\/2024\/06\/Sport-Bras-Peach-Pump-size-chart-1000x1000.jpg 1000w, https:\/\/staging6.peach-pump.com\/wp-content\/uploads\/2024\/06\/Sport-Bras-Peach-Pump-size-chart-300x300.jpg 300w, https:\/\/staging6.peach-pump.com\/wp-content\/uploads\/2024\/06\/Sport-Bras-Peach-Pump-size-chart-150x150.jpg 150w, https:\/\/staging6.peach-pump.com\/wp-content\/uploads\/2024\/06\/Sport-Bras-Peach-Pump-size-chart-768x768.jpg 768w, https:\/\/staging6.peach-pump.com\/wp-content\/uploads\/2024\/06\/Sport-Bras-Peach-Pump-size-chart-990x990.jpg 990w, https:\/\/staging6.peach-pump.com\/wp-content\/uploads\/2024\/06\/Sport-Bras-Peach-Pump-size-chart-441x441.jpg 441w, https:\/\/staging6.peach-pump.com\/wp-content\/uploads\/2024\/06\/Sport-Bras-Peach-Pump-size-chart-100x100.jpg 100w, https:\/\/staging6.peach-pump.com\/wp-content\/uploads\/2024\/06\/Sport-Bras-Peach-Pump-size-chart-64x64.jpg 64w, https:\/\/staging6.peach-pump.com\/wp-content\/uploads\/2024\/06\/Sport-Bras-Peach-Pump-size-chart.jpg 1080w\" sizes=\"auto, (max-width: 524px) 100vw, 524px\" \/><\/a><\/p>\n","protected":false},"excerpt":{"rendered":"<p>\u0160portov\u00e9 ru\u017eov\u00e9 poprsie s bielymi ramienkami a vypch\u00e1vkami so zdv\u00edhac\u00edm efektom. Tento model je vyroben\u00fd z elastickej, priedu\u0161nej tkaniny, ktor\u00e1 odv\u00e1dza vlhkos\u0165 od tela a poskytuje \u00fapln\u00fa vo\u013enos\u0165 pohybu po\u010das tr\u00e9ningu. Vypch\u00e1vky bustiera s\u00fa odn\u00edmate\u013en\u00e9 a vpredu maj\u00fa tepelne zape\u010daten\u00e9 logo &#8220;Peach Pump&#8221;. D\u00e1 sa kombinova\u0165 s kr\u00e1tkymi leg\u00ednami v rovnakom vzore alebo jednofarebn\u00fdmi dlh\u00fdmi [&hellip;]<\/p>\n","protected":false},"featured_media":86544,"comment_status":"open","ping_status":"closed","template":"","meta":[],"product_brand":[],"product_cat":[371],"product_tag":[],"class_list":{"0":"post-87762","1":"product","2":"type-product","3":"status-publish","4":"has-post-thumbnail","6":"product_cat-damske-sportovni-podprsenky","7":"pa_cviat-ruzovo","8":"pa_razmer-l-sk","9":"pa_razmer-m-sk-2","10":"pa_razmer-s-sk-2","11":"inventories-world","12":"inventories-uk","14":"first","15":"instock","16":"taxable","17":"shipping-taxable","18":"purchasable","19":"product-type-variable"},"_links":{"self":[{"href":"https:\/\/staging6.peach-pump.com\/sk\/wp-json\/wp\/v2\/product\/87762","targetHints":{"allow":["GET"]}}],"collection":[{"href":"https:\/\/staging6.peach-pump.com\/sk\/wp-json\/wp\/v2\/product"}],"about":[{"href":"https:\/\/staging6.peach-pump.com\/sk\/wp-json\/wp\/v2\/types\/product"}],"replies":[{"embeddable":true,"href":"https:\/\/staging6.peach-pump.com\/sk\/wp-json\/wp\/v2\/comments?post=87762"}],"version-history":[{"count":0,"href":"https:\/\/staging6.peach-pump.com\/sk\/wp-json\/wp\/v2\/product\/87762\/revisions"}],"wp:featuredmedia":[{"embeddable":true,"href":"https:\/\/staging6.peach-pump.com\/sk\/wp-json\/wp\/v2\/media\/86544"}],"wp:attachment":[{"href":"https:\/\/staging6.peach-pump.com\/sk\/wp-json\/wp\/v2\/media?parent=87762"}],"wp:term":[{"taxonomy":"product_brand","embeddable":true,"href":"https:\/\/staging6.peach-pump.com\/sk\/wp-json\/wp\/v2\/product_brand?post=87762"},{"taxonomy":"product_cat","embeddable":true,"href":"https:\/\/staging6.peach-pump.com\/sk\/wp-json\/wp\/v2\/product_cat?post=87762"},{"taxonomy":"product_tag","embeddable":true,"href":"https:\/\/staging6.peach-pump.com\/sk\/wp-json\/wp\/v2\/product_tag?post=87762"}],"curies":[{"name":"wp","href":"https:\/\/api.w.org\/{rel}","templated":true}]}}