{"id":90769,"date":"2024-10-11T16:54:50","date_gmt":"2024-10-11T14:54:50","guid":{"rendered":"https:\/\/staging6.peach-pump.com\/products\/sportovy-overal-hnedy-bezsvovy\/"},"modified":"2025-11-09T16:02:36","modified_gmt":"2025-11-09T14:02:36","slug":"sportovy-overal-hnedy-bezsvovy","status":"publish","type":"product","link":"https:\/\/staging6.peach-pump.com\/sk\/products\/sportovy-overal-hnedy-bezsvovy\/","title":{"rendered":"Bez\u0161vov\u00fd tmavohned\u00fd \u0161portov\u00fd overal"},"content":{"rendered":"<p>Hned\u00fd \u0161portov\u00fd overal, bez \u0161vov, vyroben\u00fd z elastickej tkaniny, ktor\u00e1 dokonale prilieha k telu. Model m\u00e1 nastavite\u013en\u00e9 ramienka na chrbte, vy\u0161\u0161\u00ed p\u00e1s, v zadnej \u010dasti , \u010do poskytuje pohodlie po\u010das cvi\u010denia. M\u00e1 vypch\u00e1vky so zdv\u00edhac\u00edm efektom, ktor\u00e9 fixuj\u00fa poprsie a kr\u00e1sne stoj\u00ed bez podprsenky. P\u00e1s overalu je ripstopov\u00fd , ktor\u00fd vyp\u00edna a modeluje. Leg\u00edny maj\u00fa peachy efekt a perfektne tvaruj\u00fa. Je k dispoz\u00edcii v \u010fal\u0161\u00edch dvoch sez\u00f3nnych farb\u00e1ch.     <\/p>\n<ul>\n<li>Bez\u0161vov\u00e1 tkanina<\/li>\n<li>Nastavite\u013en\u00e9 ramienka<\/li>\n<li>Vypch\u00e1vky s Push-Up efektom<\/li>\n<li>Ripstopov\u00fd p\u00e1s, uprav\u00ed a vytvaruje<\/li>\n<li>Peachy efekt<\/li>\n<li>Tepelne vytla\u010den\u00e9 logo Peach Pump na boku a na zadnej strane overalu<\/li>\n<\/ul>\n<p>Zlo\u017eenie: 80% polyester, 20% spandex.<\/p>\n<p>Modelka na obr\u00e1zku je vysok\u00e1 164 cm, v\u00e1\u017ei 52 kg a p\u00f3zuje vo ve\u013ekosti S.<\/p>\n<p>Kombin\u00e9zu je mo\u017en\u00e9 pra\u0165 pri teplote do 30 stup\u0148ov, pros\u00edm, nebie\u013ete ani ne\u010distite chemicky.<\/p>\n<p>Na v\u00fdber presnej ve\u013ekosti pou\u017eite tabu\u013eky.<\/p>\n<p>&nbsp;<\/p>\n","protected":false},"excerpt":{"rendered":"<p>Hned\u00fd \u0161portov\u00fd overal, bez \u0161vov, vyroben\u00fd z elastickej tkaniny, ktor\u00e1 dokonale prilieha k telu. Model m\u00e1 nastavite\u013en\u00e9 ramienka na chrbte, vy\u0161\u0161\u00ed p\u00e1s, v zadnej \u010dasti , \u010do poskytuje pohodlie po\u010das cvi\u010denia. M\u00e1 vypch\u00e1vky so zdv\u00edhac\u00edm efektom, ktor\u00e9 fixuj\u00fa poprsie a kr\u00e1sne stoj\u00ed bez podprsenky. P\u00e1s overalu je ripstopov\u00fd , ktor\u00fd vyp\u00edna a modeluje. Leg\u00edny maj\u00fa [&hellip;]<\/p>\n","protected":false},"featured_media":90487,"comment_status":"open","ping_status":"closed","template":"","meta":[],"product_brand":[],"product_cat":[1129,372,374],"product_tag":[],"class_list":{"0":"post-90769","1":"product","2":"type-product","3":"status-publish","4":"has-post-thumbnail","6":"product_cat-damske-sportove-overaly","7":"product_cat-sportov-sety","8":"product_cat-sportove-supravy-s-leginami","9":"pa_cviat-hneda-sk","10":"pa_razmer-l-sk","11":"pa_razmer-m-sk-2","12":"pa_razmer-s-sk-2","13":"inventories-world","14":"inventories-uk","16":"first","17":"instock","18":"taxable","19":"shipping-taxable","20":"purchasable","21":"product-type-variable"},"_links":{"self":[{"href":"https:\/\/staging6.peach-pump.com\/sk\/wp-json\/wp\/v2\/product\/90769","targetHints":{"allow":["GET"]}}],"collection":[{"href":"https:\/\/staging6.peach-pump.com\/sk\/wp-json\/wp\/v2\/product"}],"about":[{"href":"https:\/\/staging6.peach-pump.com\/sk\/wp-json\/wp\/v2\/types\/product"}],"replies":[{"embeddable":true,"href":"https:\/\/staging6.peach-pump.com\/sk\/wp-json\/wp\/v2\/comments?post=90769"}],"version-history":[{"count":0,"href":"https:\/\/staging6.peach-pump.com\/sk\/wp-json\/wp\/v2\/product\/90769\/revisions"}],"wp:featuredmedia":[{"embeddable":true,"href":"https:\/\/staging6.peach-pump.com\/sk\/wp-json\/wp\/v2\/media\/90487"}],"wp:attachment":[{"href":"https:\/\/staging6.peach-pump.com\/sk\/wp-json\/wp\/v2\/media?parent=90769"}],"wp:term":[{"taxonomy":"product_brand","embeddable":true,"href":"https:\/\/staging6.peach-pump.com\/sk\/wp-json\/wp\/v2\/product_brand?post=90769"},{"taxonomy":"product_cat","embeddable":true,"href":"https:\/\/staging6.peach-pump.com\/sk\/wp-json\/wp\/v2\/product_cat?post=90769"},{"taxonomy":"product_tag","embeddable":true,"href":"https:\/\/staging6.peach-pump.com\/sk\/wp-json\/wp\/v2\/product_tag?post=90769"}],"curies":[{"name":"wp","href":"https:\/\/api.w.org\/{rel}","templated":true}]}}