{"id":93368,"date":"2024-11-02T22:49:09","date_gmt":"2024-11-02T20:49:09","guid":{"rendered":"https:\/\/staging6.peach-pump.com\/products\/hnede-bezsvove-leginy-nizky-pas\/"},"modified":"2025-11-08T22:27:34","modified_gmt":"2025-11-08T20:27:34","slug":"hnede-bezsvove-leginy-nizky-pas","status":"publish","type":"product","link":"https:\/\/staging6.peach-pump.com\/sk\/products\/hnede-bezsvove-leginy-nizky-pas\/","title":{"rendered":"Hned\u00e9 bez\u0161vov\u00e9 leg\u00edny s n\u00edzkym p\u00e1som"},"content":{"rendered":"<p>Hned\u00e9 bez\u0161vov\u00e9 leg\u00edny vytvoren\u00e9 z hrubej, bez\u0161vovej, elastickej a na dotyk jemnej tkaniny. Tento model dokonale tvaruje telo m\u00e1 ni\u017e\u0161\u00ed p\u00e1s. Tkanina leg\u00edn zakr\u00fdva problematick\u00e9 partie, odv\u00e1dza vlhkos\u0165 od tela a tvaruje brosky\u0148ov\u00fd zado\u010dek pre kr\u00e1snu a p\u00f4vabn\u00fa siluetu.   S t\u00fdmto modelom sa budete c\u00edti\u0165 pohodlne a sebaisto. Leg\u00edny m\u00f4\u017eete zladi\u0165 s podprsenkou v rovnakom vzore alebo si m\u00f4\u017eete vytvori\u0165 svoj vlastn\u00fd \u0161portov\u00fd outfit, ktor\u00fd bude v\u00fdrazn\u00fd a odli\u0161n\u00fd v\u010faka na\u0161ej \u0161irokej kolekcii mik\u00edn, \u0161portov\u00fdch podprseniek a doplnkov.<\/p>\n<ul>\n<li>N\u00edzky p\u00e1s<\/li>\n<li>Bez\u0161vov\u00e1 tkanina<\/li>\n<li>Zdv\u00edhaj\u00fa, tvaruj\u00fa, zakr\u00fdvaj\u00fa probl\u00e9mov\u00e9 partie<\/li>\n<li>Opasok obop\u00ednaj\u00faci p\u00e1s<\/li>\n<li>Peachy efekt<\/li>\n<li>Bez\u0161vov\u00e9 vpredu<\/li>\n<li>Tepelne vytla\u010den\u00e9 Peach Pump logo na zadnej strane leg\u00edn<\/li>\n<li>Logo Peach Pump na stehne<\/li>\n<li>Tkanina, ktor\u00e1 odv\u00e1dza vlhkos\u0165 od tela<\/li>\n<\/ul>\n<p>Zlo\u017eenie: 80% polyester, 20% spandex<\/p>\n<p>Leg\u00edny je mo\u017en\u00e9 pra\u0165 pri teplote do 30 \u00b0C. Nepou\u017e\u00edva\u0165 bielenie alebo chemick\u00e9 \u010distenie.<\/p>\n<p>Modelka na obr\u00e1zku je vysok\u00e1 162 cm, v\u00e1\u017ei 51 kg a p\u00f3zuje vo ve\u013ekosti S.<\/p>\n<p>Na v\u00fdber presnej ve\u013ekosti pou\u017eite tabu\u013eky.<\/p>\n","protected":false},"excerpt":{"rendered":"<p>Hned\u00e9 bez\u0161vov\u00e9 leg\u00edny vytvoren\u00e9 z hrubej, bez\u0161vovej, elastickej a na dotyk jemnej tkaniny. Tento model dokonale tvaruje telo m\u00e1 ni\u017e\u0161\u00ed p\u00e1s. Tkanina leg\u00edn zakr\u00fdva problematick\u00e9 partie, odv\u00e1dza vlhkos\u0165 od tela a tvaruje brosky\u0148ov\u00fd zado\u010dek pre kr\u00e1snu a p\u00f4vabn\u00fa siluetu. S t\u00fdmto modelom sa budete c\u00edti\u0165 pohodlne a sebaisto. Leg\u00edny m\u00f4\u017eete zladi\u0165 s podprsenkou v rovnakom [&hellip;]<\/p>\n","protected":false},"featured_media":92479,"comment_status":"open","ping_status":"closed","template":"","meta":[],"product_brand":[],"product_cat":[313,148],"product_tag":[],"class_list":{"0":"post-93368","1":"product","2":"type-product","3":"status-publish","4":"has-post-thumbnail","6":"product_cat-damske-leginy-dlhe","7":"product_cat-damske-sportove-leginy","8":"pa_cviat-hneda-sk","9":"pa_razmer-l-sk","10":"pa_razmer-m-sk-2","11":"pa_razmer-s-sk-2","12":"pa_razmer-xl-sk","13":"inventories-world","14":"inventories-uk","16":"first","17":"instock","18":"taxable","19":"shipping-taxable","20":"purchasable","21":"product-type-variable"},"_links":{"self":[{"href":"https:\/\/staging6.peach-pump.com\/sk\/wp-json\/wp\/v2\/product\/93368","targetHints":{"allow":["GET"]}}],"collection":[{"href":"https:\/\/staging6.peach-pump.com\/sk\/wp-json\/wp\/v2\/product"}],"about":[{"href":"https:\/\/staging6.peach-pump.com\/sk\/wp-json\/wp\/v2\/types\/product"}],"replies":[{"embeddable":true,"href":"https:\/\/staging6.peach-pump.com\/sk\/wp-json\/wp\/v2\/comments?post=93368"}],"version-history":[{"count":0,"href":"https:\/\/staging6.peach-pump.com\/sk\/wp-json\/wp\/v2\/product\/93368\/revisions"}],"wp:featuredmedia":[{"embeddable":true,"href":"https:\/\/staging6.peach-pump.com\/sk\/wp-json\/wp\/v2\/media\/92479"}],"wp:attachment":[{"href":"https:\/\/staging6.peach-pump.com\/sk\/wp-json\/wp\/v2\/media?parent=93368"}],"wp:term":[{"taxonomy":"product_brand","embeddable":true,"href":"https:\/\/staging6.peach-pump.com\/sk\/wp-json\/wp\/v2\/product_brand?post=93368"},{"taxonomy":"product_cat","embeddable":true,"href":"https:\/\/staging6.peach-pump.com\/sk\/wp-json\/wp\/v2\/product_cat?post=93368"},{"taxonomy":"product_tag","embeddable":true,"href":"https:\/\/staging6.peach-pump.com\/sk\/wp-json\/wp\/v2\/product_tag?post=93368"}],"curies":[{"name":"wp","href":"https:\/\/api.w.org\/{rel}","templated":true}]}}