{"id":93397,"date":"2024-11-01T22:21:39","date_gmt":"2024-11-01T20:21:39","guid":{"rendered":"https:\/\/staging6.peach-pump.com\/products\/hneda-sportova-suprava-obratene-svy\/"},"modified":"2025-10-26T23:41:40","modified_gmt":"2025-10-26T21:41:40","slug":"hneda-sportova-suprava-obratene-svy","status":"publish","type":"product","link":"https:\/\/staging6.peach-pump.com\/sk\/products\/hneda-sportova-suprava-obratene-svy\/","title":{"rendered":"Hned\u00e1 \u0161portov\u00e1 s\u00faprava s 3D obr\u00e1ten\u00fdmi \u0161vami"},"content":{"rendered":"<p>D\u00e1mska \u0161portov\u00e1 s\u00faprava hnedej farby &#8211; leg\u00edny a podprsenka, s modern\u00fdmi 3D obr\u00e1ten\u00fdmi \u0161vami. Tkanina leg\u00edn je m\u00e4kk\u00e1 a elastick\u00e1, \u010do poskytuje \u00fapln\u00fa vo\u013enos\u0165 pohybu a pohodlie po\u010das \u0161portovania. Guma leg\u00edn je skryt\u00e1, a tak predl\u017euje postavu. Podprsenka m\u00e1 zdv\u00edhacie vypch\u00e1vky, ktor\u00e9 sa daj\u00fa odstr\u00e1ni\u0165, a tenk\u00e9 ramienka. \u0160portov\u00e9 oble\u010denie je k dispoz\u00edcii v troch sez\u00f3nne m\u00f3dnych farb\u00e1ch, bu\u010fte \u0161t\u00fdlov\u00e1 a in\u00e1.    <\/p>\n<p>O podprsenke:<\/p>\n<ul>\n<li>Modern\u00fd dizajn<\/li>\n<li>Elastick\u00e1 tkanina<\/li>\n<li>Ve\u013ekolep\u00e9 3D \u0161vy<\/li>\n<li>Vypch\u00e1vky s Push-Up efektom, ktor\u00e9 sa d\u00e1 odstr\u00e1ni\u0165<\/li>\n<li>Tenk\u00e9 ramienka<\/li>\n<li>Tepelne vytla\u010den\u00e9 logo Peach Pump na boku podprsenky<\/li>\n<li>Tkanina odv\u00e1dzaj\u00faca vlhkos\u0165<\/li>\n<\/ul>\n<p>O leg\u00ednach:<\/p>\n<ul>\n<li>Elastick\u00e1 tkanina<\/li>\n<li>Tepelne vytla\u010den\u00e9 logo Peach Pump na prednej strane leg\u00edn<\/li>\n<li>Ve\u013ekolep\u00e9 3D \u0161vy<\/li>\n<li>Skryt\u00e1 guma v p\u00e1se<\/li>\n<li>Tkanina odv\u00e1dzaj\u00faca vlhkos\u0165<\/li>\n<li>Bez Peachy efektu<\/li>\n<\/ul>\n<p>S\u00fapravu mo\u017eno pra\u0165 na 30 stup\u0148ov, nepou\u017e\u00edvajte bielidl\u00e1 ani chemick\u00e9 \u010distenie.<\/p>\n<p>Modelka na fotografii je vysok\u00e1 178 cm, v\u00e1\u017ei 54 kg a p\u00f3zuje v leg\u00ednach ve\u013ekosti S a podprsenke ve\u013ekosti S.<\/p>\n<p>Na v\u00fdber presnej ve\u013ekosti pou\u017eite tabu\u013eky.<\/p>\n","protected":false},"excerpt":{"rendered":"<p>D\u00e1mska \u0161portov\u00e1 s\u00faprava hnedej farby &#8211; leg\u00edny a podprsenka, s modern\u00fdmi 3D obr\u00e1ten\u00fdmi \u0161vami. Tkanina leg\u00edn je m\u00e4kk\u00e1 a elastick\u00e1, \u010do poskytuje \u00fapln\u00fa vo\u013enos\u0165 pohybu a pohodlie po\u010das \u0161portovania. Guma leg\u00edn je skryt\u00e1, a tak predl\u017euje postavu. Podprsenka m\u00e1 zdv\u00edhacie vypch\u00e1vky, ktor\u00e9 sa daj\u00fa odstr\u00e1ni\u0165, a tenk\u00e9 ramienka. \u0160portov\u00e9 oble\u010denie je k dispoz\u00edcii v troch [&hellip;]<\/p>\n","protected":false},"featured_media":92118,"comment_status":"open","ping_status":"closed","template":"","meta":[],"product_brand":[],"product_cat":[372,374],"product_tag":[],"class_list":{"0":"post-93397","1":"product","2":"type-product","3":"status-publish","4":"has-post-thumbnail","6":"product_cat-sportov-sety","7":"product_cat-sportove-supravy-s-leginami","8":"pa_cviat-hneda-sk","9":"inventories-world","10":"inventories-uk","12":"first","13":"instock","14":"sale","15":"virtual","16":"taxable","17":"purchasable","18":"product-type-yith_bundle"},"_links":{"self":[{"href":"https:\/\/staging6.peach-pump.com\/en\/wp-json\/wp\/v2\/product\/93397","targetHints":{"allow":["GET"]}}],"collection":[{"href":"https:\/\/staging6.peach-pump.com\/en\/wp-json\/wp\/v2\/product"}],"about":[{"href":"https:\/\/staging6.peach-pump.com\/en\/wp-json\/wp\/v2\/types\/product"}],"replies":[{"embeddable":true,"href":"https:\/\/staging6.peach-pump.com\/en\/wp-json\/wp\/v2\/comments?post=93397"}],"version-history":[{"count":0,"href":"https:\/\/staging6.peach-pump.com\/en\/wp-json\/wp\/v2\/product\/93397\/revisions"}],"wp:featuredmedia":[{"embeddable":true,"href":"https:\/\/staging6.peach-pump.com\/en\/wp-json\/wp\/v2\/media\/92118"}],"wp:attachment":[{"href":"https:\/\/staging6.peach-pump.com\/en\/wp-json\/wp\/v2\/media?parent=93397"}],"wp:term":[{"taxonomy":"product_brand","embeddable":true,"href":"https:\/\/staging6.peach-pump.com\/en\/wp-json\/wp\/v2\/product_brand?post=93397"},{"taxonomy":"product_cat","embeddable":true,"href":"https:\/\/staging6.peach-pump.com\/en\/wp-json\/wp\/v2\/product_cat?post=93397"},{"taxonomy":"product_tag","embeddable":true,"href":"https:\/\/staging6.peach-pump.com\/en\/wp-json\/wp\/v2\/product_tag?post=93397"}],"curies":[{"name":"wp","href":"https:\/\/api.w.org\/{rel}","templated":true}]}}