{"id":96139,"date":"2024-11-17T20:58:39","date_gmt":"2024-11-17T18:58:39","guid":{"rendered":"https:\/\/staging6.peach-pump.com\/products\/cierne-sportove-leginy-ciste\/"},"modified":"2025-10-27T23:50:59","modified_gmt":"2025-10-27T21:50:59","slug":"cierne-sportove-leginy-ciste","status":"publish","type":"product","link":"https:\/\/staging6.peach-pump.com\/sk\/products\/cierne-sportove-leginy-ciste\/","title":{"rendered":"\u010cierne \u0161portov\u00e9 leg\u00edny s \u010dist\u00fdm dizajnom"},"content":{"rendered":"<p>\u010cierne \u0161portov\u00e9 leg\u00edny s \u010dist\u00fdm dizajnom, bez tvaruj\u00faceho efektu. Model nem\u00e1 vpredu \u0161ev, ktor\u00fd uprednost\u0148uje v\u00e4\u010d\u0161ina d\u00e1m a m\u00e1 zosilnen\u00fd \u0161ev v zadnej \u010dasti leg\u00edn. Elastick\u00fd materi\u00e1l, ktor\u00fd tvaruje telo, a \u0161irok\u00fd p\u00e1s, ktor\u00fd zv\u00fdraz\u0148uje p\u00e1s. V zadnej \u010dasti je 3D logo a n\u00e1pis na \u010dlenku. \u0160vy na leg\u00ednach s\u00fa ploch\u00e9 a nesp\u00f4sobuj\u00fa podr\u00e1\u017edenie. S\u00fa vhodn\u00e9 na silov\u00fd alebo aer\u00f3bny tr\u00e9ning, nezadr\u017eiavaj\u00fa vlhkos\u0165 v tele. Mo\u017eno kombinova\u0165 s kr\u00e1tkym tri\u010dkom v s\u00faprave , ktor\u00e9 je vyroben\u00e9 z rovnakej l\u00e1tky.      <\/p>\n<ul>\n<li>Elastick\u00e1 tkanina, pleten\u00e1<\/li>\n<li>Ploch\u00e9 \u0161vy<\/li>\n<li>Bez\u0161vov\u00e9 vpredu<\/li>\n<li>Zosilnen\u00fd \u0161ev na zadnej strane leg\u00edn<\/li>\n<li>\u0160irok\u00fd opasok zv\u00fdraz\u0148uj\u00faci p\u00e1s<\/li>\n<li>3D logo &#8220;Peach Pump&#8221; na zadnej strane leg\u00edn a n\u00e1pis na \u010dlenku<\/li>\n<li>Tkanina, ktor\u00e1 nezadr\u017eiava vlhkos\u0165 v tele<\/li>\n<\/ul>\n<p>Zlo\u017eenie: spandex a polyester. Leg\u00edny mo\u017eno pra\u0165 pri teplote do 30 stup\u0148ov, pros\u00edm, nebie\u013ete, nesu\u0161te v bubnovej su\u0161i\u010dke ani ne\u010distite chemicky. Modelka na obr\u00e1zku je vysok\u00e1 170 cm, v\u00e1\u017ei 54 kg a p\u00f3zuje vo ve\u013ekosti S.<\/p>\n<p>Na v\u00fdber presnej ve\u013ekosti pou\u017eite tabu\u013eky.<\/p>\n","protected":false},"excerpt":{"rendered":"<p>\u010cierne \u0161portov\u00e9 leg\u00edny s \u010dist\u00fdm dizajnom, bez tvaruj\u00faceho efektu. Model nem\u00e1 vpredu \u0161ev, ktor\u00fd uprednost\u0148uje v\u00e4\u010d\u0161ina d\u00e1m a m\u00e1 zosilnen\u00fd \u0161ev v zadnej \u010dasti leg\u00edn. Elastick\u00fd materi\u00e1l, ktor\u00fd tvaruje telo, a \u0161irok\u00fd p\u00e1s, ktor\u00fd zv\u00fdraz\u0148uje p\u00e1s. V zadnej \u010dasti je 3D logo a n\u00e1pis na \u010dlenku. \u0160vy na leg\u00ednach s\u00fa ploch\u00e9 a nesp\u00f4sobuj\u00fa podr\u00e1\u017edenie. S\u00fa [&hellip;]<\/p>\n","protected":false},"featured_media":95020,"comment_status":"open","ping_status":"closed","template":"","meta":[],"product_brand":[],"product_cat":[313,148],"product_tag":[],"class_list":{"0":"post-96139","1":"product","2":"type-product","3":"status-publish","4":"has-post-thumbnail","6":"product_cat-damske-leginy-dlhe","7":"product_cat-damske-sportove-leginy","8":"pa_cviat-cierne","9":"pa_razmer-l-sk","10":"pa_razmer-m-sk-2","11":"pa_razmer-s-sk-2","12":"pa_razmer-xl-sk","13":"inventories-world","14":"inventories-uk","16":"first","17":"instock","18":"taxable","19":"shipping-taxable","20":"purchasable","21":"product-type-variable"},"_links":{"self":[{"href":"https:\/\/staging6.peach-pump.com\/sk\/wp-json\/wp\/v2\/product\/96139","targetHints":{"allow":["GET"]}}],"collection":[{"href":"https:\/\/staging6.peach-pump.com\/sk\/wp-json\/wp\/v2\/product"}],"about":[{"href":"https:\/\/staging6.peach-pump.com\/sk\/wp-json\/wp\/v2\/types\/product"}],"replies":[{"embeddable":true,"href":"https:\/\/staging6.peach-pump.com\/sk\/wp-json\/wp\/v2\/comments?post=96139"}],"version-history":[{"count":0,"href":"https:\/\/staging6.peach-pump.com\/sk\/wp-json\/wp\/v2\/product\/96139\/revisions"}],"wp:featuredmedia":[{"embeddable":true,"href":"https:\/\/staging6.peach-pump.com\/sk\/wp-json\/wp\/v2\/media\/95020"}],"wp:attachment":[{"href":"https:\/\/staging6.peach-pump.com\/sk\/wp-json\/wp\/v2\/media?parent=96139"}],"wp:term":[{"taxonomy":"product_brand","embeddable":true,"href":"https:\/\/staging6.peach-pump.com\/sk\/wp-json\/wp\/v2\/product_brand?post=96139"},{"taxonomy":"product_cat","embeddable":true,"href":"https:\/\/staging6.peach-pump.com\/sk\/wp-json\/wp\/v2\/product_cat?post=96139"},{"taxonomy":"product_tag","embeddable":true,"href":"https:\/\/staging6.peach-pump.com\/sk\/wp-json\/wp\/v2\/product_tag?post=96139"}],"curies":[{"name":"wp","href":"https:\/\/api.w.org\/{rel}","templated":true}]}}