{"id":96162,"date":"2024-11-17T20:11:09","date_gmt":"2024-11-17T18:11:09","guid":{"rendered":"https:\/\/staging6.peach-pump.com\/products\/cierne-sportove-tricko-vysoky-golier\/"},"modified":"2025-11-04T17:08:35","modified_gmt":"2025-11-04T15:08:35","slug":"cierne-sportove-tricko-vysoky-golier","status":"publish","type":"product","link":"https:\/\/staging6.peach-pump.com\/sk\/products\/cierne-sportove-tricko-vysoky-golier\/","title":{"rendered":"\u010cierne \u0161portov\u00e9 tri\u010dko s vysok\u00fdm golierom"},"content":{"rendered":"<p>\u010cierne \u0161portov\u00e9 tri\u010dko s vysok\u00fdm golierom a kr\u00e1tkymi ruk\u00e1vmi na tele. Tri\u010dko je vyroben\u00e9 z ve\u013emi \u013eahkej a pru\u017enej tkaniny, ktor\u00e1 nezadr\u017eiava vlhkos\u0165 v tele. M\u00e1 efektn\u00fd strih, ktor\u00fd opticky zmen\u0161uje p\u00e1s, a tepelne uzavret\u00e9 logo &#8220;Peach Pump&#8221; v prednej spodnej \u010dasti bl\u00fazky. Model je vhodn\u00fd na fitness, beh, aer\u00f3bne cvi\u010denie alebo prech\u00e1dzku v parku. \u013dahk\u00e1 tkanina tri\u010dka hlad\u00ed telo a vytv\u00e1ra pocit \u00faplnej vo\u013enosti pohybu. V\u00fdborne sa kombinuje so v\u0161etk\u00fdmi na\u0161imi leg\u00ednami a pre\u010do nie aj s d\u017e\u00ednsami.     <\/p>\n<ul>\n<li>\u013dahk\u00e1 tkanina<\/li>\n<li>Ve\u013ek\u00e1 pru\u017enos\u0165<\/li>\n<li>Strih na telo<\/li>\n<li>Tepelne vytla\u010den\u00e9 logo &#8220;Peach Pump&#8221; v prednej \u010dasti tri\u010dka<\/li>\n<li>Tkanina, ktor\u00e1 nezadr\u017eiava vlhkos\u0165 v tele<\/li>\n<\/ul>\n<p>Zlo\u017eenie: spandex a polyester. Tri\u010dko mo\u017eno pra\u0165 pri teplote do 30 stup\u0148ov, pros\u00edm, nebie\u013ete, nesu\u0161te v su\u0161i\u010dke ani chemicky ne\u010distite. Modelka na fotografii je vysok\u00e1 170 cm, v\u00e1\u017ei 54 kg a p\u00f3zuje vo ve\u013ekosti S.<\/p>\n<p>Na v\u00fdber presnej ve\u013ekosti pou\u017eite tabu\u013eky.<\/p>\n<p>&nbsp;<\/p>\n","protected":false},"excerpt":{"rendered":"<p>\u010cierne \u0161portov\u00e9 tri\u010dko s vysok\u00fdm golierom a kr\u00e1tkymi ruk\u00e1vmi na tele. Tri\u010dko je vyroben\u00e9 z ve\u013emi \u013eahkej a pru\u017enej tkaniny, ktor\u00e1 nezadr\u017eiava vlhkos\u0165 v tele. M\u00e1 efektn\u00fd strih, ktor\u00fd opticky zmen\u0161uje p\u00e1s, a tepelne uzavret\u00e9 logo &#8220;Peach Pump&#8221; v prednej spodnej \u010dasti bl\u00fazky. Model je vhodn\u00fd na fitness, beh, aer\u00f3bne cvi\u010denie alebo prech\u00e1dzku v parku. [&hellip;]<\/p>\n","protected":false},"featured_media":95519,"comment_status":"open","ping_status":"closed","template":"","meta":[],"product_brand":[],"product_cat":[370],"product_tag":[],"class_list":{"0":"post-96162","1":"product","2":"type-product","3":"status-publish","4":"has-post-thumbnail","6":"product_cat-damske-sportove-bluzky","7":"pa_cviat-cierne","8":"pa_razmer-l-sk","9":"pa_razmer-m-sk-2","10":"pa_razmer-s-sk-2","11":"inventories-world","12":"inventories-uk","14":"first","15":"instock","16":"taxable","17":"shipping-taxable","18":"purchasable","19":"product-type-variable"},"_links":{"self":[{"href":"https:\/\/staging6.peach-pump.com\/en\/wp-json\/wp\/v2\/product\/96162","targetHints":{"allow":["GET"]}}],"collection":[{"href":"https:\/\/staging6.peach-pump.com\/en\/wp-json\/wp\/v2\/product"}],"about":[{"href":"https:\/\/staging6.peach-pump.com\/en\/wp-json\/wp\/v2\/types\/product"}],"replies":[{"embeddable":true,"href":"https:\/\/staging6.peach-pump.com\/en\/wp-json\/wp\/v2\/comments?post=96162"}],"version-history":[{"count":0,"href":"https:\/\/staging6.peach-pump.com\/en\/wp-json\/wp\/v2\/product\/96162\/revisions"}],"wp:featuredmedia":[{"embeddable":true,"href":"https:\/\/staging6.peach-pump.com\/en\/wp-json\/wp\/v2\/media\/95519"}],"wp:attachment":[{"href":"https:\/\/staging6.peach-pump.com\/en\/wp-json\/wp\/v2\/media?parent=96162"}],"wp:term":[{"taxonomy":"product_brand","embeddable":true,"href":"https:\/\/staging6.peach-pump.com\/en\/wp-json\/wp\/v2\/product_brand?post=96162"},{"taxonomy":"product_cat","embeddable":true,"href":"https:\/\/staging6.peach-pump.com\/en\/wp-json\/wp\/v2\/product_cat?post=96162"},{"taxonomy":"product_tag","embeddable":true,"href":"https:\/\/staging6.peach-pump.com\/en\/wp-json\/wp\/v2\/product_tag?post=96162"}],"curies":[{"name":"wp","href":"https:\/\/api.w.org\/{rel}","templated":true}]}}