{"id":96415,"date":"2024-11-17T20:16:29","date_gmt":"2024-11-17T18:16:29","guid":{"rendered":"https:\/\/staging6.peach-pump.com\/products\/cierne-sportove-tricko-s-dlhym-rukavom\/"},"modified":"2025-11-08T17:12:55","modified_gmt":"2025-11-08T15:12:55","slug":"cierne-sportove-tricko-s-dlhym-rukavom","status":"publish","type":"product","link":"https:\/\/staging6.peach-pump.com\/sk\/products\/cierne-sportove-tricko-s-dlhym-rukavom\/","title":{"rendered":"\u010cierne \u0161portov\u00e9 tri\u010dko pri\u013eahl\u00e9 po tele s dlh\u00fdm ruk\u00e1vom"},"content":{"rendered":"<p>\u010cierne \u0161portov\u00e9 tri\u010dko pri\u013eahl\u00e9 po tele s dlh\u00fdm ruk\u00e1vom z elastick\u00e9ho, \u013eahk\u00e9ho materi\u00e1lu. Tento model m\u00e1 dlh\u0161\u00ed strih, ve\u013emi \u013eahk\u00fa a na dotyk jemn\u00fa tkaninu, ktor\u00e1 nezadr\u017eiava vlhkos\u0165 v tele. Vhodn\u00e1 na fitness, beh, aer\u00f3bne cvi\u010denie alebo prech\u00e1dzku v parku. V prednej \u010dasti s\u00fa dva \u0161vy, ktor\u00e9 ved\u00fa po d\u013a\u017eke p\u00e1su a opticky ho zmen\u0161uj\u00fa. Tri\u010dko m\u00e1 na ramene tepelne vytla\u010den\u00e9 logo &#8220;Peach Pump&#8221;. Perfektne sa kombinuje so v\u0161etk\u00fdmi na\u0161imi leg\u00ednami.     <\/p>\n<ul>\n<li>\u013dahk\u00e1 tkanina<\/li>\n<li>Ve\u013ek\u00e1 pru\u017enos\u0165<\/li>\n<li>Dlh\u00fd strih<\/li>\n<li>Perfektne sed\u00ed na tele<\/li>\n<li>Tepelne vytla\u010den\u00e9 logo &#8220;Peach Pump&#8221; na ramene<\/li>\n<li>Tkanina, ktor\u00e1 nezadr\u017eiava vlhkos\u0165 v tele<\/li>\n<\/ul>\n<p>Zlo\u017eenie: spandex a polyester. Tri\u010dko mo\u017eno pra\u0165 pri teplote do 30 stup\u0148ov, pros\u00edm, nebie\u013ete, nesu\u0161te v su\u0161i\u010dke ani chemicky ne\u010distite. Modelka na fotografii je vysok\u00e1 170 cm, v\u00e1\u017ei 54 kg a p\u00f3zuje vo ve\u013ekosti S.<\/p>\n<p>Na v\u00fdber presnej ve\u013ekosti pou\u017eite tabu\u013eky.<\/p>\n<p>&nbsp;<\/p>\n","protected":false},"excerpt":{"rendered":"<p>\u010cierne \u0161portov\u00e9 tri\u010dko pri\u013eahl\u00e9 po tele s dlh\u00fdm ruk\u00e1vom z elastick\u00e9ho, \u013eahk\u00e9ho materi\u00e1lu. Tento model m\u00e1 dlh\u0161\u00ed strih, ve\u013emi \u013eahk\u00fa a na dotyk jemn\u00fa tkaninu, ktor\u00e1 nezadr\u017eiava vlhkos\u0165 v tele. Vhodn\u00e1 na fitness, beh, aer\u00f3bne cvi\u010denie alebo prech\u00e1dzku v parku. V prednej \u010dasti s\u00fa dva \u0161vy, ktor\u00e9 ved\u00fa po d\u013a\u017eke p\u00e1su a opticky ho zmen\u0161uj\u00fa. [&hellip;]<\/p>\n","protected":false},"featured_media":95905,"comment_status":"open","ping_status":"closed","template":"","meta":[],"product_brand":[],"product_cat":[370],"product_tag":[],"class_list":{"0":"post-96415","1":"product","2":"type-product","3":"status-publish","4":"has-post-thumbnail","6":"product_cat-damske-sportove-bluzky","7":"pa_cviat-cierne","8":"pa_razmer-l-sk","9":"pa_razmer-m-sk-2","10":"pa_razmer-s-sk-2","11":"inventories-world","12":"inventories-uk","14":"first","15":"instock","16":"taxable","17":"shipping-taxable","18":"purchasable","19":"product-type-variable"},"_links":{"self":[{"href":"https:\/\/staging6.peach-pump.com\/sk\/wp-json\/wp\/v2\/product\/96415","targetHints":{"allow":["GET"]}}],"collection":[{"href":"https:\/\/staging6.peach-pump.com\/sk\/wp-json\/wp\/v2\/product"}],"about":[{"href":"https:\/\/staging6.peach-pump.com\/sk\/wp-json\/wp\/v2\/types\/product"}],"replies":[{"embeddable":true,"href":"https:\/\/staging6.peach-pump.com\/sk\/wp-json\/wp\/v2\/comments?post=96415"}],"version-history":[{"count":0,"href":"https:\/\/staging6.peach-pump.com\/sk\/wp-json\/wp\/v2\/product\/96415\/revisions"}],"wp:featuredmedia":[{"embeddable":true,"href":"https:\/\/staging6.peach-pump.com\/sk\/wp-json\/wp\/v2\/media\/95905"}],"wp:attachment":[{"href":"https:\/\/staging6.peach-pump.com\/sk\/wp-json\/wp\/v2\/media?parent=96415"}],"wp:term":[{"taxonomy":"product_brand","embeddable":true,"href":"https:\/\/staging6.peach-pump.com\/sk\/wp-json\/wp\/v2\/product_brand?post=96415"},{"taxonomy":"product_cat","embeddable":true,"href":"https:\/\/staging6.peach-pump.com\/sk\/wp-json\/wp\/v2\/product_cat?post=96415"},{"taxonomy":"product_tag","embeddable":true,"href":"https:\/\/staging6.peach-pump.com\/sk\/wp-json\/wp\/v2\/product_tag?post=96415"}],"curies":[{"name":"wp","href":"https:\/\/api.w.org\/{rel}","templated":true}]}}