{"id":98628,"date":"2024-11-17T21:03:53","date_gmt":"2024-11-17T19:03:53","guid":{"rendered":"https:\/\/staging6.peach-pump.com\/products\/cierny-overal-jedno-ramienko\/"},"modified":"2025-11-10T17:02:29","modified_gmt":"2025-11-10T15:02:29","slug":"cierny-overal-jedno-ramienko","status":"publish","type":"product","link":"https:\/\/staging6.peach-pump.com\/sk\/products\/cierny-overal-jedno-ramienko\/","title":{"rendered":"\u010cierny overal s jedn\u00fdm ramienkom"},"content":{"rendered":"<p>\u0160portov\u00fd \u010dierny overal pri\u013eahl\u00fd po tele s jedn\u00fdm ramienkom. Model je mimoriadne pohodln\u00fd a efektn\u00fd m\u00e1 vypch\u00e1vky so zdv\u00edhac\u00edm efektom, ktor\u00e9 sa daj\u00fa odstr\u00e1ni\u0165. Vrchn\u00fd diel m\u00e1 jedno ramienko a rozparky v p\u00e1se, v\u010faka \u010domu je ve\u013emi sexy, je lemovan\u00fd bielym lemovan\u00edm a m\u00e1 tepelne vytla\u010den\u00e9 , mal\u00e9 logo &#8220;Peach Pump&#8221;. Spodn\u00fd diel je bez \u0161vu v prednej \u010dasti , \u010do d\u00e1my uprednost\u0148uj\u00fa, m\u00e1 \u0161irok\u00fa gumu s n\u00e1pisom &#8220;Peach Pump&#8221;. Jedine\u010dn\u00fd overal z elastickej l\u00e1tky, s ktor\u00fdm nem\u00f4\u017eete zosta\u0165 bez pov\u0161imnutia.    <\/p>\n<ul>\n<li>Jedno ramienko<\/li>\n<li>Vypch\u00e1vky so zdv\u00edhac\u00edm efektom<\/li>\n<li>Otvory v p\u00e1se<\/li>\n<li>Biele lemovanie<\/li>\n<li>Ploch\u00e9 \u0161vy, ktor\u00e9 nesp\u00f4sobuj\u00fa podr\u00e1\u017edenie<\/li>\n<li>Elastick\u00e1 tkanina<\/li>\n<li>\u0160irok\u00e1 guma<\/li>\n<li>Tepelne vytla\u010den\u00e9 logo &#8220;Peach Pump&#8221; na prednej spodnej \u010dasti a v p\u00e1se<\/li>\n<li>Tkanina, ktor\u00e1 odv\u00e1dza vlhkos\u0165 od tela<\/li>\n<\/ul>\n<p>Kombin\u00e9zu je mo\u017en\u00e9 pra\u0165 pri teplote do 30 stup\u0148ov, pros\u00edm, nebielte, nesu\u0161te v bubnovej su\u0161i\u010dke ani ne\u010distite chemicky.<\/p>\n<p>Modelka na obr\u00e1zku je vysok\u00e1 178 cm, v\u00e1\u017ei 56 kg a p\u00f3zuje vo ve\u013ekosti S.<\/p>\n<p>Na v\u00fdber presnej ve\u013ekosti pou\u017eite tabu\u013eky.<\/p>\n","protected":false},"excerpt":{"rendered":"<p>\u0160portov\u00fd \u010dierny overal pri\u013eahl\u00fd po tele s jedn\u00fdm ramienkom. Model je mimoriadne pohodln\u00fd a efektn\u00fd m\u00e1 vypch\u00e1vky so zdv\u00edhac\u00edm efektom, ktor\u00e9 sa daj\u00fa odstr\u00e1ni\u0165. Vrchn\u00fd diel m\u00e1 jedno ramienko a rozparky v p\u00e1se, v\u010faka \u010domu je ve\u013emi sexy, je lemovan\u00fd bielym lemovan\u00edm a m\u00e1 tepelne vytla\u010den\u00e9 , mal\u00e9 logo &#8220;Peach Pump&#8221;. Spodn\u00fd diel je bez [&hellip;]<\/p>\n","protected":false},"featured_media":97986,"comment_status":"open","ping_status":"closed","template":"","meta":[],"product_brand":[],"product_cat":[1129,372,374],"product_tag":[],"class_list":{"0":"post-98628","1":"product","2":"type-product","3":"status-publish","4":"has-post-thumbnail","6":"product_cat-damske-sportove-overaly","7":"product_cat-sportov-sety","8":"product_cat-sportove-supravy-s-leginami","9":"pa_cviat-cierne","10":"pa_razmer-l-sk","11":"pa_razmer-m-sk-2","12":"pa_razmer-s-sk-2","13":"inventories-world","14":"inventories-uk","16":"first","17":"instock","18":"taxable","19":"shipping-taxable","20":"purchasable","21":"product-type-variable"},"_links":{"self":[{"href":"https:\/\/staging6.peach-pump.com\/en\/wp-json\/wp\/v2\/product\/98628","targetHints":{"allow":["GET"]}}],"collection":[{"href":"https:\/\/staging6.peach-pump.com\/en\/wp-json\/wp\/v2\/product"}],"about":[{"href":"https:\/\/staging6.peach-pump.com\/en\/wp-json\/wp\/v2\/types\/product"}],"replies":[{"embeddable":true,"href":"https:\/\/staging6.peach-pump.com\/en\/wp-json\/wp\/v2\/comments?post=98628"}],"version-history":[{"count":0,"href":"https:\/\/staging6.peach-pump.com\/en\/wp-json\/wp\/v2\/product\/98628\/revisions"}],"wp:featuredmedia":[{"embeddable":true,"href":"https:\/\/staging6.peach-pump.com\/en\/wp-json\/wp\/v2\/media\/97986"}],"wp:attachment":[{"href":"https:\/\/staging6.peach-pump.com\/en\/wp-json\/wp\/v2\/media?parent=98628"}],"wp:term":[{"taxonomy":"product_brand","embeddable":true,"href":"https:\/\/staging6.peach-pump.com\/en\/wp-json\/wp\/v2\/product_brand?post=98628"},{"taxonomy":"product_cat","embeddable":true,"href":"https:\/\/staging6.peach-pump.com\/en\/wp-json\/wp\/v2\/product_cat?post=98628"},{"taxonomy":"product_tag","embeddable":true,"href":"https:\/\/staging6.peach-pump.com\/en\/wp-json\/wp\/v2\/product_tag?post=98628"}],"curies":[{"name":"wp","href":"https:\/\/api.w.org\/{rel}","templated":true}]}}